{"id":8422,"date":"2024-01-14T07:10:51","date_gmt":"2024-01-14T07:10:51","guid":{"rendered":"https:\/\/heracles.se.185-133-206-116.bb.kringelstan.se\/?page_id=8422"},"modified":"2024-02-23T13:55:16","modified_gmt":"2024-02-23T13:55:16","slug":"dealers","status":"publish","type":"page","link":"https:\/\/heracles.eu\/de\/dealers\/","title":{"rendered":"H\u00e4ndler"},"content":{"rendered":"<div class=\"inner-content-wrap\">\n<div class=\"wp-block-group\"><div class=\"wp-block-group__inner-container is-layout-constrained wp-block-group-is-layout-constrained\">\n<div class=\"wp-block-columns is-layout-flex wp-container-core-columns-is-layout-9d6595d7 wp-block-columns-is-layout-flex\">\n<div class=\"wp-block-column is-layout-flow wp-block-column-is-layout-flow\">\n<h6 class=\"wp-block-heading\">A special thanks to our dealers, the true heroes behind our success. Every day, they go above and beyond to understand and meet the needs of our customers. <\/h6>\n\n\n\n<p>Their commitment and passion for service exceed the ordinary, and they always strive to surpass expectations. <\/p>\n<\/div>\n\n\n\n<div class=\"wp-block-column is-layout-flow wp-block-column-is-layout-flow\">\n<p>As a customer, you can trust that our dealers are ready to assist you with expertise, kindness, and a genuine desire to ensure that you have the best possible experience. We are proud to have a network of dedicated partners who share our vision of quality and customer satisfaction.<\/p>\n<\/div>\n<\/div>\n\n\n\n<div class=\"wp-block-columns is-layout-flex wp-container-core-columns-is-layout-9d6595d7 wp-block-columns-is-layout-flex\">\n<div class=\"wp-block-column is-layout-flow wp-block-column-is-layout-flow\">\n<h3 class=\"wp-block-heading\">Become a dealer<\/h3>\n\n\n<div class=\"wpforms-container wpforms-container-full wpforms-block wpforms-block-ccbd403a-4a36-4934-92f0-704045cbd9a1\" id=\"wpforms-8755\"><form id=\"wpforms-form-8755\" class=\"wpforms-validate wpforms-form\" data-formid=\"8755\" method=\"post\" enctype=\"multipart\/form-data\" action=\"\/de\/wp-json\/wp\/v2\/pages\/8422\" data-token=\"e9b7bc8e1153fb07c921b83c1900c2ec\" data-token-time=\"1778503394\" data-trp-original-action=\"\/de\/wp-json\/wp\/v2\/pages\/8422\"><noscript class=\"wpforms-error-noscript\">Bitte aktivieren Sie JavaScript in Ihrem Browser, um dieses Formular fertigzustellen.<\/noscript><div class=\"wpforms-field-container\"><div id=\"wpforms-8755-field_32-container\" class=\"wpforms-field wpforms-field-html\" data-field-id=\"32\"><div id=\"wpforms-8755-field_32\"><h5>Contact Information:<\/h5><\/div><\/div><div id=\"wpforms-8755-field_28-container\" class=\"wpforms-field wpforms-field-text\" data-field-id=\"28\"><label class=\"wpforms-field-label wpforms-label-hide\" for=\"wpforms-8755-field_28\">Full Name<\/label><input type=\"text\" id=\"wpforms-8755-field_28\" class=\"wpforms-field-large\" name=\"wpforms[fields][28]\" placeholder=\"Full Name\" ><\/div><div id=\"wpforms-8755-field_26-container\" class=\"wpforms-field wpforms-field-email\" data-field-id=\"26\"><label class=\"wpforms-field-label wpforms-label-hide\" for=\"wpforms-8755-field_26\">Email Address <span class=\"wpforms-required-label\">*<\/span><\/label><input type=\"email\" id=\"wpforms-8755-field_26\" class=\"wpforms-field-large wpforms-field-required\" name=\"wpforms[fields][26]\" placeholder=\"Email Address\" spellcheck=\"false\" required><\/div><div id=\"wpforms-8755-field_29-container\" class=\"wpforms-field wpforms-field-text\" data-field-id=\"29\"><label class=\"wpforms-field-label wpforms-label-hide\" for=\"wpforms-8755-field_29\">Phone Number<\/label><input type=\"text\" id=\"wpforms-8755-field_29\" class=\"wpforms-field-large\" name=\"wpforms[fields][29]\" placeholder=\"Phone Number\" ><\/div><div id=\"wpforms-8755-field_33-container\" class=\"wpforms-field wpforms-field-html\" data-field-id=\"33\"><div id=\"wpforms-8755-field_33\"><h5>Location:<\/h5><\/div><\/div><div id=\"wpforms-8755-field_43-container\" class=\"wpforms-field wpforms-field-text\" data-field-id=\"43\"><label class=\"wpforms-field-label wpforms-label-hide\" for=\"wpforms-8755-field_43\">Country<\/label><input type=\"text\" id=\"wpforms-8755-field_43\" class=\"wpforms-field-large\" name=\"wpforms[fields][43]\" placeholder=\"Country\" ><\/div><div id=\"wpforms-8755-field_44-container\" class=\"wpforms-field wpforms-field-text\" data-field-id=\"44\"><label class=\"wpforms-field-label wpforms-label-hide\" for=\"wpforms-8755-field_44\">City\/Region<\/label><input type=\"text\" id=\"wpforms-8755-field_44\" class=\"wpforms-field-large\" name=\"wpforms[fields][44]\" placeholder=\"City\/Region\" ><\/div><div id=\"wpforms-8755-field_34-container\" class=\"wpforms-field wpforms-field-html\" data-field-id=\"34\"><div id=\"wpforms-8755-field_34\"><h5>Business Details:<\/h5><\/div><\/div><div id=\"wpforms-8755-field_36-container\" class=\"wpforms-field wpforms-field-text\" data-field-id=\"36\"><label class=\"wpforms-field-label wpforms-label-hide\" for=\"wpforms-8755-field_36\">Company Name (if applicable)<\/label><input type=\"text\" id=\"wpforms-8755-field_36\" class=\"wpforms-field-large\" name=\"wpforms[fields][36]\" placeholder=\"Company Name (if applicable)\" ><\/div><div id=\"wpforms-8755-field_39-container\" class=\"wpforms-field wpforms-field-radio\" data-field-id=\"39\"><label class=\"wpforms-field-label wpforms-label-hide\">Business Details<\/label><ul id=\"wpforms-8755-field_39\"><li class=\"choice-1 depth-1\"><input type=\"radio\" id=\"wpforms-8755-field_39_1\" name=\"wpforms[fields][39]\" value=\"Individual\"  ><label class=\"wpforms-field-label-inline\" for=\"wpforms-8755-field_39_1\">Individual<\/label><\/li><li class=\"choice-2 depth-1\"><input type=\"radio\" id=\"wpforms-8755-field_39_2\" name=\"wpforms[fields][39]\" value=\"Sole Proprietorship\"  ><label class=\"wpforms-field-label-inline\" for=\"wpforms-8755-field_39_2\">Sole Proprietorship<\/label><\/li><li class=\"choice-4 depth-1\"><input type=\"radio\" id=\"wpforms-8755-field_39_4\" name=\"wpforms[fields][39]\" value=\"Partnership\"  ><label class=\"wpforms-field-label-inline\" for=\"wpforms-8755-field_39_4\">Partnership<\/label><\/li><li class=\"choice-5 depth-1\"><input type=\"radio\" id=\"wpforms-8755-field_39_5\" name=\"wpforms[fields][39]\" value=\"Corporation\"  ><label class=\"wpforms-field-label-inline\" for=\"wpforms-8755-field_39_5\">Corporation<\/label><\/li><\/ul><\/div><div id=\"wpforms-8755-field_40-container\" class=\"wpforms-field wpforms-field-html\" data-field-id=\"40\"><div id=\"wpforms-8755-field_40\"><h5>Experience:<\/h5><\/div><\/div><div id=\"wpforms-8755-field_41-container\" class=\"wpforms-field wpforms-field-radio\" data-field-id=\"41\"><label class=\"wpforms-field-label\">Previous dealership experience<\/label><ul id=\"wpforms-8755-field_41\"><li class=\"choice-1 depth-1\"><input type=\"radio\" id=\"wpforms-8755-field_41_1\" name=\"wpforms[fields][41]\" value=\"Yes\"  ><label class=\"wpforms-field-label-inline\" for=\"wpforms-8755-field_41_1\">Yes<\/label><\/li><li class=\"choice-2 depth-1\"><input type=\"radio\" id=\"wpforms-8755-field_41_2\" name=\"wpforms[fields][41]\" value=\"No\"  ><label class=\"wpforms-field-label-inline\" for=\"wpforms-8755-field_41_2\">No<\/label><\/li><\/ul><\/div><div id=\"wpforms-8755-field_42-container\" class=\"wpforms-field wpforms-field-textarea\" data-field-id=\"42\"><label class=\"wpforms-field-label\" for=\"wpforms-8755-field_42\">Message<\/label><textarea id=\"wpforms-8755-field_42\" class=\"wpforms-field-medium\" name=\"wpforms[fields][42]\" placeholder=\"Additional comments or questions the applicant may have.\" ><\/textarea><\/div><\/div><!-- .wpforms-field-container --><div class=\"wpforms-field wpforms-field-hp\"><label for=\"wpforms-8755-field-hp\" class=\"wpforms-field-label\">E-Mail<\/label><input type=\"text\" name=\"wpforms[hp]\" id=\"wpforms-8755-field-hp\" class=\"wpforms-field-medium\"><\/div><div class=\"wpforms-recaptcha-container wpforms-is-recaptcha wpforms-is-recaptcha-type-invisible\" ><div class=\"g-recaptcha\" data-sitekey=\"6Lc_qRgsAAAAAGQhOP4UcXaa8vTbrMjq4h0syL0O\" data-size=\"invisible\"><\/div><\/div><div class=\"wpforms-submit-container\" ><input type=\"hidden\" name=\"wpforms[id]\" value=\"8755\"><input type=\"hidden\" name=\"page_title\" value=\"\"><input type=\"hidden\" name=\"page_url\" value=\"https:\/\/heracles.eu\/de\/wp-json\/wp\/v2\/pages\/8422\"><input type=\"hidden\" name=\"url_referer\" value=\"\"><button type=\"submit\" name=\"wpforms[submit]\" id=\"wpforms-submit-8755\" class=\"wpforms-submit\" data-alt-text=\"Sending...\" data-submit-text=\"Send\" aria-live=\"assertive\" value=\"wpforms-submit\">Send<\/button><\/div><input type=\"hidden\" name=\"trp-form-language\" value=\"de\"\/><\/form><\/div>  <!-- .wpforms-container --><\/div>\n\n\n\n<div class=\"wp-block-column is-layout-flow wp-block-column-is-layout-flow\"><\/div>\n<\/div>\n<\/div><\/div>\n<\/div>","protected":false},"excerpt":{"rendered":"<p>Ein besonderer Dank gilt unseren H\u00e4ndlern, den wahren Helden hinter unserem Erfolg. Jeden Tag gehen sie \u00fcber sich hinaus und versuchen, die Bed\u00fcrfnisse unserer Kunden zu verstehen und zu erf\u00fcllen. Ihr Engagement und ihre Leidenschaft f\u00fcr den Service gehen \u00fcber das \u00dcbliche hinaus, und sie sind stets bestrebt, die Erwartungen zu \u00fcbertreffen. Als Kunde k\u00f6nnen Sie darauf vertrauen, dass unsere H\u00e4ndler bereit sind, [...]<\/p>","protected":false},"author":1,"featured_media":0,"parent":0,"menu_order":5,"comment_status":"closed","ping_status":"closed","template":"","meta":{"_acf_changed":false,"footnotes":""},"class_list":["post-8422","page","type-page","status-publish","hentry"],"acf":[],"_links":{"self":[{"href":"https:\/\/heracles.eu\/de\/wp-json\/wp\/v2\/pages\/8422","targetHints":{"allow":["GET"]}}],"collection":[{"href":"https:\/\/heracles.eu\/de\/wp-json\/wp\/v2\/pages"}],"about":[{"href":"https:\/\/heracles.eu\/de\/wp-json\/wp\/v2\/types\/page"}],"author":[{"embeddable":true,"href":"https:\/\/heracles.eu\/de\/wp-json\/wp\/v2\/users\/1"}],"replies":[{"embeddable":true,"href":"https:\/\/heracles.eu\/de\/wp-json\/wp\/v2\/comments?post=8422"}],"version-history":[{"count":21,"href":"https:\/\/heracles.eu\/de\/wp-json\/wp\/v2\/pages\/8422\/revisions"}],"predecessor-version":[{"id":8932,"href":"https:\/\/heracles.eu\/de\/wp-json\/wp\/v2\/pages\/8422\/revisions\/8932"}],"wp:attachment":[{"href":"https:\/\/heracles.eu\/de\/wp-json\/wp\/v2\/media?parent=8422"}],"curies":[{"name":"wp","href":"https:\/\/api.w.org\/{rel}","templated":true}]}}