{"id":8496,"date":"2024-01-15T14:11:32","date_gmt":"2024-01-15T14:11:32","guid":{"rendered":"https:\/\/heracles.se.185-133-206-116.bb.kringelstan.se\/?post_type=product&#038;p=8496"},"modified":"2024-07-01T14:11:24","modified_gmt":"2024-07-01T14:11:24","slug":"heracles-h130","status":"publish","type":"product","link":"https:\/\/heracles.eu\/de\/produkt\/heracles-h130\/","title":{"rendered":"Heracles H130"},"content":{"rendered":"<div class=\"inner-content-wrap\">\n<h5 class=\"wp-block-heading has-medium-font-size\">Pr\u00e4zision auf engstem Raum, Effizienz in der Landwirtschaft.<\/h5>\n\n\n\n<p>Wir stellen unseren kleinen 3WD-Lader vor: Die ultimative L\u00f6sung f\u00fcr kompakte R\u00e4ume. Diese wendige Maschine ist perfekt f\u00fcr Pferdebesitzer, die St\u00e4lle verwalten, oder Kuhhalter, die m\u00fchelos in engen Bereichen man\u00f6vrieren. <\/p>\n\n\n\n<p>Ausgestattet mit einem hydrostatischen Getriebe und einem leistungsstarken Rato-Motor, der f\u00fcr seine St\u00e4rke und Funktionalit\u00e4t bekannt ist, ist er eine Traummaschine f\u00fcr effiziente Stall- und Hofarbeiten. <\/p>\n\n\n\n<p>Mit seinem Avant-Schnellwechsler ist er mit \u00fcber 200 Anbauger\u00e4ten kompatibel, darunter Schneeschilder, Rasenm\u00e4her, Kehrmaschinen, Heugabeln, Gabeln, Schneefr\u00e4sen, Greifschaufeln und vieles mehr, was ihn vielseitig einsetzbar macht. <\/p>\n\n\n\n<p>Mit einem Gewicht von nur 500 kg l\u00e4sst er sich leicht auf einen Anh\u00e4nger verladen und bietet Komfort und Vielseitigkeit beim Transport.<\/p>\n<\/div>","protected":false},"excerpt":{"rendered":"<p>Pr\u00e4zision auf engstem Raum, Effizienz in der Landwirtschaft. Wir stellen unseren kleinen 3WD-Lader vor: Die ultimative L\u00f6sung f\u00fcr kompakte R\u00e4ume. Diese wendige Maschine eignet sich perfekt f\u00fcr Pferdebesitzer, die St\u00e4lle verwalten, oder Kuhhalter, die m\u00fchelos in engen Bereichen man\u00f6vrieren. Ausgestattet mit einem hydrostatischen Getriebe und einem leistungsstarken Rato-Motor, der f\u00fcr seine St\u00e4rke und Funktionalit\u00e4t bekannt ist, ist er eine Traummaschine [...]<\/p>","protected":false},"featured_media":8497,"comment_status":"closed","ping_status":"closed","template":"","meta":{"_acf_changed":true},"product_cat":[87],"product_tag":[],"class_list":{"0":"post-8496","1":"product","2":"type-product","3":"status-publish","4":"has-post-thumbnail","6":"product_cat-wheel-loaders","8":"first","9":"instock","10":"shipping-taxable","11":"product-type-simple"},"acf":[],"_links":{"self":[{"href":"https:\/\/heracles.eu\/de\/wp-json\/wp\/v2\/product\/8496","targetHints":{"allow":["GET"]}}],"collection":[{"href":"https:\/\/heracles.eu\/de\/wp-json\/wp\/v2\/product"}],"about":[{"href":"https:\/\/heracles.eu\/de\/wp-json\/wp\/v2\/types\/product"}],"replies":[{"embeddable":true,"href":"https:\/\/heracles.eu\/de\/wp-json\/wp\/v2\/comments?post=8496"}],"wp:featuredmedia":[{"embeddable":true,"href":"https:\/\/heracles.eu\/de\/wp-json\/wp\/v2\/media\/8497"}],"wp:attachment":[{"href":"https:\/\/heracles.eu\/de\/wp-json\/wp\/v2\/media?parent=8496"}],"wp:term":[{"taxonomy":"product_cat","embeddable":true,"href":"https:\/\/heracles.eu\/de\/wp-json\/wp\/v2\/product_cat?post=8496"},{"taxonomy":"product_tag","embeddable":true,"href":"https:\/\/heracles.eu\/de\/wp-json\/wp\/v2\/product_tag?post=8496"}],"curies":[{"name":"wp","href":"https:\/\/api.w.org\/{rel}","templated":true}]}}