{"id":8640,"date":"2024-01-28T15:25:04","date_gmt":"2024-01-28T15:25:04","guid":{"rendered":"https:\/\/heracles.se.185-133-206-116.bb.kringelstan.se\/?post_type=product&#038;p=8640"},"modified":"2024-07-06T11:18:46","modified_gmt":"2024-07-06T11:18:46","slug":"heracles-h130e","status":"publish","type":"product","link":"https:\/\/heracles.eu\/de\/produkt\/heracles-h130e\/","title":{"rendered":"Herakles H130E"},"content":{"rendered":"<div class=\"inner-content-wrap\">\n<h5 class=\"wp-block-heading has-medium-font-size\">Pr\u00e4zision auf engstem Raum, Effizienz in der Landwirtschaft.<\/h5>\n\n\n\n<p>Wir stellen unseren kleinen elektrischen 3WD-Lader vor: Die umweltfreundliche L\u00f6sung f\u00fcr Landwirte. Diese leise Maschine ist ideal f\u00fcr Pferdebesitzer, die St\u00e4lle verwalten, oder f\u00fcr Kuhhalter, die m\u00fchelos durch enge R\u00e4ume navigieren.<\/p>\n\n\n\n<p>Der Elektromotor und die fortschrittliche Technologie sorgen f\u00fcr einen ger\u00e4uscharmen Betrieb bei gleichbleibender Leistung f\u00fcr effiziente Stall- und Hofarbeiten.<\/p>\n\n\n\n<p>Mit seinem Avant-Schnellwechsler unterst\u00fctzt er \u00fcber 200 Anbauger\u00e4te, darunter Schneer\u00e4umschilder, Rasenm\u00e4her, Kehrmaschinen, Heugabeln und vieles mehr, und ist damit vielseitig f\u00fcr verschiedene Aufgaben einsetzbar.<\/p>\n\n\n\n<p>Mit einem Gewicht von nur 500 kg l\u00e4sst er sich leicht auf einen Anh\u00e4nger verladen und bietet somit Komfort und Anpassungsf\u00e4higkeit beim Transport.<\/p>\n<\/div>","protected":false},"excerpt":{"rendered":"<p>Pr\u00e4zision auf engstem Raum, Effizienz in der Landwirtschaft. Wir stellen unseren kleinen 3WD-Elektrolader vor: Die umweltfreundliche L\u00f6sung f\u00fcr Landwirte. Diese leise Maschine ist ideal f\u00fcr Pferdebesitzer, die St\u00e4lle verwalten, oder f\u00fcr Kuhhalter, die m\u00fchelos durch enge R\u00e4ume navigieren. Der Elektromotor und die fortschrittliche Technologie sorgen f\u00fcr einen ger\u00e4uscharmen Betrieb bei gleichzeitiger Leistung f\u00fcr eine effiziente Arbeit im Stall und in der Landwirtschaft. [...]<\/p>","protected":false},"featured_media":8497,"comment_status":"closed","ping_status":"closed","template":"","meta":{"_acf_changed":true},"product_cat":[88],"product_tag":[],"class_list":{"0":"post-8640","1":"product","2":"type-product","3":"status-publish","4":"has-post-thumbnail","6":"product_cat-electrical-wheel-loaders","8":"first","9":"instock","10":"shipping-taxable","11":"product-type-simple"},"acf":[],"_links":{"self":[{"href":"https:\/\/heracles.eu\/de\/wp-json\/wp\/v2\/product\/8640","targetHints":{"allow":["GET"]}}],"collection":[{"href":"https:\/\/heracles.eu\/de\/wp-json\/wp\/v2\/product"}],"about":[{"href":"https:\/\/heracles.eu\/de\/wp-json\/wp\/v2\/types\/product"}],"replies":[{"embeddable":true,"href":"https:\/\/heracles.eu\/de\/wp-json\/wp\/v2\/comments?post=8640"}],"wp:featuredmedia":[{"embeddable":true,"href":"https:\/\/heracles.eu\/de\/wp-json\/wp\/v2\/media\/8497"}],"wp:attachment":[{"href":"https:\/\/heracles.eu\/de\/wp-json\/wp\/v2\/media?parent=8640"}],"wp:term":[{"taxonomy":"product_cat","embeddable":true,"href":"https:\/\/heracles.eu\/de\/wp-json\/wp\/v2\/product_cat?post=8640"},{"taxonomy":"product_tag","embeddable":true,"href":"https:\/\/heracles.eu\/de\/wp-json\/wp\/v2\/product_tag?post=8640"}],"curies":[{"name":"wp","href":"https:\/\/api.w.org\/{rel}","templated":true}]}}