{"id":8641,"date":"2024-01-28T15:31:11","date_gmt":"2024-01-28T15:31:11","guid":{"rendered":"https:\/\/heracles.se.185-133-206-116.bb.kringelstan.se\/?post_type=product&#038;p=8641"},"modified":"2024-07-12T13:48:10","modified_gmt":"2024-07-12T13:48:10","slug":"heracles-h160","status":"publish","type":"product","link":"https:\/\/heracles.eu\/de\/produkt\/heracles-h160\/","title":{"rendered":"Herakles H160"},"content":{"rendered":"<div class=\"inner-content-wrap\">\n<h5 class=\"wp-block-heading has-medium-font-size\">Wo Reichweite auf Pr\u00e4zision trifft: H160 Mini-Lader.<\/h5>\n\n\n\n<p>Wir stellen den H160 Mini-Lader vor: Leistung trifft auf Praktikabilit\u00e4t. <\/p>\n\n\n\n<p>Dieses kompakte Kraftpaket ist auf Vielseitigkeit ausgelegt und kombiniert nahtlos Effizienz mit seinem geringen Gewicht von 1180 kg, wodurch es sich ideal f\u00fcr verschiedene Aufgaben eignet. Mit seinem ergonomischen Design navigiert er m\u00fchelos durch enge R\u00e4ume und liefert dabei eine un\u00fcbertroffene Leistung. <\/p>\n\n\n\n<p>Ausgestattet mit dem Avant-Schnellwechsler bietet er Kompatibilit\u00e4t mit \u00fcber 200 Anbauger\u00e4ten und gew\u00e4hrleistet so die Anpassungsf\u00e4higkeit an verschiedene Anwendungen. Erleben Sie mit dem H160 Minilader die perfekte Balance aus Wendigkeit und Leistung.<\/p>\n<\/div>","protected":false},"excerpt":{"rendered":"<p>Wo Reichweite auf Pr\u00e4zision trifft: H160 Mini-Lader. Wir stellen den H160 Mini-Lader vor: Leistung trifft auf Praktikabilit\u00e4t. Dieses kompakte Kraftpaket ist auf Vielseitigkeit ausgelegt und kombiniert nahtlos Effizienz mit seinem geringen Gewicht von 1180 kg, wodurch es sich ideal f\u00fcr verschiedene Aufgaben eignet. Mit seinem ergonomischen Design navigiert er m\u00fchelos durch enge R\u00e4ume und bietet dabei eine un\u00fcbertroffene Leistung. Ausgestattet mit dem Avant-Schnellwechselsystem [...]<\/p>","protected":false},"featured_media":8647,"comment_status":"closed","ping_status":"closed","template":"","meta":{"_acf_changed":true},"product_cat":[87],"product_tag":[],"class_list":{"0":"post-8641","1":"product","2":"type-product","3":"status-publish","4":"has-post-thumbnail","6":"product_cat-wheel-loaders","8":"first","9":"instock","10":"shipping-taxable","11":"product-type-simple"},"acf":[],"_links":{"self":[{"href":"https:\/\/heracles.eu\/de\/wp-json\/wp\/v2\/product\/8641","targetHints":{"allow":["GET"]}}],"collection":[{"href":"https:\/\/heracles.eu\/de\/wp-json\/wp\/v2\/product"}],"about":[{"href":"https:\/\/heracles.eu\/de\/wp-json\/wp\/v2\/types\/product"}],"replies":[{"embeddable":true,"href":"https:\/\/heracles.eu\/de\/wp-json\/wp\/v2\/comments?post=8641"}],"wp:featuredmedia":[{"embeddable":true,"href":"https:\/\/heracles.eu\/de\/wp-json\/wp\/v2\/media\/8647"}],"wp:attachment":[{"href":"https:\/\/heracles.eu\/de\/wp-json\/wp\/v2\/media?parent=8641"}],"wp:term":[{"taxonomy":"product_cat","embeddable":true,"href":"https:\/\/heracles.eu\/de\/wp-json\/wp\/v2\/product_cat?post=8641"},{"taxonomy":"product_tag","embeddable":true,"href":"https:\/\/heracles.eu\/de\/wp-json\/wp\/v2\/product_tag?post=8641"}],"curies":[{"name":"wp","href":"https:\/\/api.w.org\/{rel}","templated":true}]}}