{"id":8659,"date":"2024-01-28T16:10:27","date_gmt":"2024-01-28T16:10:27","guid":{"rendered":"https:\/\/heracles.se.185-133-206-116.bb.kringelstan.se\/?post_type=product&#038;p=8659"},"modified":"2025-12-26T09:19:30","modified_gmt":"2025-12-26T09:19:30","slug":"heracles-h190t","status":"publish","type":"product","link":"https:\/\/heracles.eu\/de\/produkt\/heracles-h190t\/","title":{"rendered":"Herakles H190T"},"content":{"rendered":"<div class=\"inner-content-wrap\">\n<h5 class=\"wp-block-heading has-medium-font-size\">Wir stellen den Teleskoplader H190T vor: Unerreichte Leistung, erh\u00f6hte Reichweite.<\/h5>\n\n\n\n<p>Der Teleskoplader H190T ist der Gipfel der Vielseitigkeit und Leistung in seiner Klasse. Er kann bis zu 3,5 Meter hoch heben und setzt mit seiner au\u00dfergew\u00f6hnlichen Reichweite und Effizienz neue Ma\u00dfst\u00e4be.<\/p>\n\n\n\n<p>Designed to handle 1200kg effortlessly, this heavy-duty telescopic loader retains the robustness and reliability that our customers rely on. With a weight of 2200kg, it maintains the perfect balance between strength and maneuverability, ensuring stability and agility on any job site.<\/p>\n\n\n\n<p>Angetrieben von einem 3-Zylinder-Yanmar-Motor, der f\u00fcr seine Robustheit und Langlebigkeit bekannt ist, garantiert der H190T Teleskoplader eine au\u00dfergew\u00f6hnliche Leistung und Ausdauer, die eine gleichbleibende Leistung \u00fcber die gesamte Lebensdauer gew\u00e4hrleistet.<\/p>\n\n\n\n<p>Ob beim Laden, Heben oder Transportieren - der Teleskoplader H190T bietet un\u00fcbertroffene Vielseitigkeit und Effizienz und ist damit die ultimative L\u00f6sung f\u00fcr eine Vielzahl von Anwendungen.<\/p>\n\n\n\n<p>Erleben Sie den Gipfel der Leistung und Reichweite mit dem Teleskoplader H190T - Ihrem zuverl\u00e4ssigen Partner f\u00fcr mehr Produktivit\u00e4t und Erfolg.<\/p>\n<\/div>","protected":false},"excerpt":{"rendered":"<p>Wir stellen den Teleskoplader H190T vor: Unerreichte Kraft, erh\u00f6hte Reichweite. Der Teleskoplader H190T ist der Gipfel der Vielseitigkeit und Leistung in seiner Klasse. Er kann bis zu 3,5 Meter hoch heben und setzt mit seiner au\u00dfergew\u00f6hnlichen Reichweite und Effizienz neue Ma\u00dfst\u00e4be. Dieser Schwerlast-Teleskoplader ist f\u00fcr eine m\u00fchelose Handhabung von 1200 kg ausgelegt und verf\u00fcgt \u00fcber die Robustheit und Zuverl\u00e4ssigkeit [...]<\/p>","protected":false},"featured_media":8666,"comment_status":"closed","ping_status":"closed","template":"","meta":{"_acf_changed":true},"product_cat":[89],"product_tag":[],"class_list":{"0":"post-8659","1":"product","2":"type-product","3":"status-publish","4":"has-post-thumbnail","6":"product_cat-telescopic-loaders","8":"first","9":"instock","10":"shipping-taxable","11":"product-type-simple"},"acf":[],"_links":{"self":[{"href":"https:\/\/heracles.eu\/de\/wp-json\/wp\/v2\/product\/8659","targetHints":{"allow":["GET"]}}],"collection":[{"href":"https:\/\/heracles.eu\/de\/wp-json\/wp\/v2\/product"}],"about":[{"href":"https:\/\/heracles.eu\/de\/wp-json\/wp\/v2\/types\/product"}],"replies":[{"embeddable":true,"href":"https:\/\/heracles.eu\/de\/wp-json\/wp\/v2\/comments?post=8659"}],"wp:featuredmedia":[{"embeddable":true,"href":"https:\/\/heracles.eu\/de\/wp-json\/wp\/v2\/media\/8666"}],"wp:attachment":[{"href":"https:\/\/heracles.eu\/de\/wp-json\/wp\/v2\/media?parent=8659"}],"wp:term":[{"taxonomy":"product_cat","embeddable":true,"href":"https:\/\/heracles.eu\/de\/wp-json\/wp\/v2\/product_cat?post=8659"},{"taxonomy":"product_tag","embeddable":true,"href":"https:\/\/heracles.eu\/de\/wp-json\/wp\/v2\/product_tag?post=8659"}],"curies":[{"name":"wp","href":"https:\/\/api.w.org\/{rel}","templated":true}]}}