{"id":8667,"date":"2024-01-28T16:26:14","date_gmt":"2024-01-28T16:26:14","guid":{"rendered":"https:\/\/heracles.se.185-133-206-116.bb.kringelstan.se\/?post_type=product&#038;p=8667"},"modified":"2024-07-09T07:54:29","modified_gmt":"2024-07-09T07:54:29","slug":"heracles-h220","status":"publish","type":"product","link":"https:\/\/heracles.eu\/de\/produkt\/heracles-h220\/","title":{"rendered":"Heracles H220"},"content":{"rendered":"<div class=\"inner-content-wrap\">\n<h5 class=\"wp-block-heading has-medium-font-size\"><br>Kompakter Radlader: Unerreichte Vielseitigkeit und Komfort.<\/h5>\n\n\n\n<p>Der Kompaktradlader H220 definiert Effizienz und Komfort in seiner Klasse neu. Ausgestattet mit einem leistungsstarken 4-Zylinder-Yanmar-Motor bietet diese Maschine eine robuste Leistung f\u00fcr den Allround-Einsatz und bew\u00e4ltigt verschiedene Aufgaben mit Leichtigkeit.<\/p>\n\n\n\n<p>Mit seiner ger\u00e4umigen, beheizbaren Kabine bietet der H220 dem Fahrer einen unvergleichlichen Komfort, der einen l\u00e4ngeren Einsatz bei allen Wetterbedingungen erm\u00f6glicht. Ob beim Laden, Heben oder Transportieren von Materialien, dieser Radlader bietet \u00fcberragenden Komfort und Kontrolle.<\/p>\n\n\n\n<p>Mit seinem kompakten Design und seiner starken Leistung eignet sich der H220 perfekt f\u00fcr verschiedene Anwendungen im Baugewerbe, im Landschaftsbau, in der Landwirtschaft und vielem mehr. Erleben Sie die perfekte Mischung aus Vielseitigkeit und Komfort mit dem kompakten Radlader H220 - Ihre ultimative L\u00f6sung f\u00fcr jede Herausforderung auf der Baustelle.<\/p>\n<\/div>","protected":false},"excerpt":{"rendered":"<p>Kompakter Radlader: Unerreichte Vielseitigkeit und Komfort. Der Kompakt-Radlader H220 definiert Effizienz und Komfort in seiner Klasse neu. Ausgestattet mit einem leistungsstarken 4-Zylinder-Yanmar-Motor bietet diese Maschine eine robuste Leistung f\u00fcr den Allround-Einsatz und bew\u00e4ltigt verschiedene Aufgaben mit Leichtigkeit. Mit seiner ger\u00e4umigen, beheizbaren Kabine bietet der H220 dem Fahrer einen unvergleichlichen Komfort, der einen l\u00e4ngeren Einsatz erm\u00f6glicht [...]<\/p>","protected":false},"featured_media":8672,"comment_status":"closed","ping_status":"closed","template":"","meta":{"_acf_changed":true},"product_cat":[87],"product_tag":[],"class_list":{"0":"post-8667","1":"product","2":"type-product","3":"status-publish","4":"has-post-thumbnail","6":"product_cat-wheel-loaders","8":"first","9":"instock","10":"shipping-taxable","11":"product-type-simple"},"acf":[],"_links":{"self":[{"href":"https:\/\/heracles.eu\/de\/wp-json\/wp\/v2\/product\/8667","targetHints":{"allow":["GET"]}}],"collection":[{"href":"https:\/\/heracles.eu\/de\/wp-json\/wp\/v2\/product"}],"about":[{"href":"https:\/\/heracles.eu\/de\/wp-json\/wp\/v2\/types\/product"}],"replies":[{"embeddable":true,"href":"https:\/\/heracles.eu\/de\/wp-json\/wp\/v2\/comments?post=8667"}],"wp:featuredmedia":[{"embeddable":true,"href":"https:\/\/heracles.eu\/de\/wp-json\/wp\/v2\/media\/8672"}],"wp:attachment":[{"href":"https:\/\/heracles.eu\/de\/wp-json\/wp\/v2\/media?parent=8667"}],"wp:term":[{"taxonomy":"product_cat","embeddable":true,"href":"https:\/\/heracles.eu\/de\/wp-json\/wp\/v2\/product_cat?post=8667"},{"taxonomy":"product_tag","embeddable":true,"href":"https:\/\/heracles.eu\/de\/wp-json\/wp\/v2\/product_tag?post=8667"}],"curies":[{"name":"wp","href":"https:\/\/api.w.org\/{rel}","templated":true}]}}