{"id":8674,"date":"2024-01-28T16:39:17","date_gmt":"2024-01-28T16:39:17","guid":{"rendered":"https:\/\/heracles.se.185-133-206-116.bb.kringelstan.se\/?post_type=product&#038;p=8674"},"modified":"2024-07-06T13:12:54","modified_gmt":"2024-07-06T13:12:54","slug":"heracles-h220t","status":"publish","type":"product","link":"https:\/\/heracles.eu\/de\/produkt\/heracles-h220t\/","title":{"rendered":"Herakles H220T"},"content":{"rendered":"<div class=\"inner-content-wrap\">\n<h5 class=\"wp-block-heading has-medium-font-size\"><br>Der neue Teleskop-Radlader H220T: Neudefinition von Reichweite und Vielseitigkeit.<\/h5>\n\n\n\n<p>Der Teleskop-Radlader H220T steht f\u00fcr den Gipfel der Innovation bei Kompaktmaschinen. Mit seiner Teleskopkonstruktion und der gro\u00dfen Reichweite von 3,5 m bietet er eine un\u00fcbertroffene Vielseitigkeit f\u00fcr eine Vielzahl von Anwendungen.<\/p>\n\n\n\n<p>Angetrieben von einem robusten 4-Zylinder-Yanmar-Motor gew\u00e4hrleistet der H220T eine zuverl\u00e4ssige Leistung und erf\u00fcllt m\u00fchelos die Anforderungen der verschiedenen Aufgaben. Seine Teleskopfunktionalit\u00e4t steigert die Effizienz und Flexibilit\u00e4t auf Baustellen und macht ihn zur idealen L\u00f6sung f\u00fcr komplexe Projekte.<\/p>\n\n\n\n<p>Die ger\u00e4umige, beheizbare Kabine bietet dem Fahrer bei l\u00e4ngeren Eins\u00e4tzen unabh\u00e4ngig von den Witterungsverh\u00e4ltnissen au\u00dfergew\u00f6hnlichen Komfort. Vom Laden bis zum Heben bietet der Teleskopradlader H220T unvergleichliche Leistung und pr\u00e4zise Steuerung.<\/p>\n\n\n\n<p>Erleben Sie den Inbegriff von Reichweite und Effizienz mit dem Teleskop-Radlader H220T - Ihrem zuverl\u00e4ssigen Begleiter, der Herausforderungen mit Leichtigkeit und Pr\u00e4zision meistert.<\/p>\n<\/div>","protected":false},"excerpt":{"rendered":"<p>Der neue Teleskop-Radlader H220T: Neudefinition von Reichweite und Vielseitigkeit. Der Teleskop-Radlader H220T steht f\u00fcr den Gipfel der Innovation bei Kompaktmaschinen. Mit seiner Teleskopkonstruktion und der gro\u00dfen Reichweite von 3,5 m bietet er eine un\u00fcbertroffene Vielseitigkeit f\u00fcr eine Vielzahl von Anwendungen. Angetrieben von einem robusten 4-Zylinder-Yanmar-Motor sorgt der H220T f\u00fcr zuverl\u00e4ssige Leistung und m\u00fchelose [...]<\/p>","protected":false},"featured_media":8675,"comment_status":"closed","ping_status":"closed","template":"","meta":{"_acf_changed":true},"product_cat":[89],"product_tag":[],"class_list":{"0":"post-8674","1":"product","2":"type-product","3":"status-publish","4":"has-post-thumbnail","6":"product_cat-telescopic-loaders","8":"first","9":"instock","10":"shipping-taxable","11":"product-type-simple"},"acf":[],"_links":{"self":[{"href":"https:\/\/heracles.eu\/de\/wp-json\/wp\/v2\/product\/8674","targetHints":{"allow":["GET"]}}],"collection":[{"href":"https:\/\/heracles.eu\/de\/wp-json\/wp\/v2\/product"}],"about":[{"href":"https:\/\/heracles.eu\/de\/wp-json\/wp\/v2\/types\/product"}],"replies":[{"embeddable":true,"href":"https:\/\/heracles.eu\/de\/wp-json\/wp\/v2\/comments?post=8674"}],"wp:featuredmedia":[{"embeddable":true,"href":"https:\/\/heracles.eu\/de\/wp-json\/wp\/v2\/media\/8675"}],"wp:attachment":[{"href":"https:\/\/heracles.eu\/de\/wp-json\/wp\/v2\/media?parent=8674"}],"wp:term":[{"taxonomy":"product_cat","embeddable":true,"href":"https:\/\/heracles.eu\/de\/wp-json\/wp\/v2\/product_cat?post=8674"},{"taxonomy":"product_tag","embeddable":true,"href":"https:\/\/heracles.eu\/de\/wp-json\/wp\/v2\/product_tag?post=8674"}],"curies":[{"name":"wp","href":"https:\/\/api.w.org\/{rel}","templated":true}]}}