{"id":8677,"date":"2024-01-28T16:46:57","date_gmt":"2024-01-28T16:46:57","guid":{"rendered":"https:\/\/heracles.se.185-133-206-116.bb.kringelstan.se\/?post_type=product&#038;p=8677"},"modified":"2024-10-02T07:36:21","modified_gmt":"2024-10-02T07:36:21","slug":"heracles-h280","status":"publish","type":"product","link":"https:\/\/heracles.eu\/de\/produkt\/heracles-h280\/","title":{"rendered":"Heracles H280"},"content":{"rendered":"<div class=\"inner-content-wrap\">\n<h5 class=\"wp-block-heading has-medium-font-size\"><br><strong>H280: Kompakter Radlader: Unerreichte Vielseitigkeit und Komfort<\/strong><\/h5>\n\n\n\n<p>Der kompakte Radlader H280 setzt neue Ma\u00dfst\u00e4be f\u00fcr Vielseitigkeit und Komfort in seiner Klasse. Angetrieben von einem robusten 4-Zylinder-Yanmar-Motor garantiert diese Maschine au\u00dfergew\u00f6hnliche Leistung in einem breiten Anwendungsbereich und erledigt m\u00fchelos verschiedenste Aufgaben mit Pr\u00e4zision und Kraft.<\/p>\n\n\n\n<p>Der H280 wurde mit Blick auf den Fahrerkomfort entwickelt und verf\u00fcgt \u00fcber eine ger\u00e4umige, beheizbare Kabine, die sicherstellt, dass der Fahrer auch bei schwierigen Wetterbedingungen komfortabel und produktiv arbeiten kann. Ob beim Laden, Heben oder Transportieren von Materialien, dieser Radlader bietet un\u00fcbertroffenen Komfort und Kontrolle und steigert die Betriebseffizienz auf jeder Baustelle.<\/p>\n\n\n\n<p>Mit seinem kompakten und dennoch leistungsstarken Design ist der H280 die perfekte L\u00f6sung f\u00fcr verschiedene Anwendungen auf dem Bau, im Landschaftsbau, in der Landwirtschaft und dar\u00fcber hinaus. Erleben Sie die nahtlose Verschmelzung von Vielseitigkeit und Komfort mit dem kompakten Radlader H280 - Ihrem ultimativen Begleiter, der jede Herausforderung auf der Baustelle mit Leichtigkeit meistert.<\/p>\n<\/div>","protected":false},"excerpt":{"rendered":"<p>H280: Kompakter Radlader: Unerreichte Vielseitigkeit und Komfort Der kompakte Radlader H280 setzt neue Ma\u00dfst\u00e4be f\u00fcr Vielseitigkeit und Komfort in seiner Klasse. Angetrieben von einem robusten 4-Zylinder-Yanmar-Motor garantiert diese Maschine au\u00dfergew\u00f6hnliche Leistung in einem breiten Anwendungsbereich und erledigt m\u00fchelos verschiedenste Aufgaben mit Pr\u00e4zision und Kraft. Bei der Entwicklung stand der Komfort f\u00fcr den Fahrer im Vordergrund, [...]<\/p>","protected":false},"featured_media":8726,"comment_status":"closed","ping_status":"closed","template":"","meta":{"_acf_changed":true},"product_cat":[87],"product_tag":[],"class_list":{"0":"post-8677","1":"product","2":"type-product","3":"status-publish","4":"has-post-thumbnail","6":"product_cat-wheel-loaders","8":"first","9":"instock","10":"shipping-taxable","11":"product-type-simple"},"acf":[],"_links":{"self":[{"href":"https:\/\/heracles.eu\/de\/wp-json\/wp\/v2\/product\/8677","targetHints":{"allow":["GET"]}}],"collection":[{"href":"https:\/\/heracles.eu\/de\/wp-json\/wp\/v2\/product"}],"about":[{"href":"https:\/\/heracles.eu\/de\/wp-json\/wp\/v2\/types\/product"}],"replies":[{"embeddable":true,"href":"https:\/\/heracles.eu\/de\/wp-json\/wp\/v2\/comments?post=8677"}],"wp:featuredmedia":[{"embeddable":true,"href":"https:\/\/heracles.eu\/de\/wp-json\/wp\/v2\/media\/8726"}],"wp:attachment":[{"href":"https:\/\/heracles.eu\/de\/wp-json\/wp\/v2\/media?parent=8677"}],"wp:term":[{"taxonomy":"product_cat","embeddable":true,"href":"https:\/\/heracles.eu\/de\/wp-json\/wp\/v2\/product_cat?post=8677"},{"taxonomy":"product_tag","embeddable":true,"href":"https:\/\/heracles.eu\/de\/wp-json\/wp\/v2\/product_tag?post=8677"}],"curies":[{"name":"wp","href":"https:\/\/api.w.org\/{rel}","templated":true}]}}