{"id":8681,"date":"2024-01-28T16:53:51","date_gmt":"2024-01-28T16:53:51","guid":{"rendered":"https:\/\/heracles.se.185-133-206-116.bb.kringelstan.se\/?post_type=product&#038;p=8681"},"modified":"2024-07-19T13:19:47","modified_gmt":"2024-07-19T13:19:47","slug":"heracles-h580t","status":"publish","type":"product","link":"https:\/\/heracles.eu\/de\/produkt\/heracles-h580t\/","title":{"rendered":"Heracles H580T"},"content":{"rendered":"<div class=\"inner-content-wrap\">\n<p class=\"has-medium-font-size\"><strong>Wir stellen den Teleskop-Radlader H580T vor: Unerreichte Reichweite, Leistung und Langlebigkeit.<\/strong><\/p>\n\n\n\n<p>Mit seiner bemerkenswerten Teleskopreichweite von 4,7 Metern definiert der Teleskop-Radlader H580T die Grenzen der Vielseitigkeit und Leistung von Schwermaschinen neu. Mit einer Hubkraft von 5800 kg und einer maximalen Tragf\u00e4higkeit von 3000 kg ist dieses Kraftpaket ein Symbol f\u00fcr St\u00e4rke und Zuverl\u00e4ssigkeit in der Branche.<\/p>\n\n\n\n<p>Der H580T ist jetzt mit einem hochmodernen hydrostatischen System ausgestattet, das f\u00fcr einen langlebigen Antriebsstrang sorgt, der auch den h\u00e4rtesten Herausforderungen standh\u00e4lt und dem Bediener un\u00fcbertroffene Zuverl\u00e4ssigkeit und Sicherheit bietet.<\/p>\n\n\n\n<p>Der H580T wurde f\u00fcr eine Vielzahl von Anwendungen entwickelt und bietet au\u00dfergew\u00f6hnliche Leistung und Pr\u00e4zision. Vom Materialumschlag bis hin zu Bauprojekten erm\u00f6glicht seine Teleskopfunktionalit\u00e4t eine nahtlose Reichweite und verbesserte Effizienz, was ihn zur ultimativen L\u00f6sung f\u00fcr komplexe Baustellen macht.<\/p>\n\n\n\n<p>Der H580T ist mit fortschrittlicher Hydrauliktechnologie ausgestattet und bietet eine pr\u00e4zise Steuerung und einen reibungslosen Betrieb, so dass der Fahrer sicher und pr\u00e4zise navigieren kann. Das ergonomische Design und die intuitiven Bedienelemente sorgen f\u00fcr hohen Fahrerkomfort und minimieren die Erm\u00fcdung des Fahrers bei l\u00e4ngeren Arbeitseins\u00e4tzen.<\/p>\n\n\n\n<p>Der Teleskop-Radlader H580T wurde f\u00fcr die anspruchsvollsten Bedingungen gebaut und ist auf Haltbarkeit und Langlebigkeit ausgelegt. Verst\u00e4rkte Komponenten und eine robuste Konstruktion sorgen f\u00fcr unvergleichliche Zuverl\u00e4ssigkeit, so dass die Fahrer jede Aufgabe mit Zuversicht angehen k\u00f6nnen.<\/p>\n\n\n\n<p>Erleben Sie mit dem Teleskopradlader H580T den Gipfel der Produktivit\u00e4t und Leistung. Ob auf Baustellen oder in der Landwirtschaft - diese vielseitige Maschine wird Ihre Arbeit zu neuen H\u00f6hen f\u00fchren und die M\u00f6glichkeiten in der Welt der schweren Maschinen neu definieren.<\/p>\n<\/div>","protected":false},"excerpt":{"rendered":"<p>Wir stellen den Teleskop-Radlader H580T vor: Unerreichte Reichweite, Kraft und Langlebigkeit. Mit seiner bemerkenswerten Teleskopreichweite von 4,7 Metern definiert der Teleskop-Radlader H580T die Grenzen der Vielseitigkeit und Leistung von Schwermaschinen neu. Mit einer Hubkraft von 5800 kg und einer maximalen Tragf\u00e4higkeit von 3000 kg ist dieses Kraftpaket ein Symbol f\u00fcr St\u00e4rke [...]<\/p>","protected":false},"featured_media":8714,"comment_status":"closed","ping_status":"closed","template":"","meta":{"_acf_changed":true},"product_cat":[89],"product_tag":[],"class_list":{"0":"post-8681","1":"product","2":"type-product","3":"status-publish","4":"has-post-thumbnail","6":"product_cat-telescopic-loaders","8":"first","9":"instock","10":"shipping-taxable","11":"product-type-simple"},"acf":[],"_links":{"self":[{"href":"https:\/\/heracles.eu\/de\/wp-json\/wp\/v2\/product\/8681","targetHints":{"allow":["GET"]}}],"collection":[{"href":"https:\/\/heracles.eu\/de\/wp-json\/wp\/v2\/product"}],"about":[{"href":"https:\/\/heracles.eu\/de\/wp-json\/wp\/v2\/types\/product"}],"replies":[{"embeddable":true,"href":"https:\/\/heracles.eu\/de\/wp-json\/wp\/v2\/comments?post=8681"}],"wp:featuredmedia":[{"embeddable":true,"href":"https:\/\/heracles.eu\/de\/wp-json\/wp\/v2\/media\/8714"}],"wp:attachment":[{"href":"https:\/\/heracles.eu\/de\/wp-json\/wp\/v2\/media?parent=8681"}],"wp:term":[{"taxonomy":"product_cat","embeddable":true,"href":"https:\/\/heracles.eu\/de\/wp-json\/wp\/v2\/product_cat?post=8681"},{"taxonomy":"product_tag","embeddable":true,"href":"https:\/\/heracles.eu\/de\/wp-json\/wp\/v2\/product_tag?post=8681"}],"curies":[{"name":"wp","href":"https:\/\/api.w.org\/{rel}","templated":true}]}}