{"id":8444,"date":"2024-01-15T07:35:34","date_gmt":"2024-01-15T07:35:34","guid":{"rendered":"https:\/\/heracles.se.185-133-206-116.bb.kringelstan.se\/?post_type=product&#038;p=8444"},"modified":"2024-07-12T14:02:52","modified_gmt":"2024-07-12T14:02:52","slug":"heracles-h220e","status":"publish","type":"product","link":"https:\/\/heracles.eu\/es\/producto\/heracles-h220e\/","title":{"rendered":"Heracles H220E"},"content":{"rendered":"<div class=\"inner-content-wrap\">\n<h5 class=\"wp-block-heading\">Las m\u00e1quinas el\u00e9ctricas son mejores, m\u00e1s limpias y m\u00e1s respetuosas con el medio ambiente que las diesel.<\/h5>\n\n\n\n<p>Esto se debe a que suelen funcionar con una bater\u00eda de iones de litio cargada con electricidad, en lugar de con un motor de combusti\u00f3n que funciona con combustibles f\u00f3siles. No se producen gases de escape, lo que significa que la m\u00e1quina expulsa a la atm\u00f3sfera menos gases de efecto invernadero peligrosos, como el di\u00f3xido de carbono.<\/p>\n\n\n\n<p>Las m\u00e1quinas diesel son mucho m\u00e1s ruidosas que sus alternativas el\u00e9ctricas. Esto se debe al proceso de combusti\u00f3n, que reduce en gran medida el sonido producido por la m\u00e1quina.<\/p>\n\n\n\n<p>Otra ventaja de las m\u00e1quinas el\u00e9ctricas es que son m\u00e1s eficientes en el uso de su energ\u00eda en comparaci\u00f3n con una m\u00e1quina que funciona con gas\u00f3leo. Alrededor de 70% de la energ\u00eda producida por la bater\u00eda llega a las ruedas de la m\u00e1quina, frente a s\u00f3lo 20% de la energ\u00eda producida por un motor di\u00e9sel.<\/p>\n<\/div>","protected":false},"excerpt":{"rendered":"<p>Las m\u00e1quinas el\u00e9ctricas son mejores, m\u00e1s limpias y m\u00e1s respetuosas con el medio ambiente que las diesel. Esto se debe a que suelen funcionar con una bater\u00eda de iones de litio cargada con electricidad, en lugar de con un motor de combusti\u00f3n que funciona con combustibles f\u00f3siles. No se producen gases de escape, lo que significa que se emiten menos gases de efecto invernadero peligrosos, como el di\u00f3xido de carbono.<\/p>","protected":false},"featured_media":8445,"comment_status":"closed","ping_status":"closed","template":"","meta":{"_acf_changed":true},"product_cat":[88],"product_tag":[],"class_list":{"0":"post-8444","1":"product","2":"type-product","3":"status-publish","4":"has-post-thumbnail","6":"product_cat-electrical-wheel-loaders","8":"first","9":"instock","10":"shipping-taxable","11":"product-type-simple"},"acf":[],"_links":{"self":[{"href":"https:\/\/heracles.eu\/es\/wp-json\/wp\/v2\/product\/8444","targetHints":{"allow":["GET"]}}],"collection":[{"href":"https:\/\/heracles.eu\/es\/wp-json\/wp\/v2\/product"}],"about":[{"href":"https:\/\/heracles.eu\/es\/wp-json\/wp\/v2\/types\/product"}],"replies":[{"embeddable":true,"href":"https:\/\/heracles.eu\/es\/wp-json\/wp\/v2\/comments?post=8444"}],"wp:featuredmedia":[{"embeddable":true,"href":"https:\/\/heracles.eu\/es\/wp-json\/wp\/v2\/media\/8445"}],"wp:attachment":[{"href":"https:\/\/heracles.eu\/es\/wp-json\/wp\/v2\/media?parent=8444"}],"wp:term":[{"taxonomy":"product_cat","embeddable":true,"href":"https:\/\/heracles.eu\/es\/wp-json\/wp\/v2\/product_cat?post=8444"},{"taxonomy":"product_tag","embeddable":true,"href":"https:\/\/heracles.eu\/es\/wp-json\/wp\/v2\/product_tag?post=8444"}],"curies":[{"name":"wp","href":"https:\/\/api.w.org\/{rel}","templated":true}]}}