{"id":8492,"date":"2024-01-15T14:01:51","date_gmt":"2024-01-15T14:01:51","guid":{"rendered":"https:\/\/heracles.se.185-133-206-116.bb.kringelstan.se\/?post_type=product&#038;p=8492"},"modified":"2024-07-06T12:32:52","modified_gmt":"2024-07-06T12:32:52","slug":"heracles-h160t","status":"publish","type":"product","link":"https:\/\/heracles.eu\/es\/producto\/heracles-h160t\/","title":{"rendered":"Heracles H160T"},"content":{"rendered":"<div class=\"inner-content-wrap\">\n<h5 class=\"wp-block-heading has-medium-font-size\">Donde el alcance se une a la precisi\u00f3n: Minicargadora telesc\u00f3pica H160T.<\/h5>\n\n\n\n<p>Presentamos la minicargadora telesc\u00f3pica H160T: Donde el gran alcance se une a la potencia ligera. Dise\u00f1ada para ofrecer versatilidad, esta potente m\u00e1quina compacta combina sin esfuerzo capacidades de gran alcance con un peso reducido, lo que la hace ideal para una gran variedad de tareas. Gracias a su dise\u00f1o telesc\u00f3pico, se desplaza con facilidad por espacios reducidos y ofrece un rendimiento inigualable. Equipada con el enganche r\u00e1pido Avant, ofrece compatibilidad con m\u00e1s de 200 implementos, lo que garantiza su adaptabilidad a diversas aplicaciones. Experimente la combinaci\u00f3n perfecta de agilidad y potencia con la minicargadora telesc\u00f3pica H160T.<\/p>\n<\/div>","protected":false},"excerpt":{"rendered":"<p>Donde el alcance se une a la precisi\u00f3n: Minicargadora telesc\u00f3pica H160T. Presentamos la minicargadora telesc\u00f3pica H160T: Donde el gran alcance se une a la potencia ligera. Dise\u00f1ada para ofrecer versatilidad, esta potencia compacta combina sin esfuerzo capacidades de gran alcance con un peso reducido, lo que la hace ideal para una gran variedad de tareas. Gracias a su dise\u00f1o telesc\u00f3pico, se desplaza con facilidad por espacios reducidos [...]<\/p>","protected":false},"featured_media":8493,"comment_status":"closed","ping_status":"closed","template":"","meta":{"_acf_changed":true},"product_cat":[89],"product_tag":[],"class_list":{"0":"post-8492","1":"product","2":"type-product","3":"status-publish","4":"has-post-thumbnail","6":"product_cat-telescopic-loaders","8":"first","9":"instock","10":"shipping-taxable","11":"product-type-simple"},"acf":[],"_links":{"self":[{"href":"https:\/\/heracles.eu\/es\/wp-json\/wp\/v2\/product\/8492","targetHints":{"allow":["GET"]}}],"collection":[{"href":"https:\/\/heracles.eu\/es\/wp-json\/wp\/v2\/product"}],"about":[{"href":"https:\/\/heracles.eu\/es\/wp-json\/wp\/v2\/types\/product"}],"replies":[{"embeddable":true,"href":"https:\/\/heracles.eu\/es\/wp-json\/wp\/v2\/comments?post=8492"}],"wp:featuredmedia":[{"embeddable":true,"href":"https:\/\/heracles.eu\/es\/wp-json\/wp\/v2\/media\/8493"}],"wp:attachment":[{"href":"https:\/\/heracles.eu\/es\/wp-json\/wp\/v2\/media?parent=8492"}],"wp:term":[{"taxonomy":"product_cat","embeddable":true,"href":"https:\/\/heracles.eu\/es\/wp-json\/wp\/v2\/product_cat?post=8492"},{"taxonomy":"product_tag","embeddable":true,"href":"https:\/\/heracles.eu\/es\/wp-json\/wp\/v2\/product_tag?post=8492"}],"curies":[{"name":"wp","href":"https:\/\/api.w.org\/{rel}","templated":true}]}}