{"id":8496,"date":"2024-01-15T14:11:32","date_gmt":"2024-01-15T14:11:32","guid":{"rendered":"https:\/\/heracles.se.185-133-206-116.bb.kringelstan.se\/?post_type=product&#038;p=8496"},"modified":"2024-07-01T14:11:24","modified_gmt":"2024-07-01T14:11:24","slug":"heracles-h130","status":"publish","type":"product","link":"https:\/\/heracles.eu\/es\/producto\/heracles-h130\/","title":{"rendered":"Heracles H130"},"content":{"rendered":"<div class=\"inner-content-wrap\">\n<h5 class=\"wp-block-heading has-medium-font-size\">Precisi\u00f3n en espacios reducidos, eficiencia en la agricultura.<\/h5>\n\n\n\n<p>Presentamos nuestra peque\u00f1a cargadora 3WD: La soluci\u00f3n definitiva para espacios compactos. Perfecta para propietarios de caballos que gestionan establos o granjas de vacas, esta \u00e1gil m\u00e1quina maniobra sin esfuerzo en espacios estrechos. <\/p>\n\n\n\n<p>Equipada con una transmisi\u00f3n hidrost\u00e1tica y un potente motor Rato reconocido por su resistencia y funcionalidad, es una m\u00e1quina de ensue\u00f1o para realizar eficientemente trabajos estables y tareas agr\u00edcolas. <\/p>\n\n\n\n<p>Con su enganche r\u00e1pido Avant, ofrece compatibilidad con m\u00e1s de 200 implementos, como cuchillas quitanieves, cortac\u00e9spedes, barredoras, horquillas, tenedores, sopladores de nieve, cucharas de agarre, etc., lo que la hace vers\u00e1til para diversas tareas. <\/p>\n\n\n\n<p>Con un peso de s\u00f3lo 500 kg, es f\u00e1cil de cargar en remolques, lo que ofrece comodidad y versatilidad para el transporte.<\/p>\n<\/div>","protected":false},"excerpt":{"rendered":"<p>Precisi\u00f3n en espacios reducidos, eficacia en la agricultura. Presentamos nuestra peque\u00f1a cargadora 3WD: La soluci\u00f3n definitiva para espacios compactos. Perfecta para propietarios de caballos que gestionan establos o ganaderos, esta \u00e1gil m\u00e1quina maniobra sin esfuerzo en espacios estrechos. Equipada con una transmisi\u00f3n hidrost\u00e1tica y un potente motor Rato reconocido por su resistencia y funcionalidad, es una m\u00e1quina de ensue\u00f1o [...].<\/p>","protected":false},"featured_media":8497,"comment_status":"closed","ping_status":"closed","template":"","meta":{"_acf_changed":true},"product_cat":[87],"product_tag":[],"class_list":{"0":"post-8496","1":"product","2":"type-product","3":"status-publish","4":"has-post-thumbnail","6":"product_cat-wheel-loaders","8":"first","9":"instock","10":"shipping-taxable","11":"product-type-simple"},"acf":[],"_links":{"self":[{"href":"https:\/\/heracles.eu\/es\/wp-json\/wp\/v2\/product\/8496","targetHints":{"allow":["GET"]}}],"collection":[{"href":"https:\/\/heracles.eu\/es\/wp-json\/wp\/v2\/product"}],"about":[{"href":"https:\/\/heracles.eu\/es\/wp-json\/wp\/v2\/types\/product"}],"replies":[{"embeddable":true,"href":"https:\/\/heracles.eu\/es\/wp-json\/wp\/v2\/comments?post=8496"}],"wp:featuredmedia":[{"embeddable":true,"href":"https:\/\/heracles.eu\/es\/wp-json\/wp\/v2\/media\/8497"}],"wp:attachment":[{"href":"https:\/\/heracles.eu\/es\/wp-json\/wp\/v2\/media?parent=8496"}],"wp:term":[{"taxonomy":"product_cat","embeddable":true,"href":"https:\/\/heracles.eu\/es\/wp-json\/wp\/v2\/product_cat?post=8496"},{"taxonomy":"product_tag","embeddable":true,"href":"https:\/\/heracles.eu\/es\/wp-json\/wp\/v2\/product_tag?post=8496"}],"curies":[{"name":"wp","href":"https:\/\/api.w.org\/{rel}","templated":true}]}}