{"id":8640,"date":"2024-01-28T15:25:04","date_gmt":"2024-01-28T15:25:04","guid":{"rendered":"https:\/\/heracles.se.185-133-206-116.bb.kringelstan.se\/?post_type=product&#038;p=8640"},"modified":"2024-07-06T11:18:46","modified_gmt":"2024-07-06T11:18:46","slug":"heracles-h130e","status":"publish","type":"product","link":"https:\/\/heracles.eu\/es\/producto\/heracles-h130e\/","title":{"rendered":"Heracles H130E"},"content":{"rendered":"<div class=\"inner-content-wrap\">\n<h5 class=\"wp-block-heading has-medium-font-size\">Precisi\u00f3n en espacios reducidos, eficiencia en la agricultura.<\/h5>\n\n\n\n<p>Presentamos nuestra peque\u00f1a cargadora el\u00e9ctrica 3WD: La soluci\u00f3n ecol\u00f3gica para los granjeros. Ideal para propietarios de caballos que gestionan establos o ganaderos, esta silenciosa m\u00e1quina se desplaza sin esfuerzo por espacios estrechos.<\/p>\n\n\n\n<p>Con un motor el\u00e9ctrico y tecnolog\u00eda avanzada, garantiza un funcionamiento silencioso a la vez que mantiene la potencia para un trabajo estable y eficiente en las tareas agr\u00edcolas.<\/p>\n\n\n\n<p>Con su enganche r\u00e1pido Avant, admite m\u00e1s de 200 implementos, como cuchillas quitanieves, cortac\u00e9spedes, barredoras, horquillas y mucho m\u00e1s, ofreciendo versatilidad para diversas tareas.<\/p>\n\n\n\n<p>Con un peso de s\u00f3lo 500 kg, es f\u00e1cil de cargar en remolques, lo que proporciona comodidad y adaptabilidad para el transporte.<\/p>\n<\/div>","protected":false},"excerpt":{"rendered":"<p>Precisi\u00f3n en espacios reducidos, eficiencia en la agricultura. Presentamos nuestra peque\u00f1a cargadora el\u00e9ctrica 3WD: La soluci\u00f3n ecol\u00f3gica para los agricultores. Ideal para propietarios de caballos que gestionan establos o ganaderos, esta silenciosa m\u00e1quina se desplaza sin esfuerzo por espacios estrechos. Con un motor el\u00e9ctrico y tecnolog\u00eda avanzada, garantiza un funcionamiento silencioso a la vez que mantiene la potencia para un trabajo eficiente en el establo y las tareas agr\u00edcolas. [...]<\/p>","protected":false},"featured_media":8497,"comment_status":"closed","ping_status":"closed","template":"","meta":{"_acf_changed":true},"product_cat":[88],"product_tag":[],"class_list":{"0":"post-8640","1":"product","2":"type-product","3":"status-publish","4":"has-post-thumbnail","6":"product_cat-electrical-wheel-loaders","8":"first","9":"instock","10":"shipping-taxable","11":"product-type-simple"},"acf":[],"_links":{"self":[{"href":"https:\/\/heracles.eu\/es\/wp-json\/wp\/v2\/product\/8640","targetHints":{"allow":["GET"]}}],"collection":[{"href":"https:\/\/heracles.eu\/es\/wp-json\/wp\/v2\/product"}],"about":[{"href":"https:\/\/heracles.eu\/es\/wp-json\/wp\/v2\/types\/product"}],"replies":[{"embeddable":true,"href":"https:\/\/heracles.eu\/es\/wp-json\/wp\/v2\/comments?post=8640"}],"wp:featuredmedia":[{"embeddable":true,"href":"https:\/\/heracles.eu\/es\/wp-json\/wp\/v2\/media\/8497"}],"wp:attachment":[{"href":"https:\/\/heracles.eu\/es\/wp-json\/wp\/v2\/media?parent=8640"}],"wp:term":[{"taxonomy":"product_cat","embeddable":true,"href":"https:\/\/heracles.eu\/es\/wp-json\/wp\/v2\/product_cat?post=8640"},{"taxonomy":"product_tag","embeddable":true,"href":"https:\/\/heracles.eu\/es\/wp-json\/wp\/v2\/product_tag?post=8640"}],"curies":[{"name":"wp","href":"https:\/\/api.w.org\/{rel}","templated":true}]}}