{"id":8641,"date":"2024-01-28T15:31:11","date_gmt":"2024-01-28T15:31:11","guid":{"rendered":"https:\/\/heracles.se.185-133-206-116.bb.kringelstan.se\/?post_type=product&#038;p=8641"},"modified":"2024-07-12T13:48:10","modified_gmt":"2024-07-12T13:48:10","slug":"heracles-h160","status":"publish","type":"product","link":"https:\/\/heracles.eu\/es\/producto\/heracles-h160\/","title":{"rendered":"Heracles H160"},"content":{"rendered":"<div class=\"inner-content-wrap\">\n<h5 class=\"wp-block-heading has-medium-font-size\">Donde el alcance se une a la precisi\u00f3n: Minicargadora H160.<\/h5>\n\n\n\n<p>Presentamos la minicargadora H160: Donde el rendimiento se une a la practicidad. <\/p>\n\n\n\n<p>Dise\u00f1ada para ofrecer versatilidad, esta central el\u00e9ctrica compacta combina a la perfecci\u00f3n la eficiencia con su bajo peso de 1180 kg, lo que la hace ideal para diversas tareas. Gracias a su dise\u00f1o ergon\u00f3mico, se desplaza sin esfuerzo por espacios reducidos y ofrece un rendimiento inigualable. <\/p>\n\n\n\n<p>Equipada con el enganche r\u00e1pido Avant, ofrece compatibilidad con m\u00e1s de 200 implementos, garantizando la adaptabilidad para diversas aplicaciones. Experimente el equilibrio perfecto entre agilidad y potencia con la Minicargadora H160.<\/p>\n<\/div>","protected":false},"excerpt":{"rendered":"<p>Donde el alcance se une a la precisi\u00f3n: Minicargadora H160. Presentamos la minicargadora H160: Donde el rendimiento se une a la practicidad. Dise\u00f1ada para ofrecer versatilidad, esta potente m\u00e1quina compacta combina a la perfecci\u00f3n la eficiencia con su bajo peso de 1180 kg, lo que la hace ideal para diversas tareas. Gracias a su dise\u00f1o ergon\u00f3mico, se desplaza por espacios reducidos sin esfuerzo y ofrece un rendimiento inigualable. Equipada con el sistema Avant [...]<\/p>","protected":false},"featured_media":8647,"comment_status":"closed","ping_status":"closed","template":"","meta":{"_acf_changed":true},"product_cat":[87],"product_tag":[],"class_list":{"0":"post-8641","1":"product","2":"type-product","3":"status-publish","4":"has-post-thumbnail","6":"product_cat-wheel-loaders","8":"first","9":"instock","10":"shipping-taxable","11":"product-type-simple"},"acf":[],"_links":{"self":[{"href":"https:\/\/heracles.eu\/es\/wp-json\/wp\/v2\/product\/8641","targetHints":{"allow":["GET"]}}],"collection":[{"href":"https:\/\/heracles.eu\/es\/wp-json\/wp\/v2\/product"}],"about":[{"href":"https:\/\/heracles.eu\/es\/wp-json\/wp\/v2\/types\/product"}],"replies":[{"embeddable":true,"href":"https:\/\/heracles.eu\/es\/wp-json\/wp\/v2\/comments?post=8641"}],"wp:featuredmedia":[{"embeddable":true,"href":"https:\/\/heracles.eu\/es\/wp-json\/wp\/v2\/media\/8647"}],"wp:attachment":[{"href":"https:\/\/heracles.eu\/es\/wp-json\/wp\/v2\/media?parent=8641"}],"wp:term":[{"taxonomy":"product_cat","embeddable":true,"href":"https:\/\/heracles.eu\/es\/wp-json\/wp\/v2\/product_cat?post=8641"},{"taxonomy":"product_tag","embeddable":true,"href":"https:\/\/heracles.eu\/es\/wp-json\/wp\/v2\/product_tag?post=8641"}],"curies":[{"name":"wp","href":"https:\/\/api.w.org\/{rel}","templated":true}]}}