{"id":8659,"date":"2024-01-28T16:10:27","date_gmt":"2024-01-28T16:10:27","guid":{"rendered":"https:\/\/heracles.se.185-133-206-116.bb.kringelstan.se\/?post_type=product&#038;p=8659"},"modified":"2025-12-26T09:19:30","modified_gmt":"2025-12-26T09:19:30","slug":"heracles-h190t","status":"publish","type":"product","link":"https:\/\/heracles.eu\/es\/producto\/heracles-h190t\/","title":{"rendered":"Heracles H190T"},"content":{"rendered":"<div class=\"inner-content-wrap\">\n<h5 class=\"wp-block-heading has-medium-font-size\">Presentamos la cargadora telesc\u00f3pica H190T: Potencia inigualable, alcance elevado.<\/h5>\n\n\n\n<p>La cargadora telesc\u00f3pica H190T se erige como el pin\u00e1culo de la versatilidad y el rendimiento en su clase. Capaz de elevar hasta 3,5 metros de altura, redefine los est\u00e1ndares con su excepcional alcance y eficiencia.<\/p>\n\n\n\n<p>Designed to handle 1200kg effortlessly, this heavy-duty telescopic loader retains the robustness and reliability that our customers rely on. With a weight of 2200kg, it maintains the perfect balance between strength and maneuverability, ensuring stability and agility on any job site.<\/p>\n\n\n\n<p>Impulsada por un motor Yanmar de 3 cilindros, famoso por su durabilidad y longevidad, la cargadora telesc\u00f3pica H190T garantiza una potencia y resistencia excepcionales, asegurando un rendimiento constante durante toda su vida \u00fatil.<\/p>\n\n\n\n<p>Ya sea para cargar, elevar o transportar, la cargadora telesc\u00f3pica H190T ofrece una versatilidad y eficacia inigualables, lo que la convierte en la soluci\u00f3n definitiva para una amplia gama de aplicaciones.<\/p>\n\n\n\n<p>Experimente la cumbre del rendimiento y el alcance con la cargadora telesc\u00f3pica H190T: su socio de confianza para una productividad y un \u00e9xito elevados.<\/p>\n<\/div>","protected":false},"excerpt":{"rendered":"<p>Presentamos la cargadora telesc\u00f3pica H190T: Potencia inigualable, alcance elevado. La cargadora telesc\u00f3pica H190T se erige como el pin\u00e1culo de la versatilidad y el rendimiento en su clase. Capaz de elevar hasta 3,5 metros de altura, redefine los est\u00e1ndares con su excepcional alcance y eficiencia. Dise\u00f1ada para manejar 1200 kg sin esfuerzo, esta cargadora telesc\u00f3pica para trabajos pesados conserva la robustez y fiabilidad [...]<\/p>","protected":false},"featured_media":8666,"comment_status":"closed","ping_status":"closed","template":"","meta":{"_acf_changed":true},"product_cat":[89],"product_tag":[],"class_list":{"0":"post-8659","1":"product","2":"type-product","3":"status-publish","4":"has-post-thumbnail","6":"product_cat-telescopic-loaders","8":"first","9":"instock","10":"shipping-taxable","11":"product-type-simple"},"acf":[],"_links":{"self":[{"href":"https:\/\/heracles.eu\/es\/wp-json\/wp\/v2\/product\/8659","targetHints":{"allow":["GET"]}}],"collection":[{"href":"https:\/\/heracles.eu\/es\/wp-json\/wp\/v2\/product"}],"about":[{"href":"https:\/\/heracles.eu\/es\/wp-json\/wp\/v2\/types\/product"}],"replies":[{"embeddable":true,"href":"https:\/\/heracles.eu\/es\/wp-json\/wp\/v2\/comments?post=8659"}],"wp:featuredmedia":[{"embeddable":true,"href":"https:\/\/heracles.eu\/es\/wp-json\/wp\/v2\/media\/8666"}],"wp:attachment":[{"href":"https:\/\/heracles.eu\/es\/wp-json\/wp\/v2\/media?parent=8659"}],"wp:term":[{"taxonomy":"product_cat","embeddable":true,"href":"https:\/\/heracles.eu\/es\/wp-json\/wp\/v2\/product_cat?post=8659"},{"taxonomy":"product_tag","embeddable":true,"href":"https:\/\/heracles.eu\/es\/wp-json\/wp\/v2\/product_tag?post=8659"}],"curies":[{"name":"wp","href":"https:\/\/api.w.org\/{rel}","templated":true}]}}