{"id":8667,"date":"2024-01-28T16:26:14","date_gmt":"2024-01-28T16:26:14","guid":{"rendered":"https:\/\/heracles.se.185-133-206-116.bb.kringelstan.se\/?post_type=product&#038;p=8667"},"modified":"2024-07-09T07:54:29","modified_gmt":"2024-07-09T07:54:29","slug":"heracles-h220","status":"publish","type":"product","link":"https:\/\/heracles.eu\/es\/producto\/heracles-h220\/","title":{"rendered":"Heracles H220"},"content":{"rendered":"<div class=\"inner-content-wrap\">\n<h5 class=\"wp-block-heading has-medium-font-size\"><br>Cargadora de Ruedas Compacta: Versatilidad y comodidad inigualables.<\/h5>\n\n\n\n<p>La cargadora de ruedas compacta H220 redefine la eficiencia y el confort en su clase. Equipada con un potente motor Yanmar de 4 cilindros, esta m\u00e1quina garantiza un rendimiento robusto para un uso polivalente, realizando diversas tareas con facilidad.<\/p>\n\n\n\n<p>Con una espaciosa cabina con calefacci\u00f3n, la H220 proporciona a los operadores una comodidad sin igual, permitiendo un funcionamiento prolongado en cualquier condici\u00f3n meteorol\u00f3gica. Tanto si se trata de cargar, elevar o transportar materiales, esta cargadora de ruedas ofrece un confort y un control superiores.<\/p>\n\n\n\n<p>Con su dise\u00f1o compacto y su potente rendimiento, la H220 es perfecta para diversas aplicaciones en los sectores de la construcci\u00f3n, el paisajismo y la agricultura, entre otros. Experimente la combinaci\u00f3n perfecta de versatilidad y comodidad con la cargadora de ruedas compacta H220: la soluci\u00f3n definitiva para cualquier reto en el lugar de trabajo.<\/p>\n<\/div>","protected":false},"excerpt":{"rendered":"<p>Cargadora compacta de ruedas: Versatilidad y comodidad inigualables. La cargadora de ruedas compacta H220 redefine la eficiencia y el confort en su clase. Equipada con un potente motor Yanmar de 4 cilindros, esta m\u00e1quina garantiza un rendimiento robusto para un uso polivalente, realizando diversas tareas con facilidad. Con una espaciosa cabina con calefacci\u00f3n, la H220 proporciona a los operadores un confort sin igual, permitiendo una operaci\u00f3n prolongada [...].<\/p>","protected":false},"featured_media":8672,"comment_status":"closed","ping_status":"closed","template":"","meta":{"_acf_changed":true},"product_cat":[87],"product_tag":[],"class_list":{"0":"post-8667","1":"product","2":"type-product","3":"status-publish","4":"has-post-thumbnail","6":"product_cat-wheel-loaders","8":"first","9":"instock","10":"shipping-taxable","11":"product-type-simple"},"acf":[],"_links":{"self":[{"href":"https:\/\/heracles.eu\/es\/wp-json\/wp\/v2\/product\/8667","targetHints":{"allow":["GET"]}}],"collection":[{"href":"https:\/\/heracles.eu\/es\/wp-json\/wp\/v2\/product"}],"about":[{"href":"https:\/\/heracles.eu\/es\/wp-json\/wp\/v2\/types\/product"}],"replies":[{"embeddable":true,"href":"https:\/\/heracles.eu\/es\/wp-json\/wp\/v2\/comments?post=8667"}],"wp:featuredmedia":[{"embeddable":true,"href":"https:\/\/heracles.eu\/es\/wp-json\/wp\/v2\/media\/8672"}],"wp:attachment":[{"href":"https:\/\/heracles.eu\/es\/wp-json\/wp\/v2\/media?parent=8667"}],"wp:term":[{"taxonomy":"product_cat","embeddable":true,"href":"https:\/\/heracles.eu\/es\/wp-json\/wp\/v2\/product_cat?post=8667"},{"taxonomy":"product_tag","embeddable":true,"href":"https:\/\/heracles.eu\/es\/wp-json\/wp\/v2\/product_tag?post=8667"}],"curies":[{"name":"wp","href":"https:\/\/api.w.org\/{rel}","templated":true}]}}