{"id":8674,"date":"2024-01-28T16:39:17","date_gmt":"2024-01-28T16:39:17","guid":{"rendered":"https:\/\/heracles.se.185-133-206-116.bb.kringelstan.se\/?post_type=product&#038;p=8674"},"modified":"2024-07-06T13:12:54","modified_gmt":"2024-07-06T13:12:54","slug":"heracles-h220t","status":"publish","type":"product","link":"https:\/\/heracles.eu\/es\/producto\/heracles-h220t\/","title":{"rendered":"Heracles H220T"},"content":{"rendered":"<div class=\"inner-content-wrap\">\n<h5 class=\"wp-block-heading has-medium-font-size\"><br>Presentamos la cargadora telesc\u00f3pica de ruedas H220T: Redefiniendo el alcance y la versatilidad.<\/h5>\n\n\n\n<p>La cargadora telesc\u00f3pica de ruedas H220T representa el pin\u00e1culo de la innovaci\u00f3n en maquinaria compacta. Con su dise\u00f1o telesc\u00f3pico y un alcance ampliado de 3,5 m, ofrece una versatilidad inigualable para una amplia gama de aplicaciones.<\/p>\n\n\n\n<p>Impulsada por un robusto motor Yanmar de 4 cilindros, la H220T garantiza un rendimiento fiable, satisfaciendo sin esfuerzo las exigencias de diversas tareas. Su funcionalidad telesc\u00f3pica mejora la eficiencia y la flexibilidad en las obras, convirti\u00e9ndola en la soluci\u00f3n ideal para proyectos complejos.<\/p>\n\n\n\n<p>Con una espaciosa cabina equipada con calefacci\u00f3n, los operadores disfrutan de un confort excepcional durante operaciones prolongadas, independientemente de las condiciones meteorol\u00f3gicas. Desde la carga hasta la elevaci\u00f3n, la cargadora telesc\u00f3pica de ruedas H220T ofrece un rendimiento incomparable y un control preciso.<\/p>\n\n\n\n<p>Experimente el ep\u00edtome del alcance y la eficiencia con la cargadora telesc\u00f3pica de ruedas H220T: su compa\u00f1era de confianza para conquistar retos con facilidad y precisi\u00f3n.<\/p>\n<\/div>","protected":false},"excerpt":{"rendered":"<p>Presentamos la cargadora telesc\u00f3pica de ruedas H220T: Redefiniendo el alcance y la versatilidad. La cargadora telesc\u00f3pica de ruedas H220T representa el pin\u00e1culo de la innovaci\u00f3n en maquinaria compacta. Con su dise\u00f1o telesc\u00f3pico y su alcance ampliado de 3,5 m, ofrece una versatilidad inigualable para una amplia gama de aplicaciones. Impulsada por un robusto motor Yanmar de 4 cilindros, la H220T garantiza un rendimiento fiable, [...]<\/p>","protected":false},"featured_media":8675,"comment_status":"closed","ping_status":"closed","template":"","meta":{"_acf_changed":true},"product_cat":[89],"product_tag":[],"class_list":{"0":"post-8674","1":"product","2":"type-product","3":"status-publish","4":"has-post-thumbnail","6":"product_cat-telescopic-loaders","8":"first","9":"instock","10":"shipping-taxable","11":"product-type-simple"},"acf":[],"_links":{"self":[{"href":"https:\/\/heracles.eu\/es\/wp-json\/wp\/v2\/product\/8674","targetHints":{"allow":["GET"]}}],"collection":[{"href":"https:\/\/heracles.eu\/es\/wp-json\/wp\/v2\/product"}],"about":[{"href":"https:\/\/heracles.eu\/es\/wp-json\/wp\/v2\/types\/product"}],"replies":[{"embeddable":true,"href":"https:\/\/heracles.eu\/es\/wp-json\/wp\/v2\/comments?post=8674"}],"wp:featuredmedia":[{"embeddable":true,"href":"https:\/\/heracles.eu\/es\/wp-json\/wp\/v2\/media\/8675"}],"wp:attachment":[{"href":"https:\/\/heracles.eu\/es\/wp-json\/wp\/v2\/media?parent=8674"}],"wp:term":[{"taxonomy":"product_cat","embeddable":true,"href":"https:\/\/heracles.eu\/es\/wp-json\/wp\/v2\/product_cat?post=8674"},{"taxonomy":"product_tag","embeddable":true,"href":"https:\/\/heracles.eu\/es\/wp-json\/wp\/v2\/product_tag?post=8674"}],"curies":[{"name":"wp","href":"https:\/\/api.w.org\/{rel}","templated":true}]}}