{"id":8681,"date":"2024-01-28T16:53:51","date_gmt":"2024-01-28T16:53:51","guid":{"rendered":"https:\/\/heracles.se.185-133-206-116.bb.kringelstan.se\/?post_type=product&#038;p=8681"},"modified":"2024-07-19T13:19:47","modified_gmt":"2024-07-19T13:19:47","slug":"heracles-h580t","status":"publish","type":"product","link":"https:\/\/heracles.eu\/es\/producto\/heracles-h580t\/","title":{"rendered":"Heracles H580T"},"content":{"rendered":"<div class=\"inner-content-wrap\">\n<p class=\"has-medium-font-size\"><strong>Presentamos la cargadora telesc\u00f3pica de ruedas H580T: Alcance, potencia y durabilidad inigualables.<\/strong><\/p>\n\n\n\n<p>Con su extraordinario alcance telesc\u00f3pico de 4,7 metros, la cargadora telesc\u00f3pica de ruedas H580T redefine los l\u00edmites de la versatilidad y el rendimiento de la maquinaria pesada. Con una potencia de elevaci\u00f3n de 5.800 kg y una capacidad de carga m\u00e1xima de 3.000 kg, esta potente m\u00e1quina se erige como s\u00edmbolo de fuerza y fiabilidad en el sector.<\/p>\n\n\n\n<p>Ahora equipada con un sistema hidrost\u00e1tico de \u00faltima generaci\u00f3n, la H580T garantiza un sistema de transmisi\u00f3n duradero que puede resistir los retos m\u00e1s dif\u00edciles, proporcionando a los operadores una fiabilidad y tranquilidad inigualables.<\/p>\n\n\n\n<p>Dise\u00f1ada para destacar en multitud de aplicaciones, la H580T ofrece una potencia y una precisi\u00f3n excepcionales. Desde la manipulaci\u00f3n de materiales hasta los proyectos de construcci\u00f3n, su funcionalidad telesc\u00f3pica permite un alcance perfecto y una mayor eficiencia, lo que la convierte en la soluci\u00f3n definitiva para obras complejas.<\/p>\n\n\n\n<p>Gracias a su avanzada tecnolog\u00eda hidr\u00e1ulica, la H580T proporciona un control preciso y un funcionamiento suave, lo que permite a los operadores desplazarse con confianza y precisi\u00f3n. Su dise\u00f1o ergon\u00f3mico y sus controles intuitivos priorizan la comodidad del operador, minimizando la fatiga durante largos periodos de trabajo.<\/p>\n\n\n\n<p>Construida para soportar las condiciones m\u00e1s exigentes, la cargadora telesc\u00f3pica de ruedas H580T se ha fabricado pensando en la durabilidad y la longevidad. Sus componentes reforzados y su robusta construcci\u00f3n garantizan una fiabilidad sin igual, permitiendo a los operadores afrontar cualquier tarea con confianza.<\/p>\n\n\n\n<p>Experimente el pin\u00e1culo de la productividad y el rendimiento con la Cargadora de Ruedas Telesc\u00f3pica H580T. Desde obras de construcci\u00f3n hasta entornos agr\u00edcolas, esta vers\u00e1til m\u00e1quina est\u00e1 preparada para elevar sus operaciones a nuevas cotas, redefiniendo lo que es posible en el mundo de la maquinaria pesada.<\/p>\n<\/div>","protected":false},"excerpt":{"rendered":"<p>Presentamos la cargadora telesc\u00f3pica de ruedas H580T: Alcance, potencia y durabilidad inigualables. Con su extraordinario alcance telesc\u00f3pico de 4,7 metros, la cargadora telesc\u00f3pica de ruedas H580T redefine los l\u00edmites de la versatilidad y el rendimiento de la maquinaria pesada. Con una potencia de elevaci\u00f3n de 5.800 kg y una capacidad de carga m\u00e1xima de 3.000 kg, esta potente m\u00e1quina se erige como s\u00edmbolo de fuerza [...].<\/p>","protected":false},"featured_media":8714,"comment_status":"closed","ping_status":"closed","template":"","meta":{"_acf_changed":true},"product_cat":[89],"product_tag":[],"class_list":{"0":"post-8681","1":"product","2":"type-product","3":"status-publish","4":"has-post-thumbnail","6":"product_cat-telescopic-loaders","8":"first","9":"instock","10":"shipping-taxable","11":"product-type-simple"},"acf":[],"_links":{"self":[{"href":"https:\/\/heracles.eu\/es\/wp-json\/wp\/v2\/product\/8681","targetHints":{"allow":["GET"]}}],"collection":[{"href":"https:\/\/heracles.eu\/es\/wp-json\/wp\/v2\/product"}],"about":[{"href":"https:\/\/heracles.eu\/es\/wp-json\/wp\/v2\/types\/product"}],"replies":[{"embeddable":true,"href":"https:\/\/heracles.eu\/es\/wp-json\/wp\/v2\/comments?post=8681"}],"wp:featuredmedia":[{"embeddable":true,"href":"https:\/\/heracles.eu\/es\/wp-json\/wp\/v2\/media\/8714"}],"wp:attachment":[{"href":"https:\/\/heracles.eu\/es\/wp-json\/wp\/v2\/media?parent=8681"}],"wp:term":[{"taxonomy":"product_cat","embeddable":true,"href":"https:\/\/heracles.eu\/es\/wp-json\/wp\/v2\/product_cat?post=8681"},{"taxonomy":"product_tag","embeddable":true,"href":"https:\/\/heracles.eu\/es\/wp-json\/wp\/v2\/product_tag?post=8681"}],"curies":[{"name":"wp","href":"https:\/\/api.w.org\/{rel}","templated":true}]}}