{"id":8496,"date":"2024-01-15T14:11:32","date_gmt":"2024-01-15T14:11:32","guid":{"rendered":"https:\/\/heracles.se.185-133-206-116.bb.kringelstan.se\/?post_type=product&#038;p=8496"},"modified":"2024-07-01T14:11:24","modified_gmt":"2024-07-01T14:11:24","slug":"heracles-h130","status":"publish","type":"product","link":"https:\/\/heracles.eu\/fr\/produit\/heracles-h130\/","title":{"rendered":"Heracles H130"},"content":{"rendered":"<div class=\"inner-content-wrap\">\n<h5 class=\"wp-block-heading has-medium-font-size\">La pr\u00e9cision dans les espaces \u00e9troits, l'efficacit\u00e9 dans l'agriculture.<\/h5>\n\n\n\n<p>Pr\u00e9sentation de notre petite chargeuse \u00e0 3 roues motrices : La solution ultime pour les espaces compacts. Parfaite pour les propri\u00e9taires de chevaux qui g\u00e8rent des \u00e9curies ou les \u00e9leveurs de vaches, cette machine agile se d\u00e9place sans effort dans les zones \u00e9troites. <\/p>\n\n\n\n<p>\u00c9quip\u00e9 d'une transmission hydrostatique et d'un puissant moteur Rato r\u00e9put\u00e9 pour sa robustesse et sa fonctionnalit\u00e9, c'est une machine de r\u00eave pour un travail efficace \u00e0 l'\u00e9table et les travaux agricoles. <\/p>\n\n\n\n<p>Gr\u00e2ce \u00e0 son attache rapide Avant, il est compatible avec plus de 200 accessoires, notamment des lames \u00e0 neige, des tondeuses \u00e0 gazon, des balayeuses, des fourches, des fourchettes, des fraises \u00e0 neige, des bennes preneuses et bien d'autres encore, ce qui le rend polyvalent pour diverses t\u00e2ches. <\/p>\n\n\n\n<p>Pesant \u00e0 peine 500 kg, il est facile \u00e0 charger sur des remorques, offrant commodit\u00e9 et polyvalence pour le transport.<\/p>\n<\/div>","protected":false},"excerpt":{"rendered":"<p>Pr\u00e9cision dans les espaces \u00e9troits, efficacit\u00e9 dans l'agriculture. Pr\u00e9sentation de notre petite chargeuse \u00e0 3 roues motrices : La solution ultime pour les espaces compacts. Parfaite pour les propri\u00e9taires de chevaux qui g\u00e8rent des \u00e9curies ou les \u00e9leveurs de vaches, cette machine agile se d\u00e9place sans effort dans les zones \u00e9troites. \u00c9quip\u00e9e d'une transmission hydrostatique et d'un puissant moteur Rato r\u00e9put\u00e9 pour sa robustesse et sa fonctionnalit\u00e9, c'est une machine de r\u00eave [...]<\/p>","protected":false},"featured_media":8497,"comment_status":"closed","ping_status":"closed","template":"","meta":{"_acf_changed":true},"product_cat":[87],"product_tag":[],"class_list":{"0":"post-8496","1":"product","2":"type-product","3":"status-publish","4":"has-post-thumbnail","6":"product_cat-wheel-loaders","8":"first","9":"instock","10":"shipping-taxable","11":"product-type-simple"},"acf":[],"_links":{"self":[{"href":"https:\/\/heracles.eu\/fr\/wp-json\/wp\/v2\/product\/8496","targetHints":{"allow":["GET"]}}],"collection":[{"href":"https:\/\/heracles.eu\/fr\/wp-json\/wp\/v2\/product"}],"about":[{"href":"https:\/\/heracles.eu\/fr\/wp-json\/wp\/v2\/types\/product"}],"replies":[{"embeddable":true,"href":"https:\/\/heracles.eu\/fr\/wp-json\/wp\/v2\/comments?post=8496"}],"wp:featuredmedia":[{"embeddable":true,"href":"https:\/\/heracles.eu\/fr\/wp-json\/wp\/v2\/media\/8497"}],"wp:attachment":[{"href":"https:\/\/heracles.eu\/fr\/wp-json\/wp\/v2\/media?parent=8496"}],"wp:term":[{"taxonomy":"product_cat","embeddable":true,"href":"https:\/\/heracles.eu\/fr\/wp-json\/wp\/v2\/product_cat?post=8496"},{"taxonomy":"product_tag","embeddable":true,"href":"https:\/\/heracles.eu\/fr\/wp-json\/wp\/v2\/product_tag?post=8496"}],"curies":[{"name":"wp","href":"https:\/\/api.w.org\/{rel}","templated":true}]}}