{"id":8641,"date":"2024-01-28T15:31:11","date_gmt":"2024-01-28T15:31:11","guid":{"rendered":"https:\/\/heracles.se.185-133-206-116.bb.kringelstan.se\/?post_type=product&#038;p=8641"},"modified":"2024-07-12T13:48:10","modified_gmt":"2024-07-12T13:48:10","slug":"heracles-h160","status":"publish","type":"product","link":"https:\/\/heracles.eu\/fr\/produit\/heracles-h160\/","title":{"rendered":"H\u00e9racl\u00e8s H160"},"content":{"rendered":"<div class=\"inner-content-wrap\">\n<h5 class=\"wp-block-heading has-medium-font-size\">L\u00e0 o\u00f9 la port\u00e9e rencontre la pr\u00e9cision : Mini chargeur H160.<\/h5>\n\n\n\n<p>Pr\u00e9sentation de la mini-chargeuse H160 : La rencontre de la performance et de la praticit\u00e9. <\/p>\n\n\n\n<p>Con\u00e7ue pour \u00eatre polyvalente, cette machine compacte allie parfaitement efficacit\u00e9 et faible poids (1180 kg), ce qui la rend id\u00e9ale pour diverses t\u00e2ches. Gr\u00e2ce \u00e0 sa conception ergonomique, il se faufile sans effort dans les espaces restreints tout en offrant des performances in\u00e9gal\u00e9es. <\/p>\n\n\n\n<p>\u00c9quip\u00e9e de l'attache rapide Avant, elle est compatible avec plus de 200 accessoires, ce qui lui permet de s'adapter \u00e0 diverses applications. D\u00e9couvrez l'\u00e9quilibre parfait entre agilit\u00e9 et puissance avec la mini chargeuse H160.<\/p>\n<\/div>","protected":false},"excerpt":{"rendered":"<p>L\u00e0 o\u00f9 la port\u00e9e rencontre la pr\u00e9cision : Mini chargeur H160. Pr\u00e9sentation du mini chargeur H160 : L\u00e0 o\u00f9 les performances rencontrent la praticit\u00e9. Con\u00e7ue pour la polyvalence, cette machine compacte combine parfaitement l'efficacit\u00e9 avec son faible poids de 1180 kg, ce qui la rend id\u00e9ale pour diverses t\u00e2ches. Gr\u00e2ce \u00e0 sa conception ergonomique, elle se faufile sans effort dans les espaces restreints tout en offrant des performances in\u00e9gal\u00e9es. \u00c9quip\u00e9 du syst\u00e8me Avant quick [...]<\/p>","protected":false},"featured_media":8647,"comment_status":"closed","ping_status":"closed","template":"","meta":{"_acf_changed":true},"product_cat":[87],"product_tag":[],"class_list":{"0":"post-8641","1":"product","2":"type-product","3":"status-publish","4":"has-post-thumbnail","6":"product_cat-wheel-loaders","8":"first","9":"instock","10":"shipping-taxable","11":"product-type-simple"},"acf":[],"_links":{"self":[{"href":"https:\/\/heracles.eu\/fr\/wp-json\/wp\/v2\/product\/8641","targetHints":{"allow":["GET"]}}],"collection":[{"href":"https:\/\/heracles.eu\/fr\/wp-json\/wp\/v2\/product"}],"about":[{"href":"https:\/\/heracles.eu\/fr\/wp-json\/wp\/v2\/types\/product"}],"replies":[{"embeddable":true,"href":"https:\/\/heracles.eu\/fr\/wp-json\/wp\/v2\/comments?post=8641"}],"wp:featuredmedia":[{"embeddable":true,"href":"https:\/\/heracles.eu\/fr\/wp-json\/wp\/v2\/media\/8647"}],"wp:attachment":[{"href":"https:\/\/heracles.eu\/fr\/wp-json\/wp\/v2\/media?parent=8641"}],"wp:term":[{"taxonomy":"product_cat","embeddable":true,"href":"https:\/\/heracles.eu\/fr\/wp-json\/wp\/v2\/product_cat?post=8641"},{"taxonomy":"product_tag","embeddable":true,"href":"https:\/\/heracles.eu\/fr\/wp-json\/wp\/v2\/product_tag?post=8641"}],"curies":[{"name":"wp","href":"https:\/\/api.w.org\/{rel}","templated":true}]}}