{"id":8649,"date":"2024-01-28T15:47:59","date_gmt":"2024-01-28T15:47:59","guid":{"rendered":"https:\/\/heracles.se.185-133-206-116.bb.kringelstan.se\/?post_type=product&#038;p=8649"},"modified":"2024-07-12T13:56:52","modified_gmt":"2024-07-12T13:56:52","slug":"heracles-h190","status":"publish","type":"product","link":"https:\/\/heracles.eu\/fr\/produit\/heracles-h190\/","title":{"rendered":"H\u00e9racl\u00e8s H190"},"content":{"rendered":"<div class=\"inner-content-wrap\">\n<h5 class=\"wp-block-heading has-medium-font-size\">Pr\u00e9sentation du H190 : Notre cheval de bataille ultime.<\/h5>\n\n\n\n<p>Le H190 est notre mod\u00e8le phare, qui t\u00e9moigne de sa fiabilit\u00e9 et de sa puissance. Capable de manipuler facilement 1000 kg, cette chargeuse \u00e0 usage intensif est con\u00e7ue pour relever les d\u00e9fis les plus difficiles. Avec un poids de 2000 kg, elle atteint l'\u00e9quilibre parfait entre la force et l'agilit\u00e9, ce qui garantit sa stabilit\u00e9 dans divers environnements.<\/p>\n\n\n\n<p>Au c\u0153ur du H190 se trouve un robuste moteur Yanmar \u00e0 trois cylindres, r\u00e9put\u00e9 pour sa durabilit\u00e9 et sa long\u00e9vit\u00e9 exceptionnelles. Ce moteur garantit non seulement une puissance redoutable, mais aussi une longue dur\u00e9e de vie et des performances fiables, pour que votre investissement r\u00e9siste \u00e0 l'\u00e9preuve du temps.<\/p>\n\n\n\n<p>Construit pour exceller dans des conditions exigeantes, le H190 offre une efficacit\u00e9 et une polyvalence in\u00e9gal\u00e9es. Qu'il s'agisse de chargement, de levage ou de transport, ce cheval de bataille fournit des r\u00e9sultats constants, jour apr\u00e8s jour.<\/p>\n\n\n\n<p>Avec le H190 \u00e0 vos c\u00f4t\u00e9s, vous pouvez vous attaquer \u00e0 n'importe quel travail en toute confiance, sachant que vous avez un partenaire fiable qui est toujours \u00e0 la hauteur de la t\u00e2che. D\u00e9couvrez le summum de la performance et de la fiabilit\u00e9 - faites l'exp\u00e9rience du H190 d\u00e8s aujourd'hui.<\/p>\n<\/div>","protected":false},"excerpt":{"rendered":"<p>Pr\u00e9sentation du H190 : Notre cheval de bataille ultime. Le H190 est notre mod\u00e8le phare, un testament de fiabilit\u00e9 et de puissance. Capable de manipuler facilement 1 000 kg, cette chargeuse \u00e0 usage intensif est con\u00e7ue pour relever les d\u00e9fis les plus difficiles. Avec un poids de 2000 kg, elle atteint l'\u00e9quilibre parfait entre la force et l'agilit\u00e9, ce qui garantit sa stabilit\u00e9 dans divers environnements. A [...]<\/p>","protected":false},"featured_media":8654,"comment_status":"closed","ping_status":"closed","template":"","meta":{"_acf_changed":true},"product_cat":[87],"product_tag":[],"class_list":{"0":"post-8649","1":"product","2":"type-product","3":"status-publish","4":"has-post-thumbnail","6":"product_cat-wheel-loaders","8":"first","9":"instock","10":"shipping-taxable","11":"product-type-simple"},"acf":[],"_links":{"self":[{"href":"https:\/\/heracles.eu\/fr\/wp-json\/wp\/v2\/product\/8649","targetHints":{"allow":["GET"]}}],"collection":[{"href":"https:\/\/heracles.eu\/fr\/wp-json\/wp\/v2\/product"}],"about":[{"href":"https:\/\/heracles.eu\/fr\/wp-json\/wp\/v2\/types\/product"}],"replies":[{"embeddable":true,"href":"https:\/\/heracles.eu\/fr\/wp-json\/wp\/v2\/comments?post=8649"}],"wp:featuredmedia":[{"embeddable":true,"href":"https:\/\/heracles.eu\/fr\/wp-json\/wp\/v2\/media\/8654"}],"wp:attachment":[{"href":"https:\/\/heracles.eu\/fr\/wp-json\/wp\/v2\/media?parent=8649"}],"wp:term":[{"taxonomy":"product_cat","embeddable":true,"href":"https:\/\/heracles.eu\/fr\/wp-json\/wp\/v2\/product_cat?post=8649"},{"taxonomy":"product_tag","embeddable":true,"href":"https:\/\/heracles.eu\/fr\/wp-json\/wp\/v2\/product_tag?post=8649"}],"curies":[{"name":"wp","href":"https:\/\/api.w.org\/{rel}","templated":true}]}}