{"id":8659,"date":"2024-01-28T16:10:27","date_gmt":"2024-01-28T16:10:27","guid":{"rendered":"https:\/\/heracles.se.185-133-206-116.bb.kringelstan.se\/?post_type=product&#038;p=8659"},"modified":"2025-12-26T09:19:30","modified_gmt":"2025-12-26T09:19:30","slug":"heracles-h190t","status":"publish","type":"product","link":"https:\/\/heracles.eu\/fr\/produit\/heracles-h190t\/","title":{"rendered":"H\u00e9racl\u00e8s H190T"},"content":{"rendered":"<div class=\"inner-content-wrap\">\n<h5 class=\"wp-block-heading has-medium-font-size\">Pr\u00e9sentation du chargeur t\u00e9lescopique H190T : Une puissance in\u00e9gal\u00e9e, une port\u00e9e \u00e9lev\u00e9e.<\/h5>\n\n\n\n<p>Le chargeur t\u00e9lescopique H190T est le summum de la polyvalence et de la performance dans sa cat\u00e9gorie. Capable de soulever jusqu'\u00e0 3,5 m\u00e8tres de hauteur, il red\u00e9finit les normes gr\u00e2ce \u00e0 sa port\u00e9e et \u00e0 son efficacit\u00e9 exceptionnelles.<\/p>\n\n\n\n<p>Designed to handle 1200kg effortlessly, this heavy-duty telescopic loader retains the robustness and reliability that our customers rely on. With a weight of 2200kg, it maintains the perfect balance between strength and maneuverability, ensuring stability and agility on any job site.<\/p>\n\n\n\n<p>Aliment\u00e9 par un moteur Yanmar \u00e0 3 cylindres, r\u00e9put\u00e9 pour sa durabilit\u00e9 et sa long\u00e9vit\u00e9, le chargeur t\u00e9lescopique H190T garantit une puissance et une endurance exceptionnelles, assurant des performances constantes tout au long de sa dur\u00e9e de vie.<\/p>\n\n\n\n<p>Qu'il s'agisse de chargement, de levage ou de transport, le chargeur t\u00e9lescopique H190T offre une polyvalence et une efficacit\u00e9 in\u00e9gal\u00e9es, ce qui en fait la solution id\u00e9ale pour un large \u00e9ventail d'applications.<\/p>\n\n\n\n<p>D\u00e9couvrez le summum de la performance et de la port\u00e9e avec le chargeur t\u00e9lescopique H190T - votre partenaire fiable pour une productivit\u00e9 et une r\u00e9ussite accrues.<\/p>\n<\/div>","protected":false},"excerpt":{"rendered":"<p>Pr\u00e9sentation du chargeur t\u00e9lescopique H190T : Une puissance in\u00e9gal\u00e9e, une port\u00e9e \u00e9lev\u00e9e. Le chargeur t\u00e9lescopique H190T est le summum de la polyvalence et de la performance dans sa cat\u00e9gorie. Capable de soulever jusqu'\u00e0 3,5 m\u00e8tres de hauteur, il red\u00e9finit les normes gr\u00e2ce \u00e0 sa port\u00e9e et \u00e0 son efficacit\u00e9 exceptionnelles. Con\u00e7u pour manipuler 1200 kg sans effort, ce chargeur t\u00e9lescopique \u00e0 usage intensif conserve la robustesse et la fiabilit\u00e9 [...]<\/p>","protected":false},"featured_media":8666,"comment_status":"closed","ping_status":"closed","template":"","meta":{"_acf_changed":true},"product_cat":[89],"product_tag":[],"class_list":{"0":"post-8659","1":"product","2":"type-product","3":"status-publish","4":"has-post-thumbnail","6":"product_cat-telescopic-loaders","8":"first","9":"instock","10":"shipping-taxable","11":"product-type-simple"},"acf":[],"_links":{"self":[{"href":"https:\/\/heracles.eu\/fr\/wp-json\/wp\/v2\/product\/8659","targetHints":{"allow":["GET"]}}],"collection":[{"href":"https:\/\/heracles.eu\/fr\/wp-json\/wp\/v2\/product"}],"about":[{"href":"https:\/\/heracles.eu\/fr\/wp-json\/wp\/v2\/types\/product"}],"replies":[{"embeddable":true,"href":"https:\/\/heracles.eu\/fr\/wp-json\/wp\/v2\/comments?post=8659"}],"wp:featuredmedia":[{"embeddable":true,"href":"https:\/\/heracles.eu\/fr\/wp-json\/wp\/v2\/media\/8666"}],"wp:attachment":[{"href":"https:\/\/heracles.eu\/fr\/wp-json\/wp\/v2\/media?parent=8659"}],"wp:term":[{"taxonomy":"product_cat","embeddable":true,"href":"https:\/\/heracles.eu\/fr\/wp-json\/wp\/v2\/product_cat?post=8659"},{"taxonomy":"product_tag","embeddable":true,"href":"https:\/\/heracles.eu\/fr\/wp-json\/wp\/v2\/product_tag?post=8659"}],"curies":[{"name":"wp","href":"https:\/\/api.w.org\/{rel}","templated":true}]}}