{"id":8667,"date":"2024-01-28T16:26:14","date_gmt":"2024-01-28T16:26:14","guid":{"rendered":"https:\/\/heracles.se.185-133-206-116.bb.kringelstan.se\/?post_type=product&#038;p=8667"},"modified":"2024-07-09T07:54:29","modified_gmt":"2024-07-09T07:54:29","slug":"heracles-h220","status":"publish","type":"product","link":"https:\/\/heracles.eu\/fr\/produit\/heracles-h220\/","title":{"rendered":"Heracles H220"},"content":{"rendered":"<div class=\"inner-content-wrap\">\n<h5 class=\"wp-block-heading has-medium-font-size\"><br>Chargeuse sur pneus compacte : Polyvalence et confort in\u00e9gal\u00e9s.<\/h5>\n\n\n\n<p>La chargeuse sur pneus compacte H220 red\u00e9finit l'efficacit\u00e9 et le confort dans sa cat\u00e9gorie. \u00c9quip\u00e9e d'un puissant moteur Yanmar \u00e0 4 cylindres, cette machine garantit des performances robustes pour une utilisation polyvalente, en s'acquittant ais\u00e9ment de diverses t\u00e2ches.<\/p>\n\n\n\n<p>Dot\u00e9e d'une cabine spacieuse avec chauffage, la H220 offre \u00e0 l'op\u00e9rateur un confort in\u00e9gal\u00e9, permettant une utilisation prolong\u00e9e quelles que soient les conditions m\u00e9t\u00e9orologiques. Qu'il s'agisse de charger, de soulever ou de transporter des mat\u00e9riaux, cette chargeuse sur pneus offre un confort et un contr\u00f4le sup\u00e9rieurs.<\/p>\n\n\n\n<p>Avec sa conception compacte et ses performances puissantes, la H220 est parfaite pour diverses applications dans les domaines de la construction, de l'am\u00e9nagement paysager, de l'agriculture et bien plus encore. D\u00e9couvrez le m\u00e9lange parfait de polyvalence et de confort avec la chargeuse sur pneus compacte H220 - votre solution ultime pour tous les d\u00e9fis du chantier.<\/p>\n<\/div>","protected":false},"excerpt":{"rendered":"<p>Chargeuse sur pneus compacte : Polyvalence et confort in\u00e9gal\u00e9s. La chargeuse sur pneus compacte H220 red\u00e9finit l'efficacit\u00e9 et le confort dans sa cat\u00e9gorie. \u00c9quip\u00e9e d'un puissant moteur Yanmar \u00e0 4 cylindres, cette machine garantit des performances robustes pour une utilisation polyvalente, en s'acquittant ais\u00e9ment de t\u00e2ches diverses. Dot\u00e9e d'une cabine spacieuse avec chauffage, la H220 offre \u00e0 l'op\u00e9rateur un confort in\u00e9gal\u00e9, permettant une utilisation prolong\u00e9e [...]<\/p>","protected":false},"featured_media":8672,"comment_status":"closed","ping_status":"closed","template":"","meta":{"_acf_changed":true},"product_cat":[87],"product_tag":[],"class_list":{"0":"post-8667","1":"product","2":"type-product","3":"status-publish","4":"has-post-thumbnail","6":"product_cat-wheel-loaders","8":"first","9":"instock","10":"shipping-taxable","11":"product-type-simple"},"acf":[],"_links":{"self":[{"href":"https:\/\/heracles.eu\/fr\/wp-json\/wp\/v2\/product\/8667","targetHints":{"allow":["GET"]}}],"collection":[{"href":"https:\/\/heracles.eu\/fr\/wp-json\/wp\/v2\/product"}],"about":[{"href":"https:\/\/heracles.eu\/fr\/wp-json\/wp\/v2\/types\/product"}],"replies":[{"embeddable":true,"href":"https:\/\/heracles.eu\/fr\/wp-json\/wp\/v2\/comments?post=8667"}],"wp:featuredmedia":[{"embeddable":true,"href":"https:\/\/heracles.eu\/fr\/wp-json\/wp\/v2\/media\/8672"}],"wp:attachment":[{"href":"https:\/\/heracles.eu\/fr\/wp-json\/wp\/v2\/media?parent=8667"}],"wp:term":[{"taxonomy":"product_cat","embeddable":true,"href":"https:\/\/heracles.eu\/fr\/wp-json\/wp\/v2\/product_cat?post=8667"},{"taxonomy":"product_tag","embeddable":true,"href":"https:\/\/heracles.eu\/fr\/wp-json\/wp\/v2\/product_tag?post=8667"}],"curies":[{"name":"wp","href":"https:\/\/api.w.org\/{rel}","templated":true}]}}