{"id":8674,"date":"2024-01-28T16:39:17","date_gmt":"2024-01-28T16:39:17","guid":{"rendered":"https:\/\/heracles.se.185-133-206-116.bb.kringelstan.se\/?post_type=product&#038;p=8674"},"modified":"2024-07-06T13:12:54","modified_gmt":"2024-07-06T13:12:54","slug":"heracles-h220t","status":"publish","type":"product","link":"https:\/\/heracles.eu\/fr\/produit\/heracles-h220t\/","title":{"rendered":"H\u00e9racl\u00e8s H220T"},"content":{"rendered":"<div class=\"inner-content-wrap\">\n<h5 class=\"wp-block-heading has-medium-font-size\"><br>Pr\u00e9sentation de la chargeuse sur pneus t\u00e9lescopique H220T : Red\u00e9finir la port\u00e9e et la polyvalence.<\/h5>\n\n\n\n<p>La chargeuse sur pneus t\u00e9lescopique H220T repr\u00e9sente le summum de l'innovation en mati\u00e8re de machines compactes. Avec sa conception t\u00e9lescopique et sa port\u00e9e de 3,5 m, elle offre une polyvalence in\u00e9gal\u00e9e pour un large \u00e9ventail d'applications.<\/p>\n\n\n\n<p>Aliment\u00e9e par un robuste moteur Yanmar \u00e0 4 cylindres, la H220T garantit des performances fiables, r\u00e9pondant sans effort aux exigences de diverses t\u00e2ches. Sa fonctionnalit\u00e9 t\u00e9lescopique am\u00e9liore l'efficacit\u00e9 et la flexibilit\u00e9 sur les chantiers, ce qui en fait la solution id\u00e9ale pour les projets complexes.<\/p>\n\n\n\n<p>Avec une cabine spacieuse \u00e9quip\u00e9e d'un syst\u00e8me de chauffage, les op\u00e9rateurs b\u00e9n\u00e9ficient d'un confort exceptionnel pendant les op\u00e9rations prolong\u00e9es, quelles que soient les conditions m\u00e9t\u00e9orologiques. Du chargement au levage, la chargeuse sur pneus t\u00e9lescopique H220T offre des performances in\u00e9gal\u00e9es et un contr\u00f4le pr\u00e9cis.<\/p>\n\n\n\n<p>D\u00e9couvrez le summum de la port\u00e9e et de l'efficacit\u00e9 avec la chargeuse sur pneus t\u00e9lescopique H220T - votre compagnon de confiance pour relever les d\u00e9fis avec facilit\u00e9 et pr\u00e9cision.<\/p>\n<\/div>","protected":false},"excerpt":{"rendered":"<p>Pr\u00e9sentation de la chargeuse sur pneus t\u00e9lescopique H220T : Red\u00e9finir la port\u00e9e et la polyvalence. La chargeuse sur pneus t\u00e9lescopique H220T repr\u00e9sente le summum de l'innovation dans le domaine des machines compactes. Avec sa conception t\u00e9lescopique et sa port\u00e9e \u00e9tendue de 3,5 m, elle offre une polyvalence in\u00e9gal\u00e9e pour un large \u00e9ventail d'applications. \u00c9quip\u00e9e d'un robuste moteur Yanmar \u00e0 4 cylindres, la H220T garantit des performances fiables, sans effort [...]<\/p>","protected":false},"featured_media":8675,"comment_status":"closed","ping_status":"closed","template":"","meta":{"_acf_changed":true},"product_cat":[89],"product_tag":[],"class_list":{"0":"post-8674","1":"product","2":"type-product","3":"status-publish","4":"has-post-thumbnail","6":"product_cat-telescopic-loaders","8":"first","9":"instock","10":"shipping-taxable","11":"product-type-simple"},"acf":[],"_links":{"self":[{"href":"https:\/\/heracles.eu\/fr\/wp-json\/wp\/v2\/product\/8674","targetHints":{"allow":["GET"]}}],"collection":[{"href":"https:\/\/heracles.eu\/fr\/wp-json\/wp\/v2\/product"}],"about":[{"href":"https:\/\/heracles.eu\/fr\/wp-json\/wp\/v2\/types\/product"}],"replies":[{"embeddable":true,"href":"https:\/\/heracles.eu\/fr\/wp-json\/wp\/v2\/comments?post=8674"}],"wp:featuredmedia":[{"embeddable":true,"href":"https:\/\/heracles.eu\/fr\/wp-json\/wp\/v2\/media\/8675"}],"wp:attachment":[{"href":"https:\/\/heracles.eu\/fr\/wp-json\/wp\/v2\/media?parent=8674"}],"wp:term":[{"taxonomy":"product_cat","embeddable":true,"href":"https:\/\/heracles.eu\/fr\/wp-json\/wp\/v2\/product_cat?post=8674"},{"taxonomy":"product_tag","embeddable":true,"href":"https:\/\/heracles.eu\/fr\/wp-json\/wp\/v2\/product_tag?post=8674"}],"curies":[{"name":"wp","href":"https:\/\/api.w.org\/{rel}","templated":true}]}}