{"id":8677,"date":"2024-01-28T16:46:57","date_gmt":"2024-01-28T16:46:57","guid":{"rendered":"https:\/\/heracles.se.185-133-206-116.bb.kringelstan.se\/?post_type=product&#038;p=8677"},"modified":"2024-10-02T07:36:21","modified_gmt":"2024-10-02T07:36:21","slug":"heracles-h280","status":"publish","type":"product","link":"https:\/\/heracles.eu\/fr\/produit\/heracles-h280\/","title":{"rendered":"H\u00e9racl\u00e8s H280"},"content":{"rendered":"<div class=\"inner-content-wrap\">\n<h5 class=\"wp-block-heading has-medium-font-size\"><br><strong>H280 : Chargeuse sur pneus compacte : Polyvalence et confort in\u00e9gal\u00e9s<\/strong><\/h5>\n\n\n\n<p>La chargeuse sur pneus compacte H280 \u00e9tablit de nouvelles normes de polyvalence et de confort dans sa cat\u00e9gorie. \u00c9quip\u00e9e d'un robuste moteur Yanmar \u00e0 4 cylindres, cette machine garantit des performances exceptionnelles dans un large \u00e9ventail d'applications, en s'acquittant sans effort de t\u00e2ches diverses avec pr\u00e9cision et puissance.<\/p>\n\n\n\n<p>Con\u00e7ue pour le confort de l'op\u00e9rateur, la H280 est dot\u00e9e d'une cabine spacieuse \u00e9quip\u00e9e d'un syst\u00e8me de chauffage, ce qui permet \u00e0 l'op\u00e9rateur de rester \u00e0 l'aise et productif m\u00eame dans des conditions m\u00e9t\u00e9orologiques difficiles. Qu'il s'agisse de charger, de soulever ou de transporter des mat\u00e9riaux, cette chargeuse sur pneus offre un confort et un contr\u00f4le in\u00e9gal\u00e9s, am\u00e9liorant ainsi l'efficacit\u00e9 op\u00e9rationnelle sur tous les chantiers.<\/p>\n\n\n\n<p>Avec sa conception \u00e0 la fois compacte et puissante, la H280 est la solution parfaite pour diverses applications dans les domaines de la construction, de l'am\u00e9nagement paysager, de l'agriculture et bien plus encore. D\u00e9couvrez le m\u00e9lange parfait de polyvalence et de confort avec la chargeuse sur pneus compacte H280 - votre compagnon id\u00e9al pour relever tous les d\u00e9fis du chantier avec facilit\u00e9.<\/p>\n<\/div>","protected":false},"excerpt":{"rendered":"<p>H280: Compact Wheel Loader: Unmatched Versatility and Comfort The H280 Compact Wheel Loader sets new standards for versatility and comfort in its class. Powered by a robust 4-cylinder Yanmar engine, this machine guarantees exceptional performance across a wide range of applications, effortlessly handling diverse tasks with precision and power. Designed with operator comfort in mind, [&hellip;]<\/p>","protected":false},"featured_media":8726,"comment_status":"closed","ping_status":"closed","template":"","meta":{"_acf_changed":true},"product_cat":[87],"product_tag":[],"class_list":{"0":"post-8677","1":"product","2":"type-product","3":"status-publish","4":"has-post-thumbnail","6":"product_cat-wheel-loaders","8":"first","9":"instock","10":"shipping-taxable","11":"product-type-simple"},"acf":[],"_links":{"self":[{"href":"https:\/\/heracles.eu\/fr\/wp-json\/wp\/v2\/product\/8677","targetHints":{"allow":["GET"]}}],"collection":[{"href":"https:\/\/heracles.eu\/fr\/wp-json\/wp\/v2\/product"}],"about":[{"href":"https:\/\/heracles.eu\/fr\/wp-json\/wp\/v2\/types\/product"}],"replies":[{"embeddable":true,"href":"https:\/\/heracles.eu\/fr\/wp-json\/wp\/v2\/comments?post=8677"}],"wp:featuredmedia":[{"embeddable":true,"href":"https:\/\/heracles.eu\/fr\/wp-json\/wp\/v2\/media\/8726"}],"wp:attachment":[{"href":"https:\/\/heracles.eu\/fr\/wp-json\/wp\/v2\/media?parent=8677"}],"wp:term":[{"taxonomy":"product_cat","embeddable":true,"href":"https:\/\/heracles.eu\/fr\/wp-json\/wp\/v2\/product_cat?post=8677"},{"taxonomy":"product_tag","embeddable":true,"href":"https:\/\/heracles.eu\/fr\/wp-json\/wp\/v2\/product_tag?post=8677"}],"curies":[{"name":"wp","href":"https:\/\/api.w.org\/{rel}","templated":true}]}}