{"id":8678,"date":"2024-01-28T16:47:25","date_gmt":"2024-01-28T16:47:25","guid":{"rendered":"https:\/\/heracles.se.185-133-206-116.bb.kringelstan.se\/?post_type=product&#038;p=8678"},"modified":"2024-07-07T08:14:21","modified_gmt":"2024-07-07T08:14:21","slug":"heracles-h280e","status":"publish","type":"product","link":"https:\/\/heracles.eu\/fr\/produit\/heracles-h280e\/","title":{"rendered":"Heracles H280E"},"content":{"rendered":"<div class=\"inner-content-wrap\">\n<h5 class=\"wp-block-heading\">Les machines \u00e9lectriques sont meilleures, plus propres et plus respectueuses de l'environnement que leurs homologues \u00e0 moteur diesel.<\/h5>\n\n\n\n<p>En effet, ils sont g\u00e9n\u00e9ralement aliment\u00e9s par une batterie lithium-ion charg\u00e9e par l'\u00e9lectricit\u00e9, plut\u00f4t que par un moteur \u00e0 combustion fonctionnant avec des combustibles fossiles. Aucun gaz d'\u00e9chappement n'est produit, ce qui signifie qu'il y a moins de gaz \u00e0 effet de serre dangereux, tels que le dioxyde de carbone, qui sont expuls\u00e9s de la machine dans l'atmosph\u00e8re.<\/p>\n\n\n\n<p>Les machines \u00e0 moteur diesel sont beaucoup plus bruyantes que leurs \u00e9quivalents \u00e9lectriques. Cela est d\u00fb au processus de combustion, qui r\u00e9duit consid\u00e9rablement le bruit produit par la machine.<\/p>\n\n\n\n<p>Un autre avantage des machines \u00e9lectriques est qu'elles sont plus efficaces dans l'utilisation de leur \u00e9nergie qu'une machine fonctionnant au diesel. Environ 70% de l'\u00e9nergie produite par la batterie est transmise aux roues de la machine, contre seulement 20% de l'\u00e9nergie produite par un moteur diesel.<\/p>\n<\/div>","protected":false},"excerpt":{"rendered":"<p>Les machines \u00e9lectriques sont meilleures, plus propres et plus respectueuses de l'environnement que leurs homologues \u00e0 moteur diesel. En effet, elles sont g\u00e9n\u00e9ralement aliment\u00e9es par une batterie lithium-ion charg\u00e9e par l'\u00e9lectricit\u00e9, plut\u00f4t que par un moteur \u00e0 combustion fonctionnant avec des combustibles fossiles. Aucun gaz d'\u00e9chappement n'est produit, ce qui signifie qu'il y a moins de gaz \u00e0 effet de serre dangereux tels que le dioxyde de carbone [...]<\/p>","protected":false},"featured_media":8727,"comment_status":"closed","ping_status":"closed","template":"","meta":{"_acf_changed":true},"product_cat":[88],"product_tag":[],"class_list":{"0":"post-8678","1":"product","2":"type-product","3":"status-publish","4":"has-post-thumbnail","6":"product_cat-electrical-wheel-loaders","8":"first","9":"instock","10":"shipping-taxable","11":"product-type-simple"},"acf":[],"_links":{"self":[{"href":"https:\/\/heracles.eu\/fr\/wp-json\/wp\/v2\/product\/8678","targetHints":{"allow":["GET"]}}],"collection":[{"href":"https:\/\/heracles.eu\/fr\/wp-json\/wp\/v2\/product"}],"about":[{"href":"https:\/\/heracles.eu\/fr\/wp-json\/wp\/v2\/types\/product"}],"replies":[{"embeddable":true,"href":"https:\/\/heracles.eu\/fr\/wp-json\/wp\/v2\/comments?post=8678"}],"wp:featuredmedia":[{"embeddable":true,"href":"https:\/\/heracles.eu\/fr\/wp-json\/wp\/v2\/media\/8727"}],"wp:attachment":[{"href":"https:\/\/heracles.eu\/fr\/wp-json\/wp\/v2\/media?parent=8678"}],"wp:term":[{"taxonomy":"product_cat","embeddable":true,"href":"https:\/\/heracles.eu\/fr\/wp-json\/wp\/v2\/product_cat?post=8678"},{"taxonomy":"product_tag","embeddable":true,"href":"https:\/\/heracles.eu\/fr\/wp-json\/wp\/v2\/product_tag?post=8678"}],"curies":[{"name":"wp","href":"https:\/\/api.w.org\/{rel}","templated":true}]}}