{"id":8681,"date":"2024-01-28T16:53:51","date_gmt":"2024-01-28T16:53:51","guid":{"rendered":"https:\/\/heracles.se.185-133-206-116.bb.kringelstan.se\/?post_type=product&#038;p=8681"},"modified":"2024-07-19T13:19:47","modified_gmt":"2024-07-19T13:19:47","slug":"heracles-h580t","status":"publish","type":"product","link":"https:\/\/heracles.eu\/fr\/produit\/heracles-h580t\/","title":{"rendered":"Heracles H580T"},"content":{"rendered":"<div class=\"inner-content-wrap\">\n<p class=\"has-medium-font-size\"><strong>Pr\u00e9sentation de la chargeuse sur pneus t\u00e9lescopique H580T : Une port\u00e9e, une puissance et une durabilit\u00e9 in\u00e9gal\u00e9es.<\/strong><\/p>\n\n\n\n<p>Avec sa port\u00e9e t\u00e9lescopique remarquable de 4,7 m\u00e8tres, la chargeuse sur pneus t\u00e9lescopique H580T red\u00e9finit les limites de la polyvalence et des performances des machines lourdes. Avec une puissance de levage de 5800 kg et une capacit\u00e9 de charge maximale de 3000 kg, cette machine puissante est un symbole de force et de fiabilit\u00e9 dans l'industrie.<\/p>\n\n\n\n<p>D\u00e9sormais \u00e9quip\u00e9e d'un syst\u00e8me hydrostatique de pointe, la H580T garantit une transmission durable capable de relever les d\u00e9fis les plus difficiles, offrant aux op\u00e9rateurs une fiabilit\u00e9 et une tranquillit\u00e9 d'esprit in\u00e9gal\u00e9es.<\/p>\n\n\n\n<p>Con\u00e7ue pour exceller dans une multitude d'applications, la H580T offre une puissance et une pr\u00e9cision exceptionnelles. De la manutention aux projets de construction, sa fonctionnalit\u00e9 t\u00e9lescopique permet une port\u00e9e sans faille et une efficacit\u00e9 accrue, ce qui en fait la solution ultime pour les chantiers complexes.<\/p>\n\n\n\n<p>Dot\u00e9e d'une technologie hydraulique avanc\u00e9e, la H580T offre un contr\u00f4le pr\u00e9cis et un fonctionnement souple, permettant aux op\u00e9rateurs de naviguer en toute confiance et avec pr\u00e9cision. Sa conception ergonomique et ses commandes intuitives privil\u00e9gient le confort de l'op\u00e9rateur, minimisant la fatigue pendant les p\u00e9riodes de travail prolong\u00e9es.<\/p>\n\n\n\n<p>Con\u00e7ue pour r\u00e9sister aux conditions les plus exigeantes, la chargeuse sur pneus t\u00e9lescopique H580T est construite dans un souci de durabilit\u00e9 et de long\u00e9vit\u00e9. Des composants renforc\u00e9s et une construction robuste garantissent une fiabilit\u00e9 in\u00e9gal\u00e9e, permettant aux op\u00e9rateurs de s'attaquer \u00e0 n'importe quelle t\u00e2che en toute confiance.<\/p>\n\n\n\n<p>D\u00e9couvrez le summum de la productivit\u00e9 et de la performance avec la chargeuse sur pneus t\u00e9lescopique H580T. Des chantiers de construction aux exploitations agricoles, cette machine polyvalente est pr\u00eate \u00e0 \u00e9lever vos op\u00e9rations \u00e0 de nouveaux sommets, red\u00e9finissant ce qui est possible dans le monde de la machinerie lourde.<\/p>\n<\/div>","protected":false},"excerpt":{"rendered":"<p>Pr\u00e9sentation de la chargeuse sur pneus t\u00e9lescopique H580T : Une port\u00e9e, une puissance et une durabilit\u00e9 in\u00e9gal\u00e9es. Avec sa remarquable port\u00e9e t\u00e9lescopique de 4,7 m\u00e8tres, la chargeuse sur pneus t\u00e9lescopique H580T red\u00e9finit les limites de la polyvalence et des performances des machines lourdes. Avec une puissance de levage de 5800 kg et une capacit\u00e9 de charge maximale de 3000 kg, cette machine puissante est un symbole de force [...]<\/p>","protected":false},"featured_media":8714,"comment_status":"closed","ping_status":"closed","template":"","meta":{"_acf_changed":true},"product_cat":[89],"product_tag":[],"class_list":{"0":"post-8681","1":"product","2":"type-product","3":"status-publish","4":"has-post-thumbnail","6":"product_cat-telescopic-loaders","8":"first","9":"instock","10":"shipping-taxable","11":"product-type-simple"},"acf":[],"_links":{"self":[{"href":"https:\/\/heracles.eu\/fr\/wp-json\/wp\/v2\/product\/8681","targetHints":{"allow":["GET"]}}],"collection":[{"href":"https:\/\/heracles.eu\/fr\/wp-json\/wp\/v2\/product"}],"about":[{"href":"https:\/\/heracles.eu\/fr\/wp-json\/wp\/v2\/types\/product"}],"replies":[{"embeddable":true,"href":"https:\/\/heracles.eu\/fr\/wp-json\/wp\/v2\/comments?post=8681"}],"wp:featuredmedia":[{"embeddable":true,"href":"https:\/\/heracles.eu\/fr\/wp-json\/wp\/v2\/media\/8714"}],"wp:attachment":[{"href":"https:\/\/heracles.eu\/fr\/wp-json\/wp\/v2\/media?parent=8681"}],"wp:term":[{"taxonomy":"product_cat","embeddable":true,"href":"https:\/\/heracles.eu\/fr\/wp-json\/wp\/v2\/product_cat?post=8681"},{"taxonomy":"product_tag","embeddable":true,"href":"https:\/\/heracles.eu\/fr\/wp-json\/wp\/v2\/product_tag?post=8681"}],"curies":[{"name":"wp","href":"https:\/\/api.w.org\/{rel}","templated":true}]}}