{"id":8418,"date":"2024-01-14T07:10:04","date_gmt":"2024-01-14T07:10:04","guid":{"rendered":"https:\/\/heracles.se.185-133-206-116.bb.kringelstan.se\/?page_id=8418"},"modified":"2024-08-29T05:38:39","modified_gmt":"2024-08-29T05:38:39","slug":"service","status":"publish","type":"page","link":"https:\/\/heracles.eu\/sr\/service\/","title":{"rendered":"Servis"},"content":{"rendered":"<div class=\"inner-content-wrap\">\n<div class=\"wp-block-group\"><div class=\"wp-block-group__inner-container is-layout-constrained wp-block-group-is-layout-constrained\">\n<div class=\"wp-block-columns is-layout-flex wp-container-core-columns-is-layout-9d6595d7 wp-block-columns-is-layout-flex\">\n<div class=\"wp-block-column is-vertically-aligned-center is-layout-flow wp-block-column-is-layout-flow\">\n<h4 class=\"wp-block-heading\">Na\u0161i ovla\u0161\u0107eni serviseri se nalaze \u0161irom sveta i pru\u017eaju vam uslugu koja vam je potrebna. <\/h4>\n\n\n\n<p>Svi na\u0161i dileri obezbe\u0111uju rezervne delove i ovla\u0161\u0107eni su da vam pru\u017ee uslugu potrebnu da va\u0161a ma\u0161ina radi dugi niz godina. <\/p>\n<\/div>\n\n\n\n<div class=\"wp-block-column is-vertically-aligned-center is-layout-flow wp-block-column-is-layout-flow\">\n<figure class=\"wp-block-image size-full\"><img decoding=\"async\" width=\"660\" height=\"574\" data-src=\"https:\/\/heracles.se.185-133-206-116.bb.kringelstan.se\/wp-content\/uploads\/2024\/01\/1.png\" alt=\"\" class=\"wp-image-8515 lazyload\" data-srcset=\"https:\/\/heracles.eu\/wp-content\/uploads\/2024\/01\/1.png 660w, https:\/\/heracles.eu\/wp-content\/uploads\/2024\/01\/1-300x261.png 300w, https:\/\/heracles.eu\/wp-content\/uploads\/2024\/01\/1-600x522.png 600w\" data-sizes=\"(max-width: 660px) 100vw, 660px\" src=\"data:image\/svg+xml;base64,PHN2ZyB3aWR0aD0iMSIgaGVpZ2h0PSIxIiB4bWxucz0iaHR0cDovL3d3dy53My5vcmcvMjAwMC9zdmciPjwvc3ZnPg==\" style=\"--smush-placeholder-width: 660px; --smush-placeholder-aspect-ratio: 660\/574;\" \/><\/figure>\n<\/div>\n<\/div>\n\n\n\n<div class=\"wp-block-columns is-layout-flex wp-container-core-columns-is-layout-9d6595d7 wp-block-columns-is-layout-flex\">\n<div class=\"wp-block-column is-vertically-aligned-center is-layout-flow wp-block-column-is-layout-flow\">\n<figure class=\"wp-block-image size-full\"><img decoding=\"async\" width=\"469\" height=\"373\" data-src=\"https:\/\/heracles.se.185-133-206-116.bb.kringelstan.se\/wp-content\/uploads\/2024\/01\/1-1.png\" alt=\"\" class=\"wp-image-8519 lazyload\" data-srcset=\"https:\/\/heracles.eu\/wp-content\/uploads\/2024\/01\/1-1.png 469w, https:\/\/heracles.eu\/wp-content\/uploads\/2024\/01\/1-1-300x239.png 300w\" data-sizes=\"(max-width: 469px) 100vw, 469px\" src=\"data:image\/svg+xml;base64,PHN2ZyB3aWR0aD0iMSIgaGVpZ2h0PSIxIiB4bWxucz0iaHR0cDovL3d3dy53My5vcmcvMjAwMC9zdmciPjwvc3ZnPg==\" style=\"--smush-placeholder-width: 469px; --smush-placeholder-aspect-ratio: 469\/373;\" \/><\/figure>\n<\/div>\n\n\n\n<div class=\"wp-block-column is-vertically-aligned-center is-layout-flow wp-block-column-is-layout-flow\">\n<h4 class=\"wp-block-heading\">Tako\u0111e imamo glavno skladi\u0161te rezervnih delova u Evropi gde mo\u017eemo da obezbedimo delove sa brzom isporukom.<\/h4>\n\n\n\n<p>\u0414\u0430 \u043b\u0438 \u0436\u0435\u043b\u0438\u0442\u0435 \u0434\u0430 \u043f\u0440\u043e\u043d\u0430\u0452\u0435\u0442\u0435 \u043d\u0430\u0458\u0431\u043b\u0438\u0436\u0438 \u0441\u0435\u0440\u0432\u0438\u0441\u043d\u0438 \u0446\u0435\u043d\u0442\u0430\u0440?<\/p>\n\n\n\n<p>Kontaktirajte nas direktno na&nbsp;<a href=\"mailto:info@heracles-machinery.com\">Info@heracles.rs<\/a><\/p>\n<\/div>\n<\/div>\n<\/div><\/div>\n\n\n\n<h3 class=\"wp-block-heading\"><\/h3>\n\n\n<\/div>","protected":false},"excerpt":{"rendered":"<p>Our authorized service providers are located all over the world and provide you with the service you need. All of our dealers provide spare parts and are authorized to provide you with the service needed to keep your machine running for many years. We also have a main spare parts warehouse in Europe where we [&hellip;]<\/p>","protected":false},"author":1,"featured_media":0,"parent":0,"menu_order":3,"comment_status":"closed","ping_status":"closed","template":"","meta":{"_acf_changed":false,"footnotes":""},"class_list":["post-8418","page","type-page","status-publish","hentry"],"acf":[],"_links":{"self":[{"href":"https:\/\/heracles.eu\/sr\/wp-json\/wp\/v2\/pages\/8418","targetHints":{"allow":["GET"]}}],"collection":[{"href":"https:\/\/heracles.eu\/sr\/wp-json\/wp\/v2\/pages"}],"about":[{"href":"https:\/\/heracles.eu\/sr\/wp-json\/wp\/v2\/types\/page"}],"author":[{"embeddable":true,"href":"https:\/\/heracles.eu\/sr\/wp-json\/wp\/v2\/users\/1"}],"replies":[{"embeddable":true,"href":"https:\/\/heracles.eu\/sr\/wp-json\/wp\/v2\/comments?post=8418"}],"version-history":[{"count":15,"href":"https:\/\/heracles.eu\/sr\/wp-json\/wp\/v2\/pages\/8418\/revisions"}],"predecessor-version":[{"id":8934,"href":"https:\/\/heracles.eu\/sr\/wp-json\/wp\/v2\/pages\/8418\/revisions\/8934"}],"wp:attachment":[{"href":"https:\/\/heracles.eu\/sr\/wp-json\/wp\/v2\/media?parent=8418"}],"curies":[{"name":"wp","href":"https:\/\/api.w.org\/{rel}","templated":true}]}}