{"id":8422,"date":"2024-01-14T07:10:51","date_gmt":"2024-01-14T07:10:51","guid":{"rendered":"https:\/\/heracles.se.185-133-206-116.bb.kringelstan.se\/?page_id=8422"},"modified":"2024-02-23T13:55:16","modified_gmt":"2024-02-23T13:55:16","slug":"dealers","status":"publish","type":"page","link":"https:\/\/heracles.eu\/sr\/dealers\/","title":{"rendered":"Dileri"},"content":{"rendered":"<div class=\"inner-content-wrap\">\n<div class=\"wp-block-group\"><div class=\"wp-block-group__inner-container is-layout-constrained wp-block-group-is-layout-constrained\">\n<div class=\"wp-block-columns is-layout-flex wp-container-core-columns-is-layout-9d6595d7 wp-block-columns-is-layout-flex\">\n<div class=\"wp-block-column is-layout-flow wp-block-column-is-layout-flow\">\n<h6 class=\"wp-block-heading\">Posebno se zahvaljujemo na\u0161im dilerima, istinskim herojima koji stoje iza na\u0161eg uspeha. Svakog dana idu vi\u0161e i dalje da razumeju i zadovolje potrebe na\u0161ih kupaca. <\/h6>\n\n\n\n<p>Njihova posve\u0107enost i strast prema slu\u017eenje prevazilaze standarde i uvek nastoje da nadma\u0161e o\u010dekivanja. <\/p>\n<\/div>\n\n\n\n<div class=\"wp-block-column is-layout-flow wp-block-column-is-layout-flow\">\n<p>Kao kupac, mo\u017eete verovati da su na\u0161i dileri spremni da vam pomognu stru\u010dno\u0161\u0107u, ljubazno\u0161\u0107u i istinskom \u017eeljom da vam osiguraju najbolje mogu\u0107e iskustvo. Ponosni smo \u0161to imamo mre\u017eu posve\u0107enih partnera koji dele na\u0161u viziju kvaliteta i zadovoljstva kupaca.<\/p>\n<\/div>\n<\/div>\n\n\n\n<div class=\"wp-block-columns is-layout-flex wp-container-core-columns-is-layout-9d6595d7 wp-block-columns-is-layout-flex\">\n<div class=\"wp-block-column is-layout-flow wp-block-column-is-layout-flow\">\n<h3 class=\"wp-block-heading\">Postani diler<\/h3>\n\n\n<div class=\"wpforms-container wpforms-container-full wpforms-block wpforms-block-ccbd403a-4a36-4934-92f0-704045cbd9a1\" id=\"wpforms-8755\"><form id=\"wpforms-form-8755\" class=\"wpforms-validate wpforms-form\" data-formid=\"8755\" method=\"post\" enctype=\"multipart\/form-data\" action=\"\/sr\/wp-json\/wp\/v2\/pages\/8422\" data-token=\"af96e2c8990bf3903dccdc4718968db2\" data-token-time=\"1777213620\" data-trp-original-action=\"\/sr\/wp-json\/wp\/v2\/pages\/8422\"><noscript class=\"wpforms-error-noscript\">\u041e\u043c\u043e\u0433\u0443\u045b\u0438\u0442\u0435 \u0408\u0430\u0432\u0430\u0421\u0446\u0440\u0438\u043f\u0442 \u0443 \u0441\u0432\u043e\u043c \u043f\u0440\u0435\u0442\u0440\u0430\u0436\u0438\u0432\u0430\u0447\u0443 \u0434\u0430 \u0431\u0438\u0441\u0442\u0435 \u043f\u043e\u043f\u0443\u043d\u0438\u043b\u0438 \u043e\u0432\u0430\u0458 \u043e\u0431\u0440\u0430\u0437\u0430\u0446.<\/noscript><div class=\"wpforms-field-container\"><div id=\"wpforms-8755-field_32-container\" class=\"wpforms-field wpforms-field-html\" data-field-id=\"32\"><div id=\"wpforms-8755-field_32\"><h5>Kontakt informacije:<\/h5><\/div><\/div><div id=\"wpforms-8755-field_28-container\" class=\"wpforms-field wpforms-field-text\" data-field-id=\"28\"><label class=\"wpforms-field-label wpforms-label-hide\" for=\"wpforms-8755-field_28\">Puno ime<\/label><input type=\"text\" id=\"wpforms-8755-field_28\" class=\"wpforms-field-large\" name=\"wpforms[fields][28]\" placeholder=\"Puno ime\" ><\/div><div id=\"wpforms-8755-field_26-container\" class=\"wpforms-field wpforms-field-email\" data-field-id=\"26\"><label class=\"wpforms-field-label wpforms-label-hide\" for=\"wpforms-8755-field_26\">E-mail adresa <span class=\"wpforms-required-label\">*<\/span><\/label><input type=\"email\" id=\"wpforms-8755-field_26\" class=\"wpforms-field-large wpforms-field-required\" name=\"wpforms[fields][26]\" placeholder=\"E-mail adresa\" spellcheck=\"false\" required><\/div><div id=\"wpforms-8755-field_29-container\" class=\"wpforms-field wpforms-field-text\" data-field-id=\"29\"><label class=\"wpforms-field-label wpforms-label-hide\" for=\"wpforms-8755-field_29\">Broj telefona<\/label><input type=\"text\" id=\"wpforms-8755-field_29\" class=\"wpforms-field-large\" name=\"wpforms[fields][29]\" placeholder=\"Broj telefona\" ><\/div><div id=\"wpforms-8755-field_33-container\" class=\"wpforms-field wpforms-field-html\" data-field-id=\"33\"><div id=\"wpforms-8755-field_33\"><h5>Lokacija:<\/h5><\/div><\/div><div id=\"wpforms-8755-field_43-container\" class=\"wpforms-field wpforms-field-text\" data-field-id=\"43\"><label class=\"wpforms-field-label wpforms-label-hide\" for=\"wpforms-8755-field_43\">Dr\u017eava<\/label><input type=\"text\" id=\"wpforms-8755-field_43\" class=\"wpforms-field-large\" name=\"wpforms[fields][43]\" placeholder=\"Dr\u017eava\" ><\/div><div id=\"wpforms-8755-field_44-container\" class=\"wpforms-field wpforms-field-text\" data-field-id=\"44\"><label class=\"wpforms-field-label wpforms-label-hide\" for=\"wpforms-8755-field_44\">Grad\/Region<\/label><input type=\"text\" id=\"wpforms-8755-field_44\" class=\"wpforms-field-large\" name=\"wpforms[fields][44]\" placeholder=\"Grad\/Region\" ><\/div><div id=\"wpforms-8755-field_34-container\" class=\"wpforms-field wpforms-field-html\" data-field-id=\"34\"><div id=\"wpforms-8755-field_34\"><h5>Poslovni detalji<\/h5><\/div><\/div><div id=\"wpforms-8755-field_36-container\" class=\"wpforms-field wpforms-field-text\" data-field-id=\"36\"><label class=\"wpforms-field-label wpforms-label-hide\" for=\"wpforms-8755-field_36\">Naziv kompanije (ako je primenljivo)<\/label><input type=\"text\" id=\"wpforms-8755-field_36\" class=\"wpforms-field-large\" name=\"wpforms[fields][36]\" placeholder=\"Naziv kompanije (ako je primenljivo)\" ><\/div><div id=\"wpforms-8755-field_39-container\" class=\"wpforms-field wpforms-field-radio\" data-field-id=\"39\"><label class=\"wpforms-field-label wpforms-label-hide\">\u041f\u043e\u0441\u043b\u043e\u0432\u043d\u0438 \u0434\u0435\u0442\u0430\u0459\u0438<\/label><ul id=\"wpforms-8755-field_39\"><li class=\"choice-1 depth-1\"><input type=\"radio\" id=\"wpforms-8755-field_39_1\" name=\"wpforms[fields][39]\" value=\"Individual\"  ><label class=\"wpforms-field-label-inline\" for=\"wpforms-8755-field_39_1\">Fizicko lice<\/label><\/li><li class=\"choice-2 depth-1\"><input type=\"radio\" id=\"wpforms-8755-field_39_2\" name=\"wpforms[fields][39]\" value=\"Sole Proprietorship\"  ><label class=\"wpforms-field-label-inline\" for=\"wpforms-8755-field_39_2\">Privatno lice<\/label><\/li><li class=\"choice-4 depth-1\"><input type=\"radio\" id=\"wpforms-8755-field_39_4\" name=\"wpforms[fields][39]\" value=\"Partnership\"  ><label class=\"wpforms-field-label-inline\" for=\"wpforms-8755-field_39_4\">Partnerstvo<\/label><\/li><li class=\"choice-5 depth-1\"><input type=\"radio\" id=\"wpforms-8755-field_39_5\" name=\"wpforms[fields][39]\" value=\"Corporation\"  ><label class=\"wpforms-field-label-inline\" for=\"wpforms-8755-field_39_5\">D.O.O<\/label><\/li><\/ul><\/div><div id=\"wpforms-8755-field_40-container\" class=\"wpforms-field wpforms-field-html\" data-field-id=\"40\"><div id=\"wpforms-8755-field_40\"><h5>Iskustvo:<\/h5><\/div><\/div><div id=\"wpforms-8755-field_41-container\" class=\"wpforms-field wpforms-field-radio\" data-field-id=\"41\"><label class=\"wpforms-field-label\">Prethodno iskustvo u zastupanju<\/label><ul id=\"wpforms-8755-field_41\"><li class=\"choice-1 depth-1\"><input type=\"radio\" id=\"wpforms-8755-field_41_1\" name=\"wpforms[fields][41]\" value=\"Yes\"  ><label class=\"wpforms-field-label-inline\" for=\"wpforms-8755-field_41_1\">Da<\/label><\/li><li class=\"choice-2 depth-1\"><input type=\"radio\" id=\"wpforms-8755-field_41_2\" name=\"wpforms[fields][41]\" value=\"No\"  ><label class=\"wpforms-field-label-inline\" for=\"wpforms-8755-field_41_2\">Ne<\/label><\/li><\/ul><\/div><div id=\"wpforms-8755-field_42-container\" class=\"wpforms-field wpforms-field-textarea\" data-field-id=\"42\"><label class=\"wpforms-field-label\" for=\"wpforms-8755-field_42\">Poruka<\/label><textarea id=\"wpforms-8755-field_42\" class=\"wpforms-field-medium\" name=\"wpforms[fields][42]\" placeholder=\"Dodatni komentari ili pitanja koja podnosilac mo\u017ee imati?\" ><\/textarea><\/div><\/div><!-- .wpforms-field-container --><div class=\"wpforms-field wpforms-field-hp\"><label for=\"wpforms-8755-field-hp\" class=\"wpforms-field-label\">\u0412\u0435\u0431 \u0441\u0430\u0458\u0442<\/label><input type=\"text\" name=\"wpforms[hp]\" id=\"wpforms-8755-field-hp\" class=\"wpforms-field-medium\"><\/div><div class=\"wpforms-recaptcha-container wpforms-is-recaptcha wpforms-is-recaptcha-type-invisible\" ><div class=\"g-recaptcha\" data-sitekey=\"6Lc_qRgsAAAAAGQhOP4UcXaa8vTbrMjq4h0syL0O\" data-size=\"invisible\"><\/div><\/div><div class=\"wpforms-submit-container\" ><input type=\"hidden\" name=\"wpforms[id]\" value=\"8755\"><input type=\"hidden\" name=\"page_title\" value=\"\"><input type=\"hidden\" name=\"page_url\" value=\"https:\/\/heracles.eu\/sr\/wp-json\/wp\/v2\/pages\/8422\"><input type=\"hidden\" name=\"url_referer\" value=\"\"><button type=\"submit\" name=\"wpforms[submit]\" id=\"wpforms-submit-8755\" class=\"wpforms-submit\" data-alt-text=\"Sending...\" data-submit-text=\"Send\" aria-live=\"assertive\" value=\"wpforms-submit\">Po\u0161alji<\/button><\/div><input type=\"hidden\" name=\"trp-form-language\" value=\"sr\"\/><\/form><\/div>  <!-- .wpforms-container --><\/div>\n\n\n\n<div class=\"wp-block-column is-layout-flow wp-block-column-is-layout-flow\"><\/div>\n<\/div>\n<\/div><\/div>\n<\/div>","protected":false},"excerpt":{"rendered":"<p>\u041f\u043e\u0441\u0435\u0431\u043d\u043e \u0441\u0435 \u0437\u0430\u0445\u0432\u0430\u0459\u0443\u0458\u0435\u043c\u043e \u043d\u0430\u0448\u0438\u043c \u0434\u0438\u043b\u0435\u0440\u0438\u043c\u0430, \u0438\u0441\u0442\u0438\u043d\u0441\u043a\u0438\u043c \u0445\u0435\u0440\u043e\u0458\u0438\u043c\u0430 \u043a\u043e\u0458\u0438 \u0441\u0442\u043e\u0458\u0435 \u0438\u0437\u0430 \u043d\u0430\u0448\u0435\u0433 \u0443\u0441\u043f\u0435\u0445\u0430. \u0421\u0432\u0430\u043a\u043e\u0433 \u0434\u0430\u043d\u0430 \u0438\u0434\u0443 \u0438\u0437\u043d\u0430\u0434 \u0438 \u0434\u0430\u0459\u0435 \u0434\u0430 \u0440\u0430\u0437\u0443\u043c\u0435\u0458\u0443 \u0438 \u0437\u0430\u0434\u043e\u0432\u043e\u0459\u0435 \u043f\u043e\u0442\u0440\u0435\u0431\u0435 \u043d\u0430\u0448\u0438\u0445 \u043a\u0443\u043f\u0430\u0446\u0430. \u040a\u0438\u0445\u043e\u0432\u0430 \u043f\u043e\u0441\u0432\u0435\u045b\u0435\u043d\u043e\u0441\u0442 \u0438 \u0441\u0442\u0440\u0430\u0441\u0442 \u043f\u0440\u0435\u043c\u0430 \u0441\u043b\u0443\u0436\u0431\u0438 \u043f\u0440\u0435\u0432\u0430\u0437\u0438\u043b\u0430\u0437\u0435 \u0443\u043e\u0431\u0438\u0447\u0430\u0458\u0435\u043d\u0435 \u0438 \u0443\u0432\u0435\u043a \u043d\u0430\u0441\u0442\u043e\u0458\u0435 \u0434\u0430 \u043d\u0430\u0434\u043c\u0430\u0448\u0435 \u043e\u0447\u0435\u043a\u0438\u0432\u0430\u045a\u0430. \u041a\u0430\u043e \u043a\u0443\u043f\u0430\u0446, \u043c\u043e\u0436\u0435\u0442\u0435 \u0432\u0435\u0440\u043e\u0432\u0430\u0442\u0438 \u0434\u0430 \u0441\u0443 \u043d\u0430\u0448\u0438 \u043f\u0440\u043e\u0434\u0430\u0432\u0446\u0438 \u0441\u043f\u0440\u0435\u043c\u043d\u0438 [\u2026]<\/p>","protected":false},"author":1,"featured_media":0,"parent":0,"menu_order":5,"comment_status":"closed","ping_status":"closed","template":"","meta":{"_acf_changed":false,"footnotes":""},"class_list":["post-8422","page","type-page","status-publish","hentry"],"acf":[],"_links":{"self":[{"href":"https:\/\/heracles.eu\/sr\/wp-json\/wp\/v2\/pages\/8422","targetHints":{"allow":["GET"]}}],"collection":[{"href":"https:\/\/heracles.eu\/sr\/wp-json\/wp\/v2\/pages"}],"about":[{"href":"https:\/\/heracles.eu\/sr\/wp-json\/wp\/v2\/types\/page"}],"author":[{"embeddable":true,"href":"https:\/\/heracles.eu\/sr\/wp-json\/wp\/v2\/users\/1"}],"replies":[{"embeddable":true,"href":"https:\/\/heracles.eu\/sr\/wp-json\/wp\/v2\/comments?post=8422"}],"version-history":[{"count":21,"href":"https:\/\/heracles.eu\/sr\/wp-json\/wp\/v2\/pages\/8422\/revisions"}],"predecessor-version":[{"id":8932,"href":"https:\/\/heracles.eu\/sr\/wp-json\/wp\/v2\/pages\/8422\/revisions\/8932"}],"wp:attachment":[{"href":"https:\/\/heracles.eu\/sr\/wp-json\/wp\/v2\/media?parent=8422"}],"curies":[{"name":"wp","href":"https:\/\/api.w.org\/{rel}","templated":true}]}}