{"id":8444,"date":"2024-01-15T07:35:34","date_gmt":"2024-01-15T07:35:34","guid":{"rendered":"https:\/\/heracles.se.185-133-206-116.bb.kringelstan.se\/?post_type=product&#038;p=8444"},"modified":"2024-07-12T14:02:52","modified_gmt":"2024-07-12T14:02:52","slug":"heracles-h220e","status":"publish","type":"product","link":"https:\/\/heracles.eu\/sr\/\u043f\u0440\u043e\u0438\u0437\u0432\u043e\u0434\/heracles-h220e\/","title":{"rendered":"Heracles H220E"},"content":{"rendered":"<div class=\"inner-content-wrap\">\n<h5 class=\"wp-block-heading\">Elektri\u010dne ma\u0161ine su bolje, \u010distije i ljubaznije prema \u017eivotnoj sredini od svojih alternativa na dizel motor.<\/h5>\n\n\n\n<p>To je zato \u0161to se obi\u010dno napajaju litijum-jonskom baterijom koja se puni elektri\u010dnom energijom, a ne motorom sa unutra\u0161njim sagorevanjem koji radi na fosilna goriva. Izduvni gasovi se ne proizvode, \u0161to zna\u010di da postoje manje opasni gasovi kao \u0161to je ugljen-dioksid koji se izbacuje iz ma\u0161ine u atmosferu.<\/p>\n\n\n\n<p>Ma\u0161ine na dizel motor su mnogo bu\u010dnije od elektri\u010dnih alternativa. To je zbog procesa procesa sagorevanja, koji u velikoj meri smanjuje zvuk koji proizvodi ma\u0161ina.<\/p>\n\n\n\n<p>Jo\u0161 jedna prednost elektri\u010dnih ma\u0161ina je \u0161to su efikasnije u kori\u0161\u0107enju svoje snage u pore\u0111enju sa ma\u0161inama koje rade na dizel gorivo. Oko 70% snage koju proizvodi baterija sti\u017ee do to\u010dkova ma\u0161ine, u pore\u0111enju sa samo 20% snage koju proizvodi dizel motor.<\/p>\n<\/div>","protected":false},"excerpt":{"rendered":"<p>\u0415\u043b\u0435\u043a\u0442\u0440\u0438\u0447\u043d\u0435 \u043c\u0430\u0448\u0438\u043d\u0435 \u0441\u0443 \u0431\u043e\u0459\u0435, \u0447\u0438\u0441\u0442\u0438\u0458\u0435 \u0438 \u0459\u0443\u0431\u0430\u0437\u043d\u0438\u0458\u0435 \u043f\u0440\u0435\u043c\u0430 \u0436\u0438\u0432\u043e\u0442\u043d\u043e\u0458 \u0441\u0440\u0435\u0434\u0438\u043d\u0438 \u043e\u0434 \u0441\u0432\u043e\u0458\u0438\u0445 \u043a\u043e\u043b\u0435\u0433\u0430 \u043d\u0430 \u0434\u0438\u0437\u0435\u043b \u043c\u043e\u0442\u043e\u0440. \u0422\u043e \u0458\u0435 \u0437\u0430\u0442\u043e \u0448\u0442\u043e \u0441\u0435 \u043e\u0431\u0438\u0447\u043d\u043e \u043d\u0430\u043f\u0430\u0458\u0430\u0458\u0443 \u043b\u0438\u0442\u0438\u0458\u0443\u043c-\u0458\u043e\u043d\u0441\u043a\u043e\u043c \u0431\u0430\u0442\u0435\u0440\u0438\u0458\u043e\u043c \u043a\u043e\u0458\u0430 \u0441\u0435 \u043f\u0443\u043d\u0438 \u0435\u043b\u0435\u043a\u0442\u0440\u0438\u0447\u043d\u043e\u043c \u0435\u043d\u0435\u0440\u0433\u0438\u0458\u043e\u043c, \u0430 \u043d\u0435 \u043c\u043e\u0442\u043e\u0440\u043e\u043c \u0441\u0430 \u0443\u043d\u0443\u0442\u0440\u0430\u0448\u045a\u0438\u043c \u0441\u0430\u0433\u043e\u0440\u0435\u0432\u0430\u045a\u0435\u043c \u043a\u043e\u0458\u0438 \u0440\u0430\u0434\u0438 \u043d\u0430 \u0444\u043e\u0441\u0438\u043b\u043d\u0430 \u0433\u043e\u0440\u0438\u0432\u0430. \u0418\u0437\u0434\u0443\u0432\u043d\u0438 \u0433\u0430\u0441\u043e\u0432\u0438 \u0441\u0435 \u043d\u0435 \u043f\u0440\u043e\u0438\u0437\u0432\u043e\u0434\u0435, \u0448\u0442\u043e \u0437\u043d\u0430\u0447\u0438 \u0434\u0430 \u043f\u043e\u0441\u0442\u043e\u0458\u0435 \u043c\u0430\u045a\u0435 \u043e\u043f\u0430\u0441\u043d\u0438 \u0433\u0430\u0441\u043e\u0432\u0438 \u0441\u0442\u0430\u043a\u043b\u0435\u043d\u0435 \u0431\u0430\u0448\u0442\u0435 \u043a\u0430\u043e \u0448\u0442\u043e \u0458\u0435 \u0443\u0433\u0459\u0435\u043d-\u0434\u0438\u043e\u043a\u0441\u0438\u0434 \u043a\u043e\u0458\u0438 \u0458\u0435 [\u2026]<\/p>","protected":false},"featured_media":8445,"comment_status":"closed","ping_status":"closed","template":"","meta":{"_acf_changed":true},"product_cat":[88],"product_tag":[],"class_list":{"0":"post-8444","1":"product","2":"type-product","3":"status-publish","4":"has-post-thumbnail","6":"product_cat-electrical-wheel-loaders","8":"first","9":"instock","10":"shipping-taxable","11":"product-type-simple"},"acf":[],"_links":{"self":[{"href":"https:\/\/heracles.eu\/sr\/wp-json\/wp\/v2\/product\/8444","targetHints":{"allow":["GET"]}}],"collection":[{"href":"https:\/\/heracles.eu\/sr\/wp-json\/wp\/v2\/product"}],"about":[{"href":"https:\/\/heracles.eu\/sr\/wp-json\/wp\/v2\/types\/product"}],"replies":[{"embeddable":true,"href":"https:\/\/heracles.eu\/sr\/wp-json\/wp\/v2\/comments?post=8444"}],"wp:featuredmedia":[{"embeddable":true,"href":"https:\/\/heracles.eu\/sr\/wp-json\/wp\/v2\/media\/8445"}],"wp:attachment":[{"href":"https:\/\/heracles.eu\/sr\/wp-json\/wp\/v2\/media?parent=8444"}],"wp:term":[{"taxonomy":"product_cat","embeddable":true,"href":"https:\/\/heracles.eu\/sr\/wp-json\/wp\/v2\/product_cat?post=8444"},{"taxonomy":"product_tag","embeddable":true,"href":"https:\/\/heracles.eu\/sr\/wp-json\/wp\/v2\/product_tag?post=8444"}],"curies":[{"name":"wp","href":"https:\/\/api.w.org\/{rel}","templated":true}]}}