{"id":8492,"date":"2024-01-15T14:01:51","date_gmt":"2024-01-15T14:01:51","guid":{"rendered":"https:\/\/heracles.se.185-133-206-116.bb.kringelstan.se\/?post_type=product&#038;p=8492"},"modified":"2024-07-06T12:32:52","modified_gmt":"2024-07-06T12:32:52","slug":"heracles-h160t","status":"publish","type":"product","link":"https:\/\/heracles.eu\/sr\/\u043f\u0440\u043e\u0438\u0437\u0432\u043e\u0434\/heracles-h160t\/","title":{"rendered":"Heracles H160T"},"content":{"rendered":"<div class=\"inner-content-wrap\">\n<h5 class=\"wp-block-heading has-medium-font-size\">Tamo gde doseg sti\u017ee preciznost: H160T teleskopski mini utovariva\u010d.<\/h5>\n\n\n\n<p>Predstavljamo H160T teleskopski mini utovariva\u010d: gde se veliki domet susre\u0107e sa snagom. Dizajniran za svestranost, ova kompaktna ma\u0161ina bez napora kombinuje mogu\u0107nosti velikog dometa sa malom te\u017einom, \u0161to ga \u010dini idealnim za bezbroj zadataka. Sa svojim teleskopskim dizajnom, sa lako\u0107om se kre\u0107e u uskim prostorima, a istovremeno pru\u017ea neuporedive performanse. Opremljen brzom spojkom Avant, nudi kompatibilnost sa preko 200 dodataka, obezbe\u0111uju\u0107i prilagodljivost za razli\u010dite primene. Iskusite savr\u0161en spoj agilnosti i snage sa teleskopskim mini utovariva\u010dem H160T.<\/p>\n<\/div>","protected":false},"excerpt":{"rendered":"<p>\u0422\u0430\u043c\u043e \u0433\u0434\u0435 \u0434\u043e\u0441\u0435\u0433 \u0438 \u043f\u0440\u0435\u0446\u0438\u0437\u043d\u043e\u0441\u0442: \u0425160\u0422 \u0442\u0435\u043b\u0435\u0441\u043a\u043e\u043f\u0441\u043a\u0438 \u043c\u0438\u043d\u0438 \u0443\u0442\u043e\u0432\u0430\u0440\u0438\u0432\u0430\u0447. \u041f\u0440\u0435\u0434\u0441\u0442\u0430\u0432\u0459\u0430\u043c\u043e \u0425160\u0422 \u0442\u0435\u043b\u0435\u0441\u043a\u043e\u043f\u0441\u043a\u0438 \u043c\u0438\u043d\u0438 \u0443\u0442\u043e\u0432\u0430\u0440\u0438\u0432\u0430\u0447: \u0433\u0434\u0435 \u0441\u0435 \u0432\u0435\u043b\u0438\u043a\u0438 \u0434\u043e\u043c\u0435\u0442 \u0441\u0443\u0441\u0440\u0435\u045b\u0435 \u0441\u0430 \u043b\u0430\u0433\u0430\u043d\u043e\u043c \u0441\u043d\u0430\u0433\u043e\u043c. \u0414\u0438\u0437\u0430\u0458\u043d\u0438\u0440\u0430\u043d \u0437\u0430 \u0441\u0432\u0435\u0441\u0442\u0440\u0430\u043d\u043e\u0441\u0442, \u043e\u0432\u0430 \u043a\u043e\u043c\u043f\u0430\u043a\u0442\u043d\u0430 \u0435\u043b\u0435\u043a\u0442\u0440\u0430\u043d\u0430 \u0431\u0435\u0437 \u043d\u0430\u043f\u043e\u0440\u0430 \u043a\u043e\u043c\u0431\u0438\u043d\u0443\u0458\u0435 \u043c\u043e\u0433\u0443\u045b\u043d\u043e\u0441\u0442\u0438 \u0432\u0435\u043b\u0438\u043a\u043e\u0433 \u0434\u043e\u043c\u0435\u0442\u0430 \u0441\u0430 \u043c\u0430\u043b\u043e\u043c \u0442\u0435\u0436\u0438\u043d\u043e\u043c, \u0448\u0442\u043e \u0433\u0430 \u0447\u0438\u043d\u0438 \u0438\u0434\u0435\u0430\u043b\u043d\u0438\u043c \u0437\u0430 \u0431\u0435\u0437\u0431\u0440\u043e\u0458 \u0437\u0430\u0434\u0430\u0442\u0430\u043a\u0430. \u0421\u0430 \u0441\u0432\u043e\u0458\u0438\u043c \u0442\u0435\u043b\u0435\u0441\u043a\u043e\u043f\u0441\u043a\u0438\u043c \u0434\u0438\u0437\u0430\u0458\u043d\u043e\u043c, \u0441\u0430 \u043b\u0430\u043a\u043e\u045b\u043e\u043c \u0441\u0435 \u043a\u0440\u0435\u045b\u0435 \u043a\u0440\u043e\u0437 \u0443\u0441\u043a\u0435 \u043f\u0440\u043e\u0441\u0442\u043e\u0440\u0435 \u0434\u043e\u043a \u043f\u0440\u0443\u0436\u0430 \u043d\u0435\u0443\u043f\u043e\u0440\u0435\u0434\u0438\u0432\u043e [\u2026]<\/p>","protected":false},"featured_media":8493,"comment_status":"closed","ping_status":"closed","template":"","meta":{"_acf_changed":true},"product_cat":[89],"product_tag":[],"class_list":{"0":"post-8492","1":"product","2":"type-product","3":"status-publish","4":"has-post-thumbnail","6":"product_cat-telescopic-loaders","8":"first","9":"instock","10":"shipping-taxable","11":"product-type-simple"},"acf":[],"_links":{"self":[{"href":"https:\/\/heracles.eu\/sr\/wp-json\/wp\/v2\/product\/8492","targetHints":{"allow":["GET"]}}],"collection":[{"href":"https:\/\/heracles.eu\/sr\/wp-json\/wp\/v2\/product"}],"about":[{"href":"https:\/\/heracles.eu\/sr\/wp-json\/wp\/v2\/types\/product"}],"replies":[{"embeddable":true,"href":"https:\/\/heracles.eu\/sr\/wp-json\/wp\/v2\/comments?post=8492"}],"wp:featuredmedia":[{"embeddable":true,"href":"https:\/\/heracles.eu\/sr\/wp-json\/wp\/v2\/media\/8493"}],"wp:attachment":[{"href":"https:\/\/heracles.eu\/sr\/wp-json\/wp\/v2\/media?parent=8492"}],"wp:term":[{"taxonomy":"product_cat","embeddable":true,"href":"https:\/\/heracles.eu\/sr\/wp-json\/wp\/v2\/product_cat?post=8492"},{"taxonomy":"product_tag","embeddable":true,"href":"https:\/\/heracles.eu\/sr\/wp-json\/wp\/v2\/product_tag?post=8492"}],"curies":[{"name":"wp","href":"https:\/\/api.w.org\/{rel}","templated":true}]}}