{"id":8496,"date":"2024-01-15T14:11:32","date_gmt":"2024-01-15T14:11:32","guid":{"rendered":"https:\/\/heracles.se.185-133-206-116.bb.kringelstan.se\/?post_type=product&#038;p=8496"},"modified":"2024-07-01T14:11:24","modified_gmt":"2024-07-01T14:11:24","slug":"heracles-h130","status":"publish","type":"product","link":"https:\/\/heracles.eu\/sr\/\u043f\u0440\u043e\u0438\u0437\u0432\u043e\u0434\/heracles-h130\/","title":{"rendered":"Heracles H130"},"content":{"rendered":"<div class=\"inner-content-wrap\">\n<h5 class=\"wp-block-heading has-medium-font-size\">Preciznost u uskim prostorima, efikasnost u poljoprivredi.<\/h5>\n\n\n\n<p>Predstavljamo na\u0161 mali 3WD utovariva\u010d: ultimativno re\u0161enje za kompaktne prostore. Savr\u0161ena za vlasnike konja koji upravljaju \u0161talama ili uzgajiva\u010de krava, ova okretna ma\u0161ina manevrira bez napora u uskim prostorima. <\/p>\n\n\n\n<p>Opremljen hidrostati\u010dkim menja\u010dem i sna\u017enim Rato motorom poznatim po svojoj snazi i funkcionalnosti, to je ma\u0161ina iz snova za efikasan stabilan rad i poslove na farmi. <\/p>\n\n\n\n<p>Sa svojom brzom kop\u010dom Avant, nudi kompatibilnost sa preko 200 dodataka, uklju\u010duju\u0107i no\u017eeve za sneg, kosilice, ma\u0161ine za \u010di\u0161\u0107enje, vile, vilju\u0161ke, \u010dista\u010de snega, ka\u0161ike za grabljenje i jo\u0161 mnogo toga, \u0161to ga \u010dini raznovrsnim za razli\u010dite zadatke. <\/p>\n\n\n\n<p>Sa te\u017einom od samo 500 kg, lako se utovara u prikolice, nude\u0107i prakti\u010dnost i raznovrsnost za transport.<\/p>\n<\/div>","protected":false},"excerpt":{"rendered":"<p>Precision in Narrow Spaces, Efficiency in Agriculture. Introducing our Small 3WD Loader: The Ultimate Solution for Compact Spaces. Perfect for horse owners managing stables or cow farmers, this nimble machine maneuvers effortlessly in narrow areas. Equipped with a hydrostatic transmission and a powerful Rato engine renowned for its strength and functionality, it&#8217;s a dream machine [&hellip;]<\/p>","protected":false},"featured_media":8497,"comment_status":"closed","ping_status":"closed","template":"","meta":{"_acf_changed":true},"product_cat":[87],"product_tag":[],"class_list":{"0":"post-8496","1":"product","2":"type-product","3":"status-publish","4":"has-post-thumbnail","6":"product_cat-wheel-loaders","8":"first","9":"instock","10":"shipping-taxable","11":"product-type-simple"},"acf":[],"_links":{"self":[{"href":"https:\/\/heracles.eu\/sr\/wp-json\/wp\/v2\/product\/8496","targetHints":{"allow":["GET"]}}],"collection":[{"href":"https:\/\/heracles.eu\/sr\/wp-json\/wp\/v2\/product"}],"about":[{"href":"https:\/\/heracles.eu\/sr\/wp-json\/wp\/v2\/types\/product"}],"replies":[{"embeddable":true,"href":"https:\/\/heracles.eu\/sr\/wp-json\/wp\/v2\/comments?post=8496"}],"wp:featuredmedia":[{"embeddable":true,"href":"https:\/\/heracles.eu\/sr\/wp-json\/wp\/v2\/media\/8497"}],"wp:attachment":[{"href":"https:\/\/heracles.eu\/sr\/wp-json\/wp\/v2\/media?parent=8496"}],"wp:term":[{"taxonomy":"product_cat","embeddable":true,"href":"https:\/\/heracles.eu\/sr\/wp-json\/wp\/v2\/product_cat?post=8496"},{"taxonomy":"product_tag","embeddable":true,"href":"https:\/\/heracles.eu\/sr\/wp-json\/wp\/v2\/product_tag?post=8496"}],"curies":[{"name":"wp","href":"https:\/\/api.w.org\/{rel}","templated":true}]}}