{"id":8640,"date":"2024-01-28T15:25:04","date_gmt":"2024-01-28T15:25:04","guid":{"rendered":"https:\/\/heracles.se.185-133-206-116.bb.kringelstan.se\/?post_type=product&#038;p=8640"},"modified":"2024-07-06T11:18:46","modified_gmt":"2024-07-06T11:18:46","slug":"heracles-h130e","status":"publish","type":"product","link":"https:\/\/heracles.eu\/sr\/\u043f\u0440\u043e\u0438\u0437\u0432\u043e\u0434\/heracles-h130e\/","title":{"rendered":"Heracles H130E"},"content":{"rendered":"<div class=\"inner-content-wrap\">\n<h5 class=\"wp-block-heading has-medium-font-size\">Preciznost u uskim prostorima, efikasnost u poljoprivredi.<\/h5>\n\n\n\n<p>Predstavljamo na\u0161 mali elektri\u010dni utovariva\u010d na 3VD: ekolo\u0161ki prihvatljivo re\u0161enje za poljoprivrednike. Idealna za vlasnike konja koji upravljaju \u0161talama ili uzgajiva\u010de krava, ova tiha ma\u0161ina bez napora se kre\u0107e po uskim prostorima.<\/p>\n\n\n\n<p>Sa elektri\u010dnim motorom i naprednom tehnologijom, obezbe\u0111uje tih rad uz odr\u017eavanje snage za efikasan stabilan rad i poslove na farmi.<\/p>\n\n\n\n<p>Sa svojom brzom kop\u010dom Avant, nudi kompatibilnost sa preko 200 dodataka, uklju\u010duju\u0107i no\u017eeve za sneg, kosilice, ma\u0161ine za \u010di\u0161\u0107enje, vile, vilju\u0161ke, \u010dista\u010de snega, ka\u0161ike za grabljenje i jo\u0161 mnogo toga, \u0161to ga \u010dini raznovrsnim za razli\u010dite zadatke.<\/p>\n\n\n\n<p>Sa te\u017einom od samo 500 kg, lako se utovara u prikolice, nude\u0107i prakti\u010dnost i raznovrsnost za transport.<\/p>\n<\/div>","protected":false},"excerpt":{"rendered":"<p>\u041f\u0440\u0435\u0446\u0438\u0437\u043d\u043e\u0441\u0442 \u0443 \u0443\u0441\u043a\u0438\u043c \u043f\u0440\u043e\u0441\u0442\u043e\u0440\u0438\u043c\u0430, \u0435\u0444\u0438\u043a\u0430\u0441\u043d\u043e\u0441\u0442 \u0443 \u043f\u043e\u0459\u043e\u043f\u0440\u0438\u0432\u0440\u0435\u0434\u0438. \u041f\u0440\u0435\u0434\u0441\u0442\u0430\u0432\u0459\u0430\u043c\u043e \u043d\u0430\u0448 \u043c\u0430\u043b\u0438 \u0435\u043b\u0435\u043a\u0442\u0440\u0438\u0447\u043d\u0438 \u0443\u0442\u043e\u0432\u0430\u0440\u0438\u0432\u0430\u0447 \u043d\u0430 3\u0412\u0414: \u0435\u043a\u043e\u043b\u043e\u0448\u043a\u0438 \u043f\u0440\u0438\u0445\u0432\u0430\u0442\u0459\u0438\u0432\u043e \u0440\u0435\u0448\u0435\u045a\u0435 \u0437\u0430 \u043f\u043e\u0459\u043e\u043f\u0440\u0438\u0432\u0440\u0435\u0434\u043d\u0438\u043a\u0435. \u0418\u0434\u0435\u0430\u043b\u043d\u0430 \u0437\u0430 \u0432\u043b\u0430\u0441\u043d\u0438\u043a\u0435 \u043a\u043e\u045a\u0430 \u043a\u043e\u0458\u0438 \u0443\u043f\u0440\u0430\u0432\u0459\u0430\u0458\u0443 \u0448\u0442\u0430\u043b\u0430\u043c\u0430 \u0438\u043b\u0438 \u0443\u0437\u0433\u0430\u0458\u0438\u0432\u0430\u0447\u0435 \u043a\u0440\u0430\u0432\u0430, \u043e\u0432\u0430 \u0442\u0438\u0445\u0430 \u043c\u0430\u0448\u0438\u043d\u0430 \u0431\u0435\u0437 \u043d\u0430\u043f\u043e\u0440\u0430 \u0441\u0435 \u043a\u0440\u0435\u045b\u0435 \u043f\u043e \u0443\u0441\u043a\u0438\u043c \u043f\u0440\u043e\u0441\u0442\u043e\u0440\u0438\u043c\u0430. \u0421\u0430 \u0435\u043b\u0435\u043a\u0442\u0440\u0438\u0447\u043d\u0438\u043c \u043c\u043e\u0442\u043e\u0440\u043e\u043c \u0438 \u043d\u0430\u043f\u0440\u0435\u0434\u043d\u043e\u043c \u0442\u0435\u0445\u043d\u043e\u043b\u043e\u0433\u0438\u0458\u043e\u043c, \u043e\u0431\u0435\u0437\u0431\u0435\u0452\u0443\u0458\u0435 \u0442\u0438\u0445 \u0440\u0430\u0434 \u0443\u0437 \u043e\u0434\u0440\u0436\u0430\u0432\u0430\u045a\u0435 \u0441\u043d\u0430\u0433\u0435 \u0437\u0430 \u0435\u0444\u0438\u043a\u0430\u0441\u0430\u043d \u0441\u0442\u0430\u0431\u0438\u043b\u0430\u043d \u0440\u0430\u0434 \u0438 \u043f\u043e\u0441\u043b\u043e\u0432\u0435 \u043d\u0430 \u0444\u0430\u0440\u043c\u0438. [\u2026]<\/p>","protected":false},"featured_media":8497,"comment_status":"closed","ping_status":"closed","template":"","meta":{"_acf_changed":true},"product_cat":[88],"product_tag":[],"class_list":{"0":"post-8640","1":"product","2":"type-product","3":"status-publish","4":"has-post-thumbnail","6":"product_cat-electrical-wheel-loaders","8":"first","9":"instock","10":"shipping-taxable","11":"product-type-simple"},"acf":[],"_links":{"self":[{"href":"https:\/\/heracles.eu\/sr\/wp-json\/wp\/v2\/product\/8640","targetHints":{"allow":["GET"]}}],"collection":[{"href":"https:\/\/heracles.eu\/sr\/wp-json\/wp\/v2\/product"}],"about":[{"href":"https:\/\/heracles.eu\/sr\/wp-json\/wp\/v2\/types\/product"}],"replies":[{"embeddable":true,"href":"https:\/\/heracles.eu\/sr\/wp-json\/wp\/v2\/comments?post=8640"}],"wp:featuredmedia":[{"embeddable":true,"href":"https:\/\/heracles.eu\/sr\/wp-json\/wp\/v2\/media\/8497"}],"wp:attachment":[{"href":"https:\/\/heracles.eu\/sr\/wp-json\/wp\/v2\/media?parent=8640"}],"wp:term":[{"taxonomy":"product_cat","embeddable":true,"href":"https:\/\/heracles.eu\/sr\/wp-json\/wp\/v2\/product_cat?post=8640"},{"taxonomy":"product_tag","embeddable":true,"href":"https:\/\/heracles.eu\/sr\/wp-json\/wp\/v2\/product_tag?post=8640"}],"curies":[{"name":"wp","href":"https:\/\/api.w.org\/{rel}","templated":true}]}}