{"id":8641,"date":"2024-01-28T15:31:11","date_gmt":"2024-01-28T15:31:11","guid":{"rendered":"https:\/\/heracles.se.185-133-206-116.bb.kringelstan.se\/?post_type=product&#038;p=8641"},"modified":"2024-07-12T13:48:10","modified_gmt":"2024-07-12T13:48:10","slug":"heracles-h160","status":"publish","type":"product","link":"https:\/\/heracles.eu\/sr\/\u043f\u0440\u043e\u0438\u0437\u0432\u043e\u0434\/heracles-h160\/","title":{"rendered":"Heracles H160"},"content":{"rendered":"<div class=\"inner-content-wrap\">\n<h5 class=\"wp-block-heading has-medium-font-size\">\u0422\u0430\u043c\u043e \u0433\u0434\u0435 \u0434\u043e\u0441\u0435\u0433 \u0438 \u043f\u0440\u0435\u0446\u0438\u0437\u043d\u043e\u0441\u0442: \u0425160 \u043c\u0438\u043d\u0438 \u0443\u0442\u043e\u0432\u0430\u0440\u0438\u0432\u0430\u0447.<\/h5>\n\n\n\n<p>Predstavljamo mini utovariva\u010d H160: gde se performanse susre\u0107u sa prakti\u010dno\u0161\u0107u. <\/p>\n\n\n\n<p>Dizajniran za svestranost, ova kompaktna ma\u0161ina neprimetno kombinuje efikasnost sa svojom malom te\u017einom od 1180 kg, \u0161to ga \u010dini idealnim za razli\u010dite zadatke. Sa svojim ergonomskim dizajnom, bez napora se kre\u0107e u uskim prostorima, a istovremeno pru\u017ea neuporedive performanse. <\/p>\n\n\n\n<p>Opremljen brzom spojkom Avant, nudi kompatibilnost sa preko 200 dodataka, obezbe\u0111uju\u0107i prilagodljivost za razli\u010dite primene. Iskusite savr\u0161enu ravnote\u017eu agilnosti i snage sa mini utovariva\u010dem H160.<\/p>\n<\/div>","protected":false},"excerpt":{"rendered":"<p>\u0422\u0430\u043c\u043e \u0433\u0434\u0435 \u0434\u043e\u0441\u0435\u0433 \u0438 \u043f\u0440\u0435\u0446\u0438\u0437\u043d\u043e\u0441\u0442: \u0425160 \u043c\u0438\u043d\u0438 \u0443\u0442\u043e\u0432\u0430\u0440\u0438\u0432\u0430\u0447. \u041f\u0440\u0435\u0434\u0441\u0442\u0430\u0432\u0459\u0430\u043c\u043e \u043c\u0438\u043d\u0438 \u0443\u0442\u043e\u0432\u0430\u0440\u0438\u0432\u0430\u0447 \u0425160: \u0433\u0434\u0435 \u0441\u0435 \u043f\u0435\u0440\u0444\u043e\u0440\u043c\u0430\u043d\u0441\u0435 \u0441\u0443\u0441\u0440\u0435\u045b\u0443 \u0441\u0430 \u043f\u0440\u0430\u043a\u0442\u0438\u0447\u043d\u043e\u0448\u045b\u0443. \u0414\u0438\u0437\u0430\u0458\u043d\u0438\u0440\u0430\u043d \u0437\u0430 \u0441\u0432\u0435\u0441\u0442\u0440\u0430\u043d\u043e\u0441\u0442, \u043e\u0432\u0430 \u043a\u043e\u043c\u043f\u0430\u043a\u0442\u043d\u0430 \u0435\u043b\u0435\u043a\u0442\u0440\u0430\u043d\u0430 \u043d\u0435\u043f\u0440\u0438\u043c\u0435\u0442\u043d\u043e \u043a\u043e\u043c\u0431\u0438\u043d\u0443\u0458\u0435 \u0435\u0444\u0438\u043a\u0430\u0441\u043d\u043e\u0441\u0442 \u0441\u0430 \u0441\u0432\u043e\u0458\u043e\u043c \u043c\u0430\u043b\u043e\u043c \u0442\u0435\u0436\u0438\u043d\u043e\u043c \u043e\u0434 1180 \u043a\u0433, \u0448\u0442\u043e \u0433\u0430 \u0447\u0438\u043d\u0438 \u0438\u0434\u0435\u0430\u043b\u043d\u0438\u043c \u0437\u0430 \u0440\u0430\u0437\u043b\u0438\u0447\u0438\u0442\u0435 \u0437\u0430\u0434\u0430\u0442\u043a\u0435. \u0421\u0430 \u0441\u0432\u043e\u0458\u0438\u043c \u0435\u0440\u0433\u043e\u043d\u043e\u043c\u0441\u043a\u0438\u043c \u0434\u0438\u0437\u0430\u0458\u043d\u043e\u043c, \u0431\u0435\u0437 \u043d\u0430\u043f\u043e\u0440\u0430 \u0441\u0435 \u043a\u0440\u0435\u045b\u0435 \u0443 \u0443\u0441\u043a\u0438\u043c \u043f\u0440\u043e\u0441\u0442\u043e\u0440\u0438\u043c\u0430, \u0430 \u0438\u0441\u0442\u043e\u0432\u0440\u0435\u043c\u0435\u043d\u043e \u043f\u0440\u0443\u0436\u0430 \u043d\u0435\u0443\u043f\u043e\u0440\u0435\u0434\u0438\u0432\u0435 \u043f\u0435\u0440\u0444\u043e\u0440\u043c\u0430\u043d\u0441\u0435. \u041e\u043f\u0440\u0435\u043c\u0459\u0435\u043d \u0441\u0430 \u0410\u0432\u0430\u043d\u0442 \u0431\u0440\u0437\u0438\u043c [\u2026]<\/p>","protected":false},"featured_media":8647,"comment_status":"closed","ping_status":"closed","template":"","meta":{"_acf_changed":true},"product_cat":[87],"product_tag":[],"class_list":{"0":"post-8641","1":"product","2":"type-product","3":"status-publish","4":"has-post-thumbnail","6":"product_cat-wheel-loaders","8":"first","9":"instock","10":"shipping-taxable","11":"product-type-simple"},"acf":[],"_links":{"self":[{"href":"https:\/\/heracles.eu\/sr\/wp-json\/wp\/v2\/product\/8641","targetHints":{"allow":["GET"]}}],"collection":[{"href":"https:\/\/heracles.eu\/sr\/wp-json\/wp\/v2\/product"}],"about":[{"href":"https:\/\/heracles.eu\/sr\/wp-json\/wp\/v2\/types\/product"}],"replies":[{"embeddable":true,"href":"https:\/\/heracles.eu\/sr\/wp-json\/wp\/v2\/comments?post=8641"}],"wp:featuredmedia":[{"embeddable":true,"href":"https:\/\/heracles.eu\/sr\/wp-json\/wp\/v2\/media\/8647"}],"wp:attachment":[{"href":"https:\/\/heracles.eu\/sr\/wp-json\/wp\/v2\/media?parent=8641"}],"wp:term":[{"taxonomy":"product_cat","embeddable":true,"href":"https:\/\/heracles.eu\/sr\/wp-json\/wp\/v2\/product_cat?post=8641"},{"taxonomy":"product_tag","embeddable":true,"href":"https:\/\/heracles.eu\/sr\/wp-json\/wp\/v2\/product_tag?post=8641"}],"curies":[{"name":"wp","href":"https:\/\/api.w.org\/{rel}","templated":true}]}}