{"id":8649,"date":"2024-01-28T15:47:59","date_gmt":"2024-01-28T15:47:59","guid":{"rendered":"https:\/\/heracles.se.185-133-206-116.bb.kringelstan.se\/?post_type=product&#038;p=8649"},"modified":"2024-07-12T13:56:52","modified_gmt":"2024-07-12T13:56:52","slug":"heracles-h190","status":"publish","type":"product","link":"https:\/\/heracles.eu\/sr\/\u043f\u0440\u043e\u0438\u0437\u0432\u043e\u0434\/heracles-h190\/","title":{"rendered":"Heracles H190"},"content":{"rendered":"<div class=\"inner-content-wrap\">\n<h5 class=\"wp-block-heading has-medium-font-size\">\u041f\u0440\u0435\u0434\u0441\u0442\u0430\u0432\u0459\u0430\u043c\u043e \u0425190: \u041d\u0430\u0448 \u0432\u0440\u0445\u0443\u043d\u0441\u043a\u0438 \u0440\u0430\u0434\u043d\u0438 \u043a\u043e\u045a.<\/h5>\n\n\n\n<p>H190 je visok kao na\u0161 vode\u0107i model, svedo\u010danstvo pouzdanosti i snage. Sposoban da sa lako\u0107om nosi 1000 kg, ovaj utovariva\u010d za te\u0161ke uslove projektovan je za najte\u017ee izazove. Sa te\u017einom od 2000 kg, posti\u017ee savr\u0161enu ravnote\u017eu izme\u0111u snage i agilnosti, osiguravaju\u0107i stabilnost u razli\u010ditim okru\u017eenjima.<\/p>\n\n\n\n<p>U srcu H190 le\u017ei robustan 3-cilindri\u010dni Yanmar motor, poznat po svojoj izuzetnoj izdr\u017eljivosti i dugove\u010dnosti. Ovaj motor garantuje ne samo ogromnu snagu ve\u0107 i dug vek pouzdanih performansi, obezbe\u0111uju\u0107i da va\u0161a investicija izdr\u017ei test vremena.<\/p>\n\n\n\n<p>Napravljen da se isti\u010de u zahtevnim uslovima, H190 nudi neuporedivu efikasnost i svestranost. Bilo da se radi o utovaru, dizanju ili transportu, ova radna ma\u0161ina pru\u017ea konzistentne rezultate, iz dana u dan.<\/p>\n\n\n\n<p>Uz H190 uz sebe, mo\u017eete sa samopouzdanjem da se nosite sa bilo kojim poslom, znaju\u0107i da imate pouzdanog partnera koji je uvek na visini zadatka. Do\u017eivite vrhunac performansi i pouzdanosti \u2013 do\u017eivite H190 danas.<\/p>\n<\/div>","protected":false},"excerpt":{"rendered":"<p>Introducing the H190: Our Ultimate Workhorse. The H190 stands tall as our flagship model, a testament to reliability and power. Capable of handling 1000kg with ease, this heavy-duty loader is engineered for the toughest challenges. With a weight of 2000kg, it strikes the perfect balance between strength and agility, ensuring stability in diverse environments. At [&hellip;]<\/p>","protected":false},"featured_media":8654,"comment_status":"closed","ping_status":"closed","template":"","meta":{"_acf_changed":true},"product_cat":[87],"product_tag":[],"class_list":{"0":"post-8649","1":"product","2":"type-product","3":"status-publish","4":"has-post-thumbnail","6":"product_cat-wheel-loaders","8":"first","9":"instock","10":"shipping-taxable","11":"product-type-simple"},"acf":[],"_links":{"self":[{"href":"https:\/\/heracles.eu\/sr\/wp-json\/wp\/v2\/product\/8649","targetHints":{"allow":["GET"]}}],"collection":[{"href":"https:\/\/heracles.eu\/sr\/wp-json\/wp\/v2\/product"}],"about":[{"href":"https:\/\/heracles.eu\/sr\/wp-json\/wp\/v2\/types\/product"}],"replies":[{"embeddable":true,"href":"https:\/\/heracles.eu\/sr\/wp-json\/wp\/v2\/comments?post=8649"}],"wp:featuredmedia":[{"embeddable":true,"href":"https:\/\/heracles.eu\/sr\/wp-json\/wp\/v2\/media\/8654"}],"wp:attachment":[{"href":"https:\/\/heracles.eu\/sr\/wp-json\/wp\/v2\/media?parent=8649"}],"wp:term":[{"taxonomy":"product_cat","embeddable":true,"href":"https:\/\/heracles.eu\/sr\/wp-json\/wp\/v2\/product_cat?post=8649"},{"taxonomy":"product_tag","embeddable":true,"href":"https:\/\/heracles.eu\/sr\/wp-json\/wp\/v2\/product_tag?post=8649"}],"curies":[{"name":"wp","href":"https:\/\/api.w.org\/{rel}","templated":true}]}}