{"id":8659,"date":"2024-01-28T16:10:27","date_gmt":"2024-01-28T16:10:27","guid":{"rendered":"https:\/\/heracles.se.185-133-206-116.bb.kringelstan.se\/?post_type=product&#038;p=8659"},"modified":"2025-12-26T09:19:30","modified_gmt":"2025-12-26T09:19:30","slug":"heracles-h190t","status":"publish","type":"product","link":"https:\/\/heracles.eu\/sr\/\u043f\u0440\u043e\u0438\u0437\u0432\u043e\u0434\/heracles-h190t\/","title":{"rendered":"Heracles H190T"},"content":{"rendered":"<div class=\"inner-content-wrap\">\n<h5 class=\"wp-block-heading has-medium-font-size\">Predstavljamo teleskopski utovariva\u010d H190T: neuporediva snaga, povi\u0161en domet.<\/h5>\n\n\n\n<p>Teleskopski utovariva\u010d H190T predstavlja vrhunac svestranosti i performansi u svojoj klasi. Mo\u017ee da podi\u017ee \u010dak 3,5 metara, redefini\u0161e standarde svojim izuzetnim dosegom i efikasno\u0161\u0107u.<\/p>\n\n\n\n<p>Designed to handle 1200kg effortlessly, this heavy-duty telescopic loader retains the robustness and reliability that our customers rely on. With a weight of 2200kg, it maintains the perfect balance between strength and maneuverability, ensuring stability and agility on any job site.<\/p>\n\n\n\n<p>Pokre\u0107e ga 3-cilindri\u010dni Yanmar motor, poznat po svojoj izdr\u017eljivosti i dugove\u010dnosti, teleskopski utovariva\u010d H190T garantuje izuzetnu snagu i izdr\u017eljivost, obezbe\u0111uju\u0107i dosledne performanse tokom svog \u017eivotnog veka.<\/p>\n\n\n\n<p>Bilo da se radi o utovaru, podizanju ili transportu, teleskopski utovariva\u010d H190T pru\u017ea neuporedivu svestranost i efikasnost, \u0161to ga \u010dini vrhunskim re\u0161enjem za \u0161irok spektar primena.<\/p>\n\n\n\n<p>Do\u017eivite vrhunac performansi i doseg sa teleskopskim utovariva\u010dem H190T \u2013 va\u0161im pouzdanim partnerom za pove\u0107anu produktivnost i uspeh.<\/p>\n<\/div>","protected":false},"excerpt":{"rendered":"<p>\u041f\u0440\u0435\u0434\u0441\u0442\u0430\u0432\u0459\u0430\u043c\u043e \u0442\u0435\u043b\u0435\u0441\u043a\u043e\u043f\u0441\u043a\u0438 \u0443\u0442\u043e\u0432\u0430\u0440\u0438\u0432\u0430\u0447 \u0425190\u0422: \u043d\u0435\u0443\u043f\u043e\u0440\u0435\u0434\u0438\u0432\u0430 \u0441\u043d\u0430\u0433\u0430, \u043f\u043e\u0432\u0438\u0448\u0435\u043d \u0434\u043e\u043c\u0435\u0442. \u0422\u0435\u043b\u0435\u0441\u043a\u043e\u043f\u0441\u043a\u0438 \u0443\u0442\u043e\u0432\u0430\u0440\u0438\u0432\u0430\u0447 \u0425190\u0422 \u043f\u0440\u0435\u0434\u0441\u0442\u0430\u0432\u0459\u0430 \u0432\u0440\u0445\u0443\u043d\u0430\u0446 \u0441\u0432\u0435\u0441\u0442\u0440\u0430\u043d\u043e\u0441\u0442\u0438 \u0438 \u043f\u0435\u0440\u0444\u043e\u0440\u043c\u0430\u043d\u0441\u0438 \u0443 \u0441\u0432\u043e\u0458\u043e\u0458 \u043a\u043b\u0430\u0441\u0438. \u041c\u043e\u0436\u0435 \u0434\u0430 \u043f\u043e\u0434\u0438\u0436\u0435 \u0447\u0430\u043a 3,5 \u043c\u0435\u0442\u0430\u0440\u0430, \u0440\u0435\u0434\u0435\u0444\u0438\u043d\u0438\u0448\u0435 \u0441\u0442\u0430\u043d\u0434\u0430\u0440\u0434\u0435 \u0441\u0432\u043e\u0458\u0438\u043c \u0438\u0437\u0443\u0437\u0435\u0442\u043d\u0438\u043c \u0434\u043e\u0441\u0435\u0433\u043e\u043c \u0438 \u0435\u0444\u0438\u043a\u0430\u0441\u043d\u043e\u0448\u045b\u0443. \u0414\u0438\u0437\u0430\u0458\u043d\u0438\u0440\u0430\u043d \u0434\u0430 \u0431\u0435\u0437 \u043d\u0430\u043f\u043e\u0440\u0430 \u043d\u043e\u0441\u0438 1200 \u043a\u0433, \u043e\u0432\u0430\u0458 \u0442\u0435\u043b\u0435\u0441\u043a\u043e\u043f\u0441\u043a\u0438 \u0443\u0442\u043e\u0432\u0430\u0440\u0438\u0432\u0430\u0447 \u0437\u0430 \u0442\u0435\u0448\u043a\u0435 \u0443\u0441\u043b\u043e\u0432\u0435 \u0440\u0430\u0434\u0430 \u0437\u0430\u0434\u0440\u0436\u0430\u0432\u0430 \u0440\u043e\u0431\u0443\u0441\u043d\u043e\u0441\u0442 \u0438 \u043f\u043e\u0443\u0437\u0434\u0430\u043d\u043e\u0441\u0442 [\u2026]<\/p>","protected":false},"featured_media":8666,"comment_status":"closed","ping_status":"closed","template":"","meta":{"_acf_changed":true},"product_cat":[89],"product_tag":[],"class_list":{"0":"post-8659","1":"product","2":"type-product","3":"status-publish","4":"has-post-thumbnail","6":"product_cat-telescopic-loaders","8":"first","9":"instock","10":"shipping-taxable","11":"product-type-simple"},"acf":[],"_links":{"self":[{"href":"https:\/\/heracles.eu\/sr\/wp-json\/wp\/v2\/product\/8659","targetHints":{"allow":["GET"]}}],"collection":[{"href":"https:\/\/heracles.eu\/sr\/wp-json\/wp\/v2\/product"}],"about":[{"href":"https:\/\/heracles.eu\/sr\/wp-json\/wp\/v2\/types\/product"}],"replies":[{"embeddable":true,"href":"https:\/\/heracles.eu\/sr\/wp-json\/wp\/v2\/comments?post=8659"}],"wp:featuredmedia":[{"embeddable":true,"href":"https:\/\/heracles.eu\/sr\/wp-json\/wp\/v2\/media\/8666"}],"wp:attachment":[{"href":"https:\/\/heracles.eu\/sr\/wp-json\/wp\/v2\/media?parent=8659"}],"wp:term":[{"taxonomy":"product_cat","embeddable":true,"href":"https:\/\/heracles.eu\/sr\/wp-json\/wp\/v2\/product_cat?post=8659"},{"taxonomy":"product_tag","embeddable":true,"href":"https:\/\/heracles.eu\/sr\/wp-json\/wp\/v2\/product_tag?post=8659"}],"curies":[{"name":"wp","href":"https:\/\/api.w.org\/{rel}","templated":true}]}}