{"id":8667,"date":"2024-01-28T16:26:14","date_gmt":"2024-01-28T16:26:14","guid":{"rendered":"https:\/\/heracles.se.185-133-206-116.bb.kringelstan.se\/?post_type=product&#038;p=8667"},"modified":"2024-07-09T07:54:29","modified_gmt":"2024-07-09T07:54:29","slug":"heracles-h220","status":"publish","type":"product","link":"https:\/\/heracles.eu\/sr\/\u043f\u0440\u043e\u0438\u0437\u0432\u043e\u0434\/heracles-h220\/","title":{"rendered":"Heracles H220"},"content":{"rendered":"<div class=\"inner-content-wrap\">\n<h5 class=\"wp-block-heading has-medium-font-size\"><br>\u041a\u043e\u043c\u043f\u0430\u043a\u0442\u043d\u0438 \u0443\u0442\u043e\u0432\u0430\u0440\u0438\u0432\u0430\u0447 \u043d\u0430 \u0442\u043e\u0447\u043a\u043e\u0432\u0438\u043c\u0430: \u043d\u0435\u0443\u043f\u043e\u0440\u0435\u0434\u0438\u0432\u0430 \u0440\u0430\u0437\u043d\u043e\u0432\u0440\u0441\u043d\u043e\u0441\u0442 \u0438 \u0443\u0434\u043e\u0431\u043d\u043e\u0441\u0442.<\/h5>\n\n\n\n<p>H220 kompaktni utovariva\u010d na to\u010dkovima redefini\u0161e efikasnost i udobnost u svojoj klasi. Opremljena sna\u017enim 4-cilindri\u010dnim Yanmar motorom, ova ma\u0161ina obezbe\u0111uje robusne performanse za svestranu upotrebu, sa lako\u0107om obavljaju\u0107i razli\u010dite zadatke.<\/p>\n\n\n\n<p>Sa prostranom kabinom sa grejanjem, H220 pru\u017ea operaterima neuporedivu udobnost, omogu\u0107avaju\u0107i produ\u017eeni rad u svim vremenskim uslovima. Bilo da se radi o utovaru, podizanju ili transportu materijala, ovaj utovariva\u010d na to\u010dkovima pru\u017ea vrhunski komfor i kontrolu.<\/p>\n\n\n\n<p>Sa svojim kompaktnim dizajnom i mo\u0107nim performansama, H220 je savr\u0161en za razli\u010dite primene u gra\u0111evinarstvu, pejza\u017enom dizajnu, poljoprivredi i jo\u0161 mnogo toga. Do\u017eivite savr\u0161en spoj raznovrsnosti i udobnosti sa H220 kompaktnim utovariva\u010dem na to\u010dkovima \u2013 va\u0161im vrhunskim re\u0161enjem za svaki izazov na gradili\u0161tu.<\/p>\n<\/div>","protected":false},"excerpt":{"rendered":"<p>\u041a\u043e\u043c\u043f\u0430\u043a\u0442\u043d\u0438 \u0443\u0442\u043e\u0432\u0430\u0440\u0438\u0432\u0430\u0447 \u043d\u0430 \u0442\u043e\u0447\u043a\u043e\u0432\u0438\u043c\u0430: \u043d\u0435\u0443\u043f\u043e\u0440\u0435\u0434\u0438\u0432\u0430 \u0440\u0430\u0437\u043d\u043e\u0432\u0440\u0441\u043d\u043e\u0441\u0442 \u0438 \u0443\u0434\u043e\u0431\u043d\u043e\u0441\u0442. \u0425220 \u043a\u043e\u043c\u043f\u0430\u043a\u0442\u043d\u0438 \u0443\u0442\u043e\u0432\u0430\u0440\u0438\u0432\u0430\u0447 \u043d\u0430 \u0442\u043e\u0447\u043a\u043e\u0432\u0438\u043c\u0430 \u0440\u0435\u0434\u0435\u0444\u0438\u043d\u0438\u0448\u0435 \u0435\u0444\u0438\u043a\u0430\u0441\u043d\u043e\u0441\u0442 \u0438 \u0443\u0434\u043e\u0431\u043d\u043e\u0441\u0442 \u0443 \u0441\u0432\u043e\u0458\u043e\u0458 \u043a\u043b\u0430\u0441\u0438. \u041e\u043f\u0440\u0435\u043c\u0459\u0435\u043d\u0430 \u0441\u043d\u0430\u0436\u043d\u0438\u043c 4-\u0446\u0438\u043b\u0438\u043d\u0434\u0440\u0438\u0447\u043d\u0438\u043c \u0418\u0430\u043d\u043c\u0430\u0440 \u043c\u043e\u0442\u043e\u0440\u043e\u043c, \u043e\u0432\u0430 \u043c\u0430\u0448\u0438\u043d\u0430 \u043e\u0431\u0435\u0437\u0431\u0435\u0452\u0443\u0458\u0435 \u0440\u043e\u0431\u0443\u0441\u043d\u0435 \u043f\u0435\u0440\u0444\u043e\u0440\u043c\u0430\u043d\u0441\u0435 \u0437\u0430 \u0441\u0432\u0435\u0441\u0442\u0440\u0430\u043d\u0443 \u0443\u043f\u043e\u0442\u0440\u0435\u0431\u0443, \u0441\u0430 \u043b\u0430\u043a\u043e\u045b\u043e\u043c \u043e\u0431\u0430\u0432\u0459\u0430\u0458\u0443\u045b\u0438 \u0440\u0430\u0437\u043b\u0438\u0447\u0438\u0442\u0435 \u0437\u0430\u0434\u0430\u0442\u043a\u0435. \u0421\u0430 \u043f\u0440\u043e\u0441\u0442\u0440\u0430\u043d\u043e\u043c \u043a\u0430\u0431\u0438\u043d\u043e\u043c \u0441\u0430 \u0433\u0440\u0435\u0458\u0430\u045a\u0435\u043c, \u0425220 \u043f\u0440\u0443\u0436\u0430 \u043e\u043f\u0435\u0440\u0430\u0442\u0435\u0440\u0438\u043c\u0430 \u043d\u0435\u0443\u043f\u043e\u0440\u0435\u0434\u0438\u0432\u0443 \u0443\u0434\u043e\u0431\u043d\u043e\u0441\u0442, \u043e\u043c\u043e\u0433\u0443\u045b\u0430\u0432\u0430\u0458\u0443\u045b\u0438 \u043f\u0440\u043e\u0434\u0443\u0436\u0435\u043d\u0438 \u0440\u0430\u0434 [\u2026]<\/p>","protected":false},"featured_media":8672,"comment_status":"closed","ping_status":"closed","template":"","meta":{"_acf_changed":true},"product_cat":[87],"product_tag":[],"class_list":{"0":"post-8667","1":"product","2":"type-product","3":"status-publish","4":"has-post-thumbnail","6":"product_cat-wheel-loaders","8":"first","9":"instock","10":"shipping-taxable","11":"product-type-simple"},"acf":[],"_links":{"self":[{"href":"https:\/\/heracles.eu\/sr\/wp-json\/wp\/v2\/product\/8667","targetHints":{"allow":["GET"]}}],"collection":[{"href":"https:\/\/heracles.eu\/sr\/wp-json\/wp\/v2\/product"}],"about":[{"href":"https:\/\/heracles.eu\/sr\/wp-json\/wp\/v2\/types\/product"}],"replies":[{"embeddable":true,"href":"https:\/\/heracles.eu\/sr\/wp-json\/wp\/v2\/comments?post=8667"}],"wp:featuredmedia":[{"embeddable":true,"href":"https:\/\/heracles.eu\/sr\/wp-json\/wp\/v2\/media\/8672"}],"wp:attachment":[{"href":"https:\/\/heracles.eu\/sr\/wp-json\/wp\/v2\/media?parent=8667"}],"wp:term":[{"taxonomy":"product_cat","embeddable":true,"href":"https:\/\/heracles.eu\/sr\/wp-json\/wp\/v2\/product_cat?post=8667"},{"taxonomy":"product_tag","embeddable":true,"href":"https:\/\/heracles.eu\/sr\/wp-json\/wp\/v2\/product_tag?post=8667"}],"curies":[{"name":"wp","href":"https:\/\/api.w.org\/{rel}","templated":true}]}}