{"id":8677,"date":"2024-01-28T16:46:57","date_gmt":"2024-01-28T16:46:57","guid":{"rendered":"https:\/\/heracles.se.185-133-206-116.bb.kringelstan.se\/?post_type=product&#038;p=8677"},"modified":"2024-10-02T07:36:21","modified_gmt":"2024-10-02T07:36:21","slug":"heracles-h280","status":"publish","type":"product","link":"https:\/\/heracles.eu\/sr\/\u043f\u0440\u043e\u0438\u0437\u0432\u043e\u0434\/heracles-h280\/","title":{"rendered":"Heracles H280"},"content":{"rendered":"<div class=\"inner-content-wrap\">\n<h5 class=\"wp-block-heading has-medium-font-size\"><br><strong>H280: Kompaktni utovariva\u010d: Neuporediva raznovrsnost i udobnost<\/strong><\/h5>\n\n\n\n<p>H280 kompaktni utovariva\u010d postavlja nove standarde za svestranost i udobnost u svojoj klasi. Pokre\u0107ena robusnim 4-cilindri\u010dnim Yanmar motorom, ova ma\u0161ina garantuje izuzetne performanse u \u0161irokom spektru primena, bez napora, precizno i sna\u017enom obavljaju\u0107i razli\u010dite zadatke.<\/p>\n\n\n\n<p>Dizajniran imaju\u0107i na umu udobnost rukovaoca, H280 se mo\u017ee pohvaliti prostranom kabinom opremljenom grejanjem, osiguravaju\u0107i da rukovaoci ostanu udobni i produktivni \u010dak i u izazovnim vremenskim uslovima. Bilo da se radi o utovaru, podizanju ili transportu materijala, ovaj utovariva\u010d nudi udobnost i kontrolu bez premca, pobolj\u0161avaju\u0107i operativnu efikasnost na svakom gradili\u0161tu.<\/p>\n\n\n\n<p>Sa svojim kompaktnim, ali mo\u0107nim dizajnom, H280 je savr\u0161eno re\u0161enje za razli\u010dite primene u gra\u0111evinarstvu, pejza\u017enom ure\u0111enju, poljoprivredi i \u0161ire. Do\u017eivite besprekornu me\u0161avinu svestranosti i udobnosti sa H280 kompaktnim utovariva\u010dem \u2013 va\u0161im vrhunskim saputnikom za savladavanje bilo kog izazova na gradili\u0161tu sa lako\u0107om.<\/p>\n<\/div>","protected":false},"excerpt":{"rendered":"<p>\u0425280: \u041a\u043e\u043c\u043f\u0430\u043a\u0442\u043d\u0438 \u0443\u0442\u043e\u0432\u0430\u0440\u0438\u0432\u0430\u0447 \u043d\u0430 \u0442\u043e\u0447\u043a\u043e\u0432\u0438\u043c\u0430: \u041d\u0435\u0443\u043f\u043e\u0440\u0435\u0434\u0438\u0432\u0430 \u0440\u0430\u0437\u043d\u043e\u0432\u0440\u0441\u043d\u043e\u0441\u0442 \u0438 \u0443\u0434\u043e\u0431\u043d\u043e\u0441\u0442 \u0425280 \u041a\u043e\u043c\u043f\u0430\u043a\u0442\u043d\u0438 \u0443\u0442\u043e\u0432\u0430\u0440\u0438\u0432\u0430\u0447 \u043d\u0430 \u0442\u043e\u0447\u043a\u043e\u0432\u0438\u043c\u0430 \u043f\u043e\u0441\u0442\u0430\u0432\u0459\u0430 \u043d\u043e\u0432\u0435 \u0441\u0442\u0430\u043d\u0434\u0430\u0440\u0434\u0435 \u0437\u0430 \u0441\u0432\u0435\u0441\u0442\u0440\u0430\u043d\u043e\u0441\u0442 \u0438 \u0443\u0434\u043e\u0431\u043d\u043e\u0441\u0442 \u0443 \u0441\u0432\u043e\u0458\u043e\u0458 \u043a\u043b\u0430\u0441\u0438. \u041f\u043e\u043a\u0440\u0435\u045b\u0435\u043d\u0430 \u0440\u043e\u0431\u0443\u0441\u043d\u0438\u043c 4-\u0446\u0438\u043b\u0438\u043d\u0434\u0440\u0438\u0447\u043d\u0438\u043c \u0418\u0430\u043d\u043c\u0430\u0440 \u043c\u043e\u0442\u043e\u0440\u043e\u043c, \u043e\u0432\u0430 \u043c\u0430\u0448\u0438\u043d\u0430 \u0433\u0430\u0440\u0430\u043d\u0442\u0443\u0458\u0435 \u0438\u0437\u0443\u0437\u0435\u0442\u043d\u0435 \u043f\u0435\u0440\u0444\u043e\u0440\u043c\u0430\u043d\u0441\u0435 \u0443 \u0448\u0438\u0440\u043e\u043a\u043e\u043c \u0441\u043f\u0435\u043a\u0442\u0440\u0443 \u043f\u0440\u0438\u043c\u0435\u043d\u0430, \u0431\u0435\u0437 \u043d\u0430\u043f\u043e\u0440\u0430, \u043f\u0440\u0435\u0446\u0438\u0437\u043d\u043e \u0438 \u0441\u043d\u0430\u0436\u043d\u043e\u043c \u043e\u0431\u0430\u0432\u0459\u0430\u0458\u0443\u045b\u0438 \u0440\u0430\u0437\u043b\u0438\u0447\u0438\u0442\u0435 \u0437\u0430\u0434\u0430\u0442\u043a\u0435. \u0414\u0438\u0437\u0430\u0458\u043d\u0438\u0440\u0430\u043d \u0438\u043c\u0430\u0458\u0443\u045b\u0438 \u043d\u0430 \u0443\u043c\u0443 \u0443\u0434\u043e\u0431\u043d\u043e\u0441\u0442 \u0440\u0443\u043a\u043e\u0432\u0430\u043e\u0446\u0430, [\u2026]<\/p>","protected":false},"featured_media":8726,"comment_status":"closed","ping_status":"closed","template":"","meta":{"_acf_changed":true},"product_cat":[87],"product_tag":[],"class_list":{"0":"post-8677","1":"product","2":"type-product","3":"status-publish","4":"has-post-thumbnail","6":"product_cat-wheel-loaders","8":"first","9":"instock","10":"shipping-taxable","11":"product-type-simple"},"acf":[],"_links":{"self":[{"href":"https:\/\/heracles.eu\/sr\/wp-json\/wp\/v2\/product\/8677","targetHints":{"allow":["GET"]}}],"collection":[{"href":"https:\/\/heracles.eu\/sr\/wp-json\/wp\/v2\/product"}],"about":[{"href":"https:\/\/heracles.eu\/sr\/wp-json\/wp\/v2\/types\/product"}],"replies":[{"embeddable":true,"href":"https:\/\/heracles.eu\/sr\/wp-json\/wp\/v2\/comments?post=8677"}],"wp:featuredmedia":[{"embeddable":true,"href":"https:\/\/heracles.eu\/sr\/wp-json\/wp\/v2\/media\/8726"}],"wp:attachment":[{"href":"https:\/\/heracles.eu\/sr\/wp-json\/wp\/v2\/media?parent=8677"}],"wp:term":[{"taxonomy":"product_cat","embeddable":true,"href":"https:\/\/heracles.eu\/sr\/wp-json\/wp\/v2\/product_cat?post=8677"},{"taxonomy":"product_tag","embeddable":true,"href":"https:\/\/heracles.eu\/sr\/wp-json\/wp\/v2\/product_tag?post=8677"}],"curies":[{"name":"wp","href":"https:\/\/api.w.org\/{rel}","templated":true}]}}