{"id":8679,"date":"2024-01-28T16:48:15","date_gmt":"2024-01-28T16:48:15","guid":{"rendered":"https:\/\/heracles.se.185-133-206-116.bb.kringelstan.se\/?post_type=product&#038;p=8679"},"modified":"2024-07-12T13:02:33","modified_gmt":"2024-07-12T13:02:33","slug":"heracles-h280t","status":"publish","type":"product","link":"https:\/\/heracles.eu\/sr\/\u043f\u0440\u043e\u0438\u0437\u0432\u043e\u0434\/heracles-h280t\/","title":{"rendered":"Heracles H280T"},"content":{"rendered":"<div class=\"inner-content-wrap\">\n<p><strong>Predstavljamo H280T teleskopski utovariva\u010d: Redefinisanje dometa i raznovrsnosti.<\/strong><\/p>\n\n\n\n<p>Teleskopski utovariva\u010d H280T ozna\u010dava vrhunac inovacije u kompaktnoj ma\u0161ini. Sa svojim teleskopskim dizajnom i pro\u0161irenim dosegom od 3,5 m, nudi neuporedivu svestranost za raznoliku lepezu primena.<\/p>\n\n\n\n<p>Pokrenut robusnim 4-cilindri\u010dnim Yanmar motorom, H280T obezbe\u0111uje pouzdane performanse, bez napora ispunjavaju\u0107i zahteve razli\u010ditih zadataka. Njegova teleskopska funkcionalnost pove\u0107ava efikasnost i fleksibilnost na gradili\u0161tima, \u0161to ga \u010dini idealnim re\u0161enjem za slo\u017eene projekte.<\/p>\n\n\n\n<p>Sa prostranom kabinom opremljenom grejanjem, rukovaoci u\u017eivaju u izuzetnom komforu tokom du\u017eeg rada, bez obzira na vremenske uslove. Od utovara do podizanja, teleskopski utovariva\u010d H280T pru\u017ea neuporedive performanse i preciznu kontrolu.<\/p>\n\n\n\n<p>Do\u017eivite vrhunac dosega i efikasnosti sa teleskopskim utovariva\u010dem H280T \u2013 va\u0161im pouzdanim saputnikom za savladavanje izazova sa lako\u0107om i precizno\u0161\u0107u.<\/p>\n<\/div>","protected":false},"excerpt":{"rendered":"<p>\u041f\u0440\u0435\u0434\u0441\u0442\u0430\u0432\u0459\u0430\u043c\u043e \u0442\u0435\u043b\u0435\u0441\u043a\u043e\u043f\u0441\u043a\u0438 \u0443\u0442\u043e\u0432\u0430\u0440\u0438\u0432\u0430\u0447 \u043d\u0430 \u0442\u043e\u0447\u043a\u043e\u0432\u0435 H280T: \u0420\u0435\u0434\u0435\u0444\u0438\u043d\u0438\u0441\u0430\u045a\u0435 \u0434\u043e\u043c\u0435\u0442\u0430 \u0438 \u0441\u0432\u0435\u0441\u0442\u0440\u0430\u043d\u043e\u0441\u0442\u0438. \u0422\u0435\u043b\u0435\u0441\u043a\u043e\u043f\u0441\u043a\u0438 \u0443\u0442\u043e\u0432\u0430\u0440\u0438\u0432\u0430\u0447 \u043d\u0430 \u0442\u043e\u0447\u043a\u043e\u0432\u0435 H280T \u043f\u0440\u0435\u0434\u0441\u0442\u0430\u0432\u0459\u0430 \u0432\u0440\u0445\u0443\u043d\u0430\u0446 \u0438\u043d\u043e\u0432\u0430\u0446\u0438\u0458\u0435 \u0443 \u043a\u043e\u043c\u043f\u0430\u043a\u0442\u043d\u0438\u043c \u043c\u0430\u0448\u0438\u043d\u0430\u043c\u0430. \u0421\u0430 \u0441\u0432\u043e\u0458\u0438\u043c \u0442\u0435\u043b\u0435\u0441\u043a\u043e\u043f\u0441\u043a\u0438\u043c \u0434\u0438\u0437\u0430\u0458\u043d\u043e\u043c \u0438 \u043f\u0440\u043e\u0434\u0443\u0436\u0435\u043d\u0438\u043c \u0434\u043e\u043c\u0435\u0442\u043e\u043c \u043e\u0434 3,5 \u043c, \u043d\u0443\u0434\u0438 \u043d\u0435\u0443\u043f\u043e\u0440\u0435\u0434\u0438\u0432\u0443 \u0441\u0432\u0435\u0441\u0442\u0440\u0430\u043d\u043e\u0441\u0442 \u0437\u0430 \u0448\u0438\u0440\u043e\u043a \u0441\u043f\u0435\u043a\u0442\u0430\u0440 \u043f\u0440\u0438\u043c\u0435\u043d\u0430. \u041f\u043e\u043a\u0440\u0435\u0442\u0430\u043d \u0440\u043e\u0431\u0443\u0441\u043d\u0438\u043c 4-\u0446\u0438\u043b\u0438\u043d\u0434\u0440\u0438\u0447\u043d\u0438\u043c \u0408\u0430\u043d\u043c\u0430\u0440 \u043c\u043e\u0442\u043e\u0440\u043e\u043c, H280T \u043e\u0431\u0435\u0437\u0431\u0435\u0452\u0443\u0458\u0435 \u043f\u043e\u0443\u0437\u0434\u0430\u043d\u0435 \u043f\u0435\u0440\u0444\u043e\u0440\u043c\u0430\u043d\u0441\u0435, \u0431\u0435\u0437 \u043d\u0430\u043f\u043e\u0440\u0430 [\u2026]<\/p>","protected":false},"featured_media":8878,"comment_status":"closed","ping_status":"closed","template":"","meta":{"_acf_changed":true},"product_cat":[89],"product_tag":[],"class_list":{"0":"post-8679","1":"product","2":"type-product","3":"status-publish","4":"has-post-thumbnail","6":"product_cat-telescopic-loaders","8":"first","9":"instock","10":"shipping-taxable","11":"product-type-simple"},"acf":[],"_links":{"self":[{"href":"https:\/\/heracles.eu\/sr\/wp-json\/wp\/v2\/product\/8679","targetHints":{"allow":["GET"]}}],"collection":[{"href":"https:\/\/heracles.eu\/sr\/wp-json\/wp\/v2\/product"}],"about":[{"href":"https:\/\/heracles.eu\/sr\/wp-json\/wp\/v2\/types\/product"}],"replies":[{"embeddable":true,"href":"https:\/\/heracles.eu\/sr\/wp-json\/wp\/v2\/comments?post=8679"}],"wp:featuredmedia":[{"embeddable":true,"href":"https:\/\/heracles.eu\/sr\/wp-json\/wp\/v2\/media\/8878"}],"wp:attachment":[{"href":"https:\/\/heracles.eu\/sr\/wp-json\/wp\/v2\/media?parent=8679"}],"wp:term":[{"taxonomy":"product_cat","embeddable":true,"href":"https:\/\/heracles.eu\/sr\/wp-json\/wp\/v2\/product_cat?post=8679"},{"taxonomy":"product_tag","embeddable":true,"href":"https:\/\/heracles.eu\/sr\/wp-json\/wp\/v2\/product_tag?post=8679"}],"curies":[{"name":"wp","href":"https:\/\/api.w.org\/{rel}","templated":true}]}}