{"id":8680,"date":"2024-01-28T16:53:14","date_gmt":"2024-01-28T16:53:14","guid":{"rendered":"https:\/\/heracles.se.185-133-206-116.bb.kringelstan.se\/?post_type=product&#038;p=8680"},"modified":"2024-07-07T08:18:31","modified_gmt":"2024-07-07T08:18:31","slug":"heracles-h580","status":"publish","type":"product","link":"https:\/\/heracles.eu\/sr\/\u043f\u0440\u043e\u0438\u0437\u0432\u043e\u0434\/heracles-h580\/","title":{"rendered":"Heracles H580"},"content":{"rendered":"<div class=\"inner-content-wrap\">\n<p><strong>Predstavljamo utovariva\u010d H580: Redefinisana snaga, preciznost i izdr\u017eljivost.<\/strong><\/p>\n\n\n\n<p>Sa svojom impresivnom snagom dizanja te\u017eine od 5800 kg i maksimalnom nosivo\u0161\u0107u od 3000 kg, utovariva\u010d H580 predstavlja svetionik snage i pouzdanosti u oblasti te\u0161ke ma\u0161inerije. Sada, sa integracijom najsavremenijeg hidrostati\u010dkog sistema, H580 obezbe\u0111uje izdr\u017eljiv sistem pogona koji mo\u017ee da izdr\u017ei strogost zahtevnih radnih okru\u017eenja.<\/p>\n\n\n\n<p>Dizajniran da se sa lako\u0107om nosi sa najte\u017eim zadacima, H580 se mo\u017ee pohvaliti snagom i efikasno\u0161\u0107u bez premca. Bilo da se radi o pomeranju zemlje, utovaru materijala ili rukovanju te\u0161kim teretom, ovaj utovariva\u010d pru\u017ea izuzetne performanse u \u0161irokom spektru primena.<\/p>\n\n\n\n<p>Opremljen naprednom hidrauli\u010dnom tehnologijom, H580 pru\u017ea preciznu kontrolu i nesmetan rad, omogu\u0107avaju\u0107i rukovaocima da manevri\u0161u sa samopouzdanjem i precizno\u0161\u0107u. Njegove intuitivne kontrole i ergonomski dizajn pobolj\u0161avaju udobnost rukovaoca, smanjuju\u0107i zamor tokom du\u017eih radnih perioda.<\/p>\n\n\n\n<p>Napravljen da izdr\u017ei najte\u017ee uslove, utovariva\u010d H580 je projektovan za dugove\u010dnost i pouzdanost. Njegova robusna konstrukcija i oja\u010dane komponente obezbe\u0111uju izdr\u017eljivost i dugove\u010dnost, obezbe\u0111uju\u0107i bezbri\u017enost i za operatere i za vlasnike.<\/p>\n\n\n\n<p>Iskusite slede\u0107i nivo produktivnosti i performansi sa utovariva\u010dem H580. Od gradili\u0161ta do industrijskih objekata, ova mo\u0107na ma\u0161ina je spremna da podigne va\u0161e poslovanje na nove visine.<\/p>\n<\/div>","protected":false},"excerpt":{"rendered":"<p>\u041f\u0440\u0435\u0434\u0441\u0442\u0430\u0432\u0459\u0430\u043c\u043e \u0443\u0442\u043e\u0432\u0430\u0440\u0438\u0432\u0430\u0447 \u043d\u0430 \u0442\u043e\u0447\u043a\u043e\u0432\u0438\u043c\u0430 \u0425580: \u0420\u0435\u0434\u0435\u0444\u0438\u043d\u0438\u0441\u0430\u043d\u0430 \u0441\u043d\u0430\u0433\u0430, \u043f\u0440\u0435\u0446\u0438\u0437\u043d\u043e\u0441\u0442 \u0438 \u0438\u0437\u0434\u0440\u0436\u0459\u0438\u0432\u043e\u0441\u0442. \u0421\u0430 \u0441\u0432\u043e\u0458\u043e\u043c \u0438\u043c\u043f\u0440\u0435\u0441\u0438\u0432\u043d\u043e\u043c \u0441\u043d\u0430\u0433\u043e\u043c \u0434\u0438\u0437\u0430\u045a\u0430 \u0442\u0435\u0436\u0438\u043d\u0435 \u043e\u0434 5800 \u043a\u0433 \u0438 \u043c\u0430\u043a\u0441\u0438\u043c\u0430\u043b\u043d\u043e\u043c \u043d\u043e\u0441\u0438\u0432\u043e\u0448\u045b\u0443 \u043e\u0434 3000 \u043a\u0433, \u0443\u0442\u043e\u0432\u0430\u0440\u0438\u0432\u0430\u0447 \u043d\u0430 \u0442\u043e\u0447\u043a\u043e\u0432\u0438\u043c\u0430 \u0425580 \u043f\u0440\u0435\u0434\u0441\u0442\u0430\u0432\u0459\u0430 \u0441\u0432\u0435\u0442\u0438\u043e\u043d\u0438\u043a \u0441\u043d\u0430\u0433\u0435 \u0438 \u043f\u043e\u0443\u0437\u0434\u0430\u043d\u043e\u0441\u0442\u0438 \u0443 \u043e\u0431\u043b\u0430\u0441\u0442\u0438 \u0442\u0435\u0448\u043a\u0435 \u043c\u0430\u0448\u0438\u043d\u0435\u0440\u0438\u0458\u0435. \u0421\u0430\u0434\u0430, \u0441\u0430 \u0438\u043d\u0442\u0435\u0433\u0440\u0430\u0446\u0438\u0458\u043e\u043c \u043d\u0430\u0458\u0441\u0430\u0432\u0440\u0435\u043c\u0435\u043d\u0438\u0458\u0435\u0433 \u0445\u0438\u0434\u0440\u043e\u0441\u0442\u0430\u0442\u0438\u0447\u043a\u043e\u0433 \u0441\u0438\u0441\u0442\u0435\u043c\u0430, \u0425580 \u043e\u0441\u0438\u0433\u0443\u0440\u0430\u0432\u0430 [\u2026]<\/p>","protected":false},"featured_media":8716,"comment_status":"closed","ping_status":"closed","template":"","meta":{"_acf_changed":true},"product_cat":[87],"product_tag":[],"class_list":{"0":"post-8680","1":"product","2":"type-product","3":"status-publish","4":"has-post-thumbnail","6":"product_cat-wheel-loaders","8":"first","9":"instock","10":"shipping-taxable","11":"product-type-simple"},"acf":[],"_links":{"self":[{"href":"https:\/\/heracles.eu\/sr\/wp-json\/wp\/v2\/product\/8680","targetHints":{"allow":["GET"]}}],"collection":[{"href":"https:\/\/heracles.eu\/sr\/wp-json\/wp\/v2\/product"}],"about":[{"href":"https:\/\/heracles.eu\/sr\/wp-json\/wp\/v2\/types\/product"}],"replies":[{"embeddable":true,"href":"https:\/\/heracles.eu\/sr\/wp-json\/wp\/v2\/comments?post=8680"}],"wp:featuredmedia":[{"embeddable":true,"href":"https:\/\/heracles.eu\/sr\/wp-json\/wp\/v2\/media\/8716"}],"wp:attachment":[{"href":"https:\/\/heracles.eu\/sr\/wp-json\/wp\/v2\/media?parent=8680"}],"wp:term":[{"taxonomy":"product_cat","embeddable":true,"href":"https:\/\/heracles.eu\/sr\/wp-json\/wp\/v2\/product_cat?post=8680"},{"taxonomy":"product_tag","embeddable":true,"href":"https:\/\/heracles.eu\/sr\/wp-json\/wp\/v2\/product_tag?post=8680"}],"curies":[{"name":"wp","href":"https:\/\/api.w.org\/{rel}","templated":true}]}}