{"id":8681,"date":"2024-01-28T16:53:51","date_gmt":"2024-01-28T16:53:51","guid":{"rendered":"https:\/\/heracles.se.185-133-206-116.bb.kringelstan.se\/?post_type=product&#038;p=8681"},"modified":"2024-07-19T13:19:47","modified_gmt":"2024-07-19T13:19:47","slug":"heracles-h580t","status":"publish","type":"product","link":"https:\/\/heracles.eu\/sr\/\u043f\u0440\u043e\u0438\u0437\u0432\u043e\u0434\/heracles-h580t\/","title":{"rendered":"Heracles H580T"},"content":{"rendered":"<div class=\"inner-content-wrap\">\n<p class=\"has-medium-font-size\"><strong>Predstavljamo H580T teleskopski utovariva\u010d: neuporediv domet, snaga i izdr\u017eljivost.<\/strong><\/p>\n\n\n\n<p>Sa svojim izuzetnim teleskopskim dosegom od 4,7 metara, teleskopski utovariva\u010d H580T redefini\u0161e granice svestranosti i performansi u te\u0161kim ma\u0161inama. Sa snagom dizanja te\u017eine od 5800 kg i maksimalnom nosivo\u0161\u0107u od 3000 kg, ova mo\u0107na ma\u0161ina predstavlja simbol snage i pouzdanosti u industriji.<\/p>\n\n\n\n<p>Sada opremljen najsavremenijim hidrostati\u010dkim sistemom, H580T obezbe\u0111uje izdr\u017eljiv sistem pogona koji mo\u017ee da izdr\u017ei najte\u017ee izazove, pru\u017eaju\u0107i operaterima neuporedivu pouzdanost i bezbri\u017enost.<\/p>\n\n\n\n<p>Dizajniran da se isti\u010de u mno\u0161tvu aplikacija, H580T pru\u017ea izuzetnu snagu i preciznost. Od rukovanja materijalom do gra\u0111evinskih projekata, njegova teleskopska funkcionalnost omogu\u0107ava besprekoran domet i pobolj\u0161anu efikasnost, \u0161to ga \u010dini vrhunskim re\u0161enjem za slo\u017eena gradili\u0161ta.<\/p>\n\n\n\n<p>Uz naprednu hidrauli\u010dku tehnologiju, H580T pru\u017ea preciznu kontrolu i nesmetan rad, daju\u0107i operaterima snagu da se kre\u0107u sa samopouzdanjem i precizno\u0161\u0107u. Njegov ergonomski dizajn i intuitivne kontrole daju prednost udobnosti rukovaoca, minimiziraju\u0107i zamor tokom du\u017eih radnih perioda.<\/p>\n\n\n\n<p>Napravljen da izdr\u017ei najzahtevnije uslove, teleskopski utovariva\u010d H580T je konstruisan imaju\u0107i na umu izdr\u017eljivost i dugove\u010dnost. Oja\u010dane komponente i robusna konstrukcija obezbe\u0111uju pouzdanost bez premca, omogu\u0107avaju\u0107i rukovaocima da se bave bilo kojim zadatkom sa samopouzdanjem.<\/p>\n\n\n\n<p>Do\u017eivite vrhunac produktivnosti i performansi sa teleskopskim utovariva\u010dem H580T. Od gradili\u0161ta do poljoprivrednih okru\u017eenja, ova svestrana ma\u0161ina je spremna da podigne va\u0161e operacije na nove visine, redefini\u0161u\u0107i ono \u0161to je mogu\u0107e u svetu te\u0161ke ma\u0161inerije.<\/p>\n<\/div>","protected":false},"excerpt":{"rendered":"<p>\u041f\u0440\u0435\u0434\u0441\u0442\u0430\u0432\u0459\u0430\u043c\u043e \u0425580\u0422 \u0442\u0435\u043b\u0435\u0441\u043a\u043e\u043f\u0441\u043a\u0438 \u0443\u0442\u043e\u0432\u0430\u0440\u0438\u0432\u0430\u0447 \u043d\u0430 \u0442\u043e\u0447\u043a\u043e\u0432\u0438\u043c\u0430: \u043d\u0435\u0443\u043f\u043e\u0440\u0435\u0434\u0438\u0432 \u0434\u043e\u043c\u0435\u0442, \u0441\u043d\u0430\u0433\u0430 \u0438 \u0438\u0437\u0434\u0440\u0436\u0459\u0438\u0432\u043e\u0441\u0442. \u0421\u0430 \u0441\u0432\u043e\u0458\u0438\u043c \u0438\u0437\u0443\u0437\u0435\u0442\u043d\u0438\u043c \u0442\u0435\u043b\u0435\u0441\u043a\u043e\u043f\u0441\u043a\u0438\u043c \u0434\u043e\u0441\u0435\u0433\u043e\u043c \u043e\u0434 4,7 \u043c\u0435\u0442\u0430\u0440\u0430, \u0442\u0435\u043b\u0435\u0441\u043a\u043e\u043f\u0441\u043a\u0438 \u0443\u0442\u043e\u0432\u0430\u0440\u0438\u0432\u0430\u0447 \u043d\u0430 \u0442\u043e\u0447\u043a\u043e\u0432\u0438\u043c\u0430 \u0425580\u0422 \u0440\u0435\u0434\u0435\u0444\u0438\u043d\u0438\u0448\u0435 \u0433\u0440\u0430\u043d\u0438\u0446\u0435 \u0441\u0432\u0435\u0441\u0442\u0440\u0430\u043d\u043e\u0441\u0442\u0438 \u0438 \u043f\u0435\u0440\u0444\u043e\u0440\u043c\u0430\u043d\u0441\u0438 \u0443 \u0442\u0435\u0448\u043a\u0438\u043c \u043c\u0430\u0448\u0438\u043d\u0430\u043c\u0430. \u0421\u0430 \u0441\u043d\u0430\u0433\u043e\u043c \u0434\u0438\u0437\u0430\u045a\u0430 \u0442\u0435\u0436\u0438\u043d\u0435 \u043e\u0434 5800 \u043a\u0433 \u0438 \u043c\u0430\u043a\u0441\u0438\u043c\u0430\u043b\u043d\u043e\u043c \u043d\u043e\u0441\u0438\u0432\u043e\u0448\u045b\u0443 \u043e\u0434 3000 \u043a\u0433, \u043e\u0432\u0430 \u043c\u043e\u045b\u043d\u0430 \u043c\u0430\u0448\u0438\u043d\u0430 \u043f\u0440\u0435\u0434\u0441\u0442\u0430\u0432\u0459\u0430 \u0441\u0438\u043c\u0431\u043e\u043b \u0441\u043d\u0430\u0433\u0435 [\u2026]<\/p>","protected":false},"featured_media":8714,"comment_status":"closed","ping_status":"closed","template":"","meta":{"_acf_changed":true},"product_cat":[89],"product_tag":[],"class_list":{"0":"post-8681","1":"product","2":"type-product","3":"status-publish","4":"has-post-thumbnail","6":"product_cat-telescopic-loaders","8":"first","9":"instock","10":"shipping-taxable","11":"product-type-simple"},"acf":[],"_links":{"self":[{"href":"https:\/\/heracles.eu\/sr\/wp-json\/wp\/v2\/product\/8681","targetHints":{"allow":["GET"]}}],"collection":[{"href":"https:\/\/heracles.eu\/sr\/wp-json\/wp\/v2\/product"}],"about":[{"href":"https:\/\/heracles.eu\/sr\/wp-json\/wp\/v2\/types\/product"}],"replies":[{"embeddable":true,"href":"https:\/\/heracles.eu\/sr\/wp-json\/wp\/v2\/comments?post=8681"}],"wp:featuredmedia":[{"embeddable":true,"href":"https:\/\/heracles.eu\/sr\/wp-json\/wp\/v2\/media\/8714"}],"wp:attachment":[{"href":"https:\/\/heracles.eu\/sr\/wp-json\/wp\/v2\/media?parent=8681"}],"wp:term":[{"taxonomy":"product_cat","embeddable":true,"href":"https:\/\/heracles.eu\/sr\/wp-json\/wp\/v2\/product_cat?post=8681"},{"taxonomy":"product_tag","embeddable":true,"href":"https:\/\/heracles.eu\/sr\/wp-json\/wp\/v2\/product_tag?post=8681"}],"curies":[{"name":"wp","href":"https:\/\/api.w.org\/{rel}","templated":true}]}}