{"id":8496,"date":"2024-01-15T14:11:32","date_gmt":"2024-01-15T14:11:32","guid":{"rendered":"https:\/\/heracles.se.185-133-206-116.bb.kringelstan.se\/?post_type=product&#038;p=8496"},"modified":"2024-07-01T14:11:24","modified_gmt":"2024-07-01T14:11:24","slug":"heracles-h130","status":"publish","type":"product","link":"https:\/\/heracles.eu\/sv\/produkt\/heracles-h130\/","title":{"rendered":"Heracles H130"},"content":{"rendered":"<div class=\"inner-content-wrap\">\n<h5 class=\"wp-block-heading has-medium-font-size\">Precision i tr\u00e5nga utrymmen, Effektivitet i jordbruket.<\/h5>\n\n\n\n<p>Vi presenterar v\u00e5r lilla 3WD-lastare: Den ultimata l\u00f6sningen f\u00f6r kompakta utrymmen. Den h\u00e4r smidiga maskinen \u00e4r perfekt f\u00f6r h\u00e4st\u00e4gare som sk\u00f6ter stallar eller kofarmare och man\u00f6vrerar utan problem i tr\u00e5nga utrymmen. <\/p>\n\n\n\n<p>Den \u00e4r utrustad med en hydrostatisk transmission och en kraftfull Rato-motor som \u00e4r k\u00e4nd f\u00f6r sin styrka och funktionalitet, och \u00e4r en dr\u00f6mmaskin f\u00f6r effektivt stallarbete och g\u00e5rdsarbete. <\/p>\n\n\n\n<p>Med sitt Avant snabbf\u00e4ste \u00e4r den kompatibel med \u00f6ver 200 redskap, inklusive sn\u00f6blad, gr\u00e4sklippare, sopmaskiner, h\u00f6gafflar, gafflar, sn\u00f6slungor, gripskopor med mera, vilket g\u00f6r den m\u00e5ngsidig f\u00f6r olika uppgifter. <\/p>\n\n\n\n<p>Den v\u00e4ger bara 500 kg och \u00e4r l\u00e4tt att lasta p\u00e5 sl\u00e4pvagnar, vilket ger bekv\u00e4mlighet och m\u00e5ngsidighet vid transporter.<\/p>\n<\/div>","protected":false},"excerpt":{"rendered":"<p>Precision i tr\u00e5nga utrymmen, effektivitet i jordbruket. Vi presenterar v\u00e5r lilla 3WD-lastare: Den ultimata l\u00f6sningen f\u00f6r kompakta utrymmen. Den h\u00e4r smidiga maskinen \u00e4r perfekt f\u00f6r h\u00e4st\u00e4gare som sk\u00f6ter stallar eller djuruppf\u00f6dare och man\u00f6vrerar utan problem i tr\u00e5nga utrymmen. Utrustad med en hydrostatisk transmission och en kraftfull Rato-motor som \u00e4r k\u00e4nd f\u00f6r sin styrka och funktionalitet, \u00e4r det en dr\u00f6mmaskin [...]<\/p>","protected":false},"featured_media":8497,"comment_status":"closed","ping_status":"closed","template":"","meta":{"_acf_changed":true},"product_cat":[87],"product_tag":[],"class_list":{"0":"post-8496","1":"product","2":"type-product","3":"status-publish","4":"has-post-thumbnail","6":"product_cat-wheel-loaders","8":"first","9":"instock","10":"shipping-taxable","11":"product-type-simple"},"acf":[],"_links":{"self":[{"href":"https:\/\/heracles.eu\/sv\/wp-json\/wp\/v2\/product\/8496","targetHints":{"allow":["GET"]}}],"collection":[{"href":"https:\/\/heracles.eu\/sv\/wp-json\/wp\/v2\/product"}],"about":[{"href":"https:\/\/heracles.eu\/sv\/wp-json\/wp\/v2\/types\/product"}],"replies":[{"embeddable":true,"href":"https:\/\/heracles.eu\/sv\/wp-json\/wp\/v2\/comments?post=8496"}],"wp:featuredmedia":[{"embeddable":true,"href":"https:\/\/heracles.eu\/sv\/wp-json\/wp\/v2\/media\/8497"}],"wp:attachment":[{"href":"https:\/\/heracles.eu\/sv\/wp-json\/wp\/v2\/media?parent=8496"}],"wp:term":[{"taxonomy":"product_cat","embeddable":true,"href":"https:\/\/heracles.eu\/sv\/wp-json\/wp\/v2\/product_cat?post=8496"},{"taxonomy":"product_tag","embeddable":true,"href":"https:\/\/heracles.eu\/sv\/wp-json\/wp\/v2\/product_tag?post=8496"}],"curies":[{"name":"wp","href":"https:\/\/api.w.org\/{rel}","templated":true}]}}