{"id":8640,"date":"2024-01-28T15:25:04","date_gmt":"2024-01-28T15:25:04","guid":{"rendered":"https:\/\/heracles.se.185-133-206-116.bb.kringelstan.se\/?post_type=product&#038;p=8640"},"modified":"2024-07-06T11:18:46","modified_gmt":"2024-07-06T11:18:46","slug":"heracles-h130e","status":"publish","type":"product","link":"https:\/\/heracles.eu\/sv\/produkt\/heracles-h130e\/","title":{"rendered":"Heracles H130E"},"content":{"rendered":"<div class=\"inner-content-wrap\">\n<h5 class=\"wp-block-heading has-medium-font-size\">Precision i tr\u00e5nga utrymmen, Effektivitet i jordbruket.<\/h5>\n\n\n\n<p>Vi presenterar v\u00e5r lilla elektriska lastare med 3WD: Den milj\u00f6v\u00e4nliga l\u00f6sningen f\u00f6r lantbrukare. Den h\u00e4r tysta maskinen \u00e4r idealisk f\u00f6r h\u00e4st\u00e4gare som sk\u00f6ter stallar eller djuruppf\u00f6dare och navigerar enkelt i tr\u00e5nga utrymmen.<\/p>\n\n\n\n<p>Med en elmotor och avancerad teknik s\u00e4kerst\u00e4ller den tyst drift samtidigt som den bibeh\u00e5ller kraften f\u00f6r effektivt arbete i stallet och p\u00e5 g\u00e5rden.<\/p>\n\n\n\n<p>Med sitt Avant-snabbf\u00e4ste st\u00f6der den \u00f6ver 200 tillbeh\u00f6r, inklusive sn\u00f6blad, gr\u00e4sklippare, sopmaskiner, h\u00f6gafflar och mycket mer, vilket ger m\u00e5ngsidighet f\u00f6r olika uppgifter.<\/p>\n\n\n\n<p>Med en vikt p\u00e5 bara 500 kg \u00e4r den l\u00e4tt att lasta p\u00e5 sl\u00e4pvagnar, vilket ger bekv\u00e4mlighet och anpassningsbarhet f\u00f6r transporter.<\/p>\n<\/div>","protected":false},"excerpt":{"rendered":"<p>Precision i tr\u00e5nga utrymmen, effektivitet i jordbruket. Vi presenterar v\u00e5r lilla elektriska lastare med 3WD: Den milj\u00f6v\u00e4nliga l\u00f6sningen f\u00f6r lantbrukare. Den h\u00e4r tysta maskinen \u00e4r idealisk f\u00f6r h\u00e4st\u00e4gare som sk\u00f6ter stall eller f\u00f6r djuruppf\u00f6dare och navigerar enkelt i tr\u00e5nga utrymmen. Med en elmotor och avancerad teknik s\u00e4kerst\u00e4ller den tyst drift samtidigt som den bibeh\u00e5ller kraften f\u00f6r effektivt stallarbete och lantbrukssysslor. [...]<\/p>","protected":false},"featured_media":8497,"comment_status":"closed","ping_status":"closed","template":"","meta":{"_acf_changed":true},"product_cat":[88],"product_tag":[],"class_list":{"0":"post-8640","1":"product","2":"type-product","3":"status-publish","4":"has-post-thumbnail","6":"product_cat-electrical-wheel-loaders","8":"first","9":"instock","10":"shipping-taxable","11":"product-type-simple"},"acf":[],"_links":{"self":[{"href":"https:\/\/heracles.eu\/sv\/wp-json\/wp\/v2\/product\/8640","targetHints":{"allow":["GET"]}}],"collection":[{"href":"https:\/\/heracles.eu\/sv\/wp-json\/wp\/v2\/product"}],"about":[{"href":"https:\/\/heracles.eu\/sv\/wp-json\/wp\/v2\/types\/product"}],"replies":[{"embeddable":true,"href":"https:\/\/heracles.eu\/sv\/wp-json\/wp\/v2\/comments?post=8640"}],"wp:featuredmedia":[{"embeddable":true,"href":"https:\/\/heracles.eu\/sv\/wp-json\/wp\/v2\/media\/8497"}],"wp:attachment":[{"href":"https:\/\/heracles.eu\/sv\/wp-json\/wp\/v2\/media?parent=8640"}],"wp:term":[{"taxonomy":"product_cat","embeddable":true,"href":"https:\/\/heracles.eu\/sv\/wp-json\/wp\/v2\/product_cat?post=8640"},{"taxonomy":"product_tag","embeddable":true,"href":"https:\/\/heracles.eu\/sv\/wp-json\/wp\/v2\/product_tag?post=8640"}],"curies":[{"name":"wp","href":"https:\/\/api.w.org\/{rel}","templated":true}]}}