{"id":8649,"date":"2024-01-28T15:47:59","date_gmt":"2024-01-28T15:47:59","guid":{"rendered":"https:\/\/heracles.se.185-133-206-116.bb.kringelstan.se\/?post_type=product&#038;p=8649"},"modified":"2024-07-12T13:56:52","modified_gmt":"2024-07-12T13:56:52","slug":"heracles-h190","status":"publish","type":"product","link":"https:\/\/heracles.eu\/sv\/produkt\/heracles-h190\/","title":{"rendered":"Herakles H190"},"content":{"rendered":"<div class=\"inner-content-wrap\">\n<h5 class=\"wp-block-heading has-medium-font-size\">Vi presenterar H190: V\u00e5r ultimata arbetsh\u00e4st.<\/h5>\n\n\n\n<p>H190 \u00e4r v\u00e5r flaggskeppsmodell och ett bevis p\u00e5 tillf\u00f6rlitlighet och kraft. Den h\u00e4r tunga lastaren, som enkelt kan hantera 1000 kg, \u00e4r konstruerad f\u00f6r de tuffaste utmaningarna. Med en vikt p\u00e5 2000 kg har den den perfekta balansen mellan styrka och smidighet, vilket garanterar stabilitet i olika milj\u00f6er.<\/p>\n\n\n\n<p>I hj\u00e4rtat av H190 finns en robust 3-cylindrig Yanmar-motor som \u00e4r k\u00e4nd f\u00f6r sin exceptionella h\u00e5llbarhet och livsl\u00e4ngd. Denna motor garanterar inte bara en formidabel kraft utan ocks\u00e5 en l\u00e5ng livsl\u00e4ngd med tillf\u00f6rlitlig prestanda, vilket s\u00e4kerst\u00e4ller att din investering st\u00e5r sig \u00f6ver tid.<\/p>\n\n\n\n<p>H190 \u00e4r byggd f\u00f6r att klara kr\u00e4vande f\u00f6rh\u00e5llanden och erbjuder o\u00f6vertr\u00e4ffad effektivitet och m\u00e5ngsidighet. Oavsett om det handlar om att lasta, lyfta eller transportera levererar denna arbetsh\u00e4st konsekventa resultat, dag ut och dag in.<\/p>\n\n\n\n<p>Med H190 vid din sida kan du ta dig an alla jobb med tillf\u00f6rsikt, eftersom du vet att du har en p\u00e5litlig partner som alltid \u00e4r redo f\u00f6r uppgiften. Upplev prestanda och tillf\u00f6rlitlighet i toppklass - upplev H190 idag.<\/p>\n<\/div>","protected":false},"excerpt":{"rendered":"<p>Vi presenterar H190: V\u00e5r ultimata arbetsh\u00e4st. H190 \u00e4r v\u00e5r flaggskeppsmodell och ett bevis p\u00e5 tillf\u00f6rlitlighet och kraft. Den h\u00e4r tunga lastaren klarar av att hantera 1000 kg med l\u00e4tthet och \u00e4r konstruerad f\u00f6r de tuffaste utmaningarna. Med en vikt p\u00e5 2000 kg har den den perfekta balansen mellan styrka och smidighet, vilket garanterar stabilitet i olika milj\u00f6er. Vid [...]<\/p>","protected":false},"featured_media":8654,"comment_status":"closed","ping_status":"closed","template":"","meta":{"_acf_changed":true},"product_cat":[87],"product_tag":[],"class_list":{"0":"post-8649","1":"product","2":"type-product","3":"status-publish","4":"has-post-thumbnail","6":"product_cat-wheel-loaders","8":"first","9":"instock","10":"shipping-taxable","11":"product-type-simple"},"acf":[],"_links":{"self":[{"href":"https:\/\/heracles.eu\/sv\/wp-json\/wp\/v2\/product\/8649","targetHints":{"allow":["GET"]}}],"collection":[{"href":"https:\/\/heracles.eu\/sv\/wp-json\/wp\/v2\/product"}],"about":[{"href":"https:\/\/heracles.eu\/sv\/wp-json\/wp\/v2\/types\/product"}],"replies":[{"embeddable":true,"href":"https:\/\/heracles.eu\/sv\/wp-json\/wp\/v2\/comments?post=8649"}],"wp:featuredmedia":[{"embeddable":true,"href":"https:\/\/heracles.eu\/sv\/wp-json\/wp\/v2\/media\/8654"}],"wp:attachment":[{"href":"https:\/\/heracles.eu\/sv\/wp-json\/wp\/v2\/media?parent=8649"}],"wp:term":[{"taxonomy":"product_cat","embeddable":true,"href":"https:\/\/heracles.eu\/sv\/wp-json\/wp\/v2\/product_cat?post=8649"},{"taxonomy":"product_tag","embeddable":true,"href":"https:\/\/heracles.eu\/sv\/wp-json\/wp\/v2\/product_tag?post=8649"}],"curies":[{"name":"wp","href":"https:\/\/api.w.org\/{rel}","templated":true}]}}