{"id":8659,"date":"2024-01-28T16:10:27","date_gmt":"2024-01-28T16:10:27","guid":{"rendered":"https:\/\/heracles.se.185-133-206-116.bb.kringelstan.se\/?post_type=product&#038;p=8659"},"modified":"2025-12-26T09:19:30","modified_gmt":"2025-12-26T09:19:30","slug":"heracles-h190t","status":"publish","type":"product","link":"https:\/\/heracles.eu\/sv\/produkt\/heracles-h190t\/","title":{"rendered":"Herakles H190T"},"content":{"rendered":"<div class=\"inner-content-wrap\">\n<h5 class=\"wp-block-heading has-medium-font-size\">Vi presenterar teleskoplastaren H190T: O\u00f6vertr\u00e4ffad kraft, f\u00f6rh\u00f6jd r\u00e4ckvidd.<\/h5>\n\n\n\n<p>Teleskoplastaren H190T \u00e4r den fr\u00e4msta modellen i sin klass n\u00e4r det g\u00e4ller m\u00e5ngsidighet och prestanda. Den kan lyfta s\u00e5 h\u00f6gt som 3,5 meter och omdefinierar standarder med sin exceptionella r\u00e4ckvidd och effektivitet.<\/p>\n\n\n\n<p>Designed to handle 1200kg effortlessly, this heavy-duty telescopic loader retains the robustness and reliability that our customers rely on. With a weight of 2200kg, it maintains the perfect balance between strength and maneuverability, ensuring stability and agility on any job site.<\/p>\n\n\n\n<p>H190T teleskoplastare drivs av en 3-cylindrig Yanmar-motor, k\u00e4nd f\u00f6r sin h\u00e5llbarhet och l\u00e5nga livsl\u00e4ngd, och garanterar exceptionell kraft och uth\u00e5llighet, vilket garanterar j\u00e4mn prestanda under hela dess livsl\u00e4ngd.<\/p>\n\n\n\n<p>Oavsett om det handlar om att lasta, lyfta eller transportera levererar teleskoplastaren H190T o\u00f6vertr\u00e4ffad m\u00e5ngsidighet och effektivitet, vilket g\u00f6r den till den ultimata l\u00f6sningen f\u00f6r ett brett spektrum av applikationer.<\/p>\n\n\n\n<p>Upplev prestanda och r\u00e4ckvidd i toppklass med teleskoplastaren H190T - din p\u00e5litliga partner f\u00f6r \u00f6kad produktivitet och framg\u00e5ng.<\/p>\n<\/div>","protected":false},"excerpt":{"rendered":"<p>Vi presenterar teleskoplastaren H190T: O\u00f6vertr\u00e4ffad kraft, f\u00f6rh\u00f6jd r\u00e4ckvidd. Teleskoplastaren H190T \u00e4r h\u00f6jdpunkten i sin klass n\u00e4r det g\u00e4ller m\u00e5ngsidighet och prestanda. Den kan lyfta s\u00e5 h\u00f6gt som 3,5 meter och omdefinierar standarder med sin exceptionella r\u00e4ckvidd och effektivitet. Den h\u00e4r tunga teleskoplastaren \u00e4r konstruerad f\u00f6r att hantera 1200 kg utan anstr\u00e4ngning och har bibeh\u00e5llit robustheten och tillf\u00f6rlitligheten [...].<\/p>","protected":false},"featured_media":8666,"comment_status":"closed","ping_status":"closed","template":"","meta":{"_acf_changed":true},"product_cat":[89],"product_tag":[],"class_list":{"0":"post-8659","1":"product","2":"type-product","3":"status-publish","4":"has-post-thumbnail","6":"product_cat-telescopic-loaders","8":"first","9":"instock","10":"shipping-taxable","11":"product-type-simple"},"acf":[],"_links":{"self":[{"href":"https:\/\/heracles.eu\/sv\/wp-json\/wp\/v2\/product\/8659","targetHints":{"allow":["GET"]}}],"collection":[{"href":"https:\/\/heracles.eu\/sv\/wp-json\/wp\/v2\/product"}],"about":[{"href":"https:\/\/heracles.eu\/sv\/wp-json\/wp\/v2\/types\/product"}],"replies":[{"embeddable":true,"href":"https:\/\/heracles.eu\/sv\/wp-json\/wp\/v2\/comments?post=8659"}],"wp:featuredmedia":[{"embeddable":true,"href":"https:\/\/heracles.eu\/sv\/wp-json\/wp\/v2\/media\/8666"}],"wp:attachment":[{"href":"https:\/\/heracles.eu\/sv\/wp-json\/wp\/v2\/media?parent=8659"}],"wp:term":[{"taxonomy":"product_cat","embeddable":true,"href":"https:\/\/heracles.eu\/sv\/wp-json\/wp\/v2\/product_cat?post=8659"},{"taxonomy":"product_tag","embeddable":true,"href":"https:\/\/heracles.eu\/sv\/wp-json\/wp\/v2\/product_tag?post=8659"}],"curies":[{"name":"wp","href":"https:\/\/api.w.org\/{rel}","templated":true}]}}