{"id":8667,"date":"2024-01-28T16:26:14","date_gmt":"2024-01-28T16:26:14","guid":{"rendered":"https:\/\/heracles.se.185-133-206-116.bb.kringelstan.se\/?post_type=product&#038;p=8667"},"modified":"2024-07-09T07:54:29","modified_gmt":"2024-07-09T07:54:29","slug":"heracles-h220","status":"publish","type":"product","link":"https:\/\/heracles.eu\/sv\/produkt\/heracles-h220\/","title":{"rendered":"Heracles H220"},"content":{"rendered":"<div class=\"inner-content-wrap\">\n<h5 class=\"wp-block-heading has-medium-font-size\"><br>Kompakt hjullastare: O\u00f6vertr\u00e4ffad m\u00e5ngsidighet och komfort.<\/h5>\n\n\n\n<p>Den kompakta hjullastaren H220 omdefinierar effektivitet och komfort i sin klass. Utrustad med en kraftfull 4-cylindrig Yanmar-motor ger den h\u00e4r maskinen robust prestanda f\u00f6r allroundanv\u00e4ndning och hanterar olika uppgifter med l\u00e4tthet.<\/p>\n\n\n\n<p>H220 har en rymlig hytt med v\u00e4rme och ger f\u00f6raren o\u00f6vertr\u00e4ffad komfort, vilket m\u00f6jligg\u00f6r l\u00e5ngvarigt arbete i alla v\u00e4derf\u00f6rh\u00e5llanden. Oavsett om det handlar om att lasta, lyfta eller transportera material ger denna hjullastare \u00f6verl\u00e4gsen komfort och kontroll.<\/p>\n\n\n\n<p>Med sin kompakta design och kraftfulla prestanda \u00e4r H220 perfekt f\u00f6r olika till\u00e4mpningar inom bygg, landskap, jordbruk och mycket mer. Upplev den perfekta blandningen av m\u00e5ngsidighet och komfort med den kompakta hjullastaren H220 - din ultimata l\u00f6sning f\u00f6r alla utmaningar p\u00e5 arbetsplatsen.<\/p>\n<\/div>","protected":false},"excerpt":{"rendered":"<p>Kompakt hjullastare: O\u00f6vertr\u00e4ffad m\u00e5ngsidighet och komfort. Den kompakta hjullastaren H220 omdefinierar effektivitet och komfort i sin klass. Utrustad med en kraftfull 4-cylindrig Yanmar-motor ger den h\u00e4r maskinen robust prestanda f\u00f6r allroundanv\u00e4ndning och hanterar olika uppgifter med l\u00e4tthet. H220 har en rymlig hytt med v\u00e4rme och ger f\u00f6raren o\u00f6vertr\u00e4ffad komfort, vilket m\u00f6jligg\u00f6r l\u00e5ngvarigt arbete [...].<\/p>","protected":false},"featured_media":8672,"comment_status":"closed","ping_status":"closed","template":"","meta":{"_acf_changed":true},"product_cat":[87],"product_tag":[],"class_list":{"0":"post-8667","1":"product","2":"type-product","3":"status-publish","4":"has-post-thumbnail","6":"product_cat-wheel-loaders","8":"first","9":"instock","10":"shipping-taxable","11":"product-type-simple"},"acf":[],"_links":{"self":[{"href":"https:\/\/heracles.eu\/sv\/wp-json\/wp\/v2\/product\/8667","targetHints":{"allow":["GET"]}}],"collection":[{"href":"https:\/\/heracles.eu\/sv\/wp-json\/wp\/v2\/product"}],"about":[{"href":"https:\/\/heracles.eu\/sv\/wp-json\/wp\/v2\/types\/product"}],"replies":[{"embeddable":true,"href":"https:\/\/heracles.eu\/sv\/wp-json\/wp\/v2\/comments?post=8667"}],"wp:featuredmedia":[{"embeddable":true,"href":"https:\/\/heracles.eu\/sv\/wp-json\/wp\/v2\/media\/8672"}],"wp:attachment":[{"href":"https:\/\/heracles.eu\/sv\/wp-json\/wp\/v2\/media?parent=8667"}],"wp:term":[{"taxonomy":"product_cat","embeddable":true,"href":"https:\/\/heracles.eu\/sv\/wp-json\/wp\/v2\/product_cat?post=8667"},{"taxonomy":"product_tag","embeddable":true,"href":"https:\/\/heracles.eu\/sv\/wp-json\/wp\/v2\/product_tag?post=8667"}],"curies":[{"name":"wp","href":"https:\/\/api.w.org\/{rel}","templated":true}]}}