{"id":8674,"date":"2024-01-28T16:39:17","date_gmt":"2024-01-28T16:39:17","guid":{"rendered":"https:\/\/heracles.se.185-133-206-116.bb.kringelstan.se\/?post_type=product&#038;p=8674"},"modified":"2024-07-06T13:12:54","modified_gmt":"2024-07-06T13:12:54","slug":"heracles-h220t","status":"publish","type":"product","link":"https:\/\/heracles.eu\/sv\/produkt\/heracles-h220t\/","title":{"rendered":"Herakles H220T"},"content":{"rendered":"<div class=\"inner-content-wrap\">\n<h5 class=\"wp-block-heading has-medium-font-size\"><br>Vi presenterar den teleskopiska hjullastaren H220T: Omdefinierar r\u00e4ckvidd och m\u00e5ngsidighet.<\/h5>\n\n\n\n<p>Den teleskopiska hjullastaren H220T representerar h\u00f6jdpunkten av innovation inom kompakta maskiner. Med sin teleskopiska design och ut\u00f6kade r\u00e4ckvidd p\u00e5 3,5 m erbjuder den o\u00f6vertr\u00e4ffad m\u00e5ngsidighet f\u00f6r en m\u00e4ngd olika till\u00e4mpningar.<\/p>\n\n\n\n<p>H220T drivs av en robust 4-cylindrig Yanmar-motor och ger tillf\u00f6rlitliga prestanda som utan problem uppfyller kraven f\u00f6r olika arbetsuppgifter. Teleskopfunktionen \u00f6kar effektiviteten och flexibiliteten p\u00e5 arbetsplatserna och g\u00f6r den till den perfekta l\u00f6sningen f\u00f6r komplexa projekt.<\/p>\n\n\n\n<p>Den rymliga hytten \u00e4r utrustad med v\u00e4rme och ger f\u00f6raren enast\u00e5ende komfort under l\u00e5ngvariga arbeten, oavsett v\u00e4derf\u00f6rh\u00e5llanden. Fr\u00e5n lastning till lyft levererar den teleskopiska hjullastaren H220T o\u00f6vertr\u00e4ffad prestanda och exakt kontroll.<\/p>\n\n\n\n<p>Upplev den perfekta r\u00e4ckvidden och effektiviteten med den teleskopiska hjullastaren H220T - din p\u00e5litliga f\u00f6ljeslagare som tar sig an utmaningar med l\u00e4tthet och precision.<\/p>\n<\/div>","protected":false},"excerpt":{"rendered":"<p>Vi presenterar den teleskopiska hjullastaren H220T: Omdefinierar r\u00e4ckvidd och m\u00e5ngsidighet. Den teleskopiska hjullastaren H220T representerar h\u00f6jdpunkten av innovation inom kompakta maskiner. Med sin teleskopiska design och ut\u00f6kade r\u00e4ckvidd p\u00e5 3,5 m erbjuder den o\u00f6vertr\u00e4ffad m\u00e5ngsidighet f\u00f6r en m\u00e4ngd olika till\u00e4mpningar. H220T drivs av en robust 4-cylindrig Yanmar-motor och ger tillf\u00f6rlitlig prestanda, utan anstr\u00e4ngning [...]<\/p>","protected":false},"featured_media":8675,"comment_status":"closed","ping_status":"closed","template":"","meta":{"_acf_changed":true},"product_cat":[89],"product_tag":[],"class_list":{"0":"post-8674","1":"product","2":"type-product","3":"status-publish","4":"has-post-thumbnail","6":"product_cat-telescopic-loaders","8":"first","9":"instock","10":"shipping-taxable","11":"product-type-simple"},"acf":[],"_links":{"self":[{"href":"https:\/\/heracles.eu\/sv\/wp-json\/wp\/v2\/product\/8674","targetHints":{"allow":["GET"]}}],"collection":[{"href":"https:\/\/heracles.eu\/sv\/wp-json\/wp\/v2\/product"}],"about":[{"href":"https:\/\/heracles.eu\/sv\/wp-json\/wp\/v2\/types\/product"}],"replies":[{"embeddable":true,"href":"https:\/\/heracles.eu\/sv\/wp-json\/wp\/v2\/comments?post=8674"}],"wp:featuredmedia":[{"embeddable":true,"href":"https:\/\/heracles.eu\/sv\/wp-json\/wp\/v2\/media\/8675"}],"wp:attachment":[{"href":"https:\/\/heracles.eu\/sv\/wp-json\/wp\/v2\/media?parent=8674"}],"wp:term":[{"taxonomy":"product_cat","embeddable":true,"href":"https:\/\/heracles.eu\/sv\/wp-json\/wp\/v2\/product_cat?post=8674"},{"taxonomy":"product_tag","embeddable":true,"href":"https:\/\/heracles.eu\/sv\/wp-json\/wp\/v2\/product_tag?post=8674"}],"curies":[{"name":"wp","href":"https:\/\/api.w.org\/{rel}","templated":true}]}}