{"id":8677,"date":"2024-01-28T16:46:57","date_gmt":"2024-01-28T16:46:57","guid":{"rendered":"https:\/\/heracles.se.185-133-206-116.bb.kringelstan.se\/?post_type=product&#038;p=8677"},"modified":"2024-10-02T07:36:21","modified_gmt":"2024-10-02T07:36:21","slug":"heracles-h280","status":"publish","type":"product","link":"https:\/\/heracles.eu\/sv\/produkt\/heracles-h280\/","title":{"rendered":"Heracles H280"},"content":{"rendered":"<div class=\"inner-content-wrap\">\n<h5 class=\"wp-block-heading has-medium-font-size\"><br><strong>H280: Kompakt hjullastare: O\u00f6vertr\u00e4ffad m\u00e5ngsidighet och komfort<\/strong><\/h5>\n\n\n\n<p>Den kompakta hjullastaren H280 s\u00e4tter nya standarder f\u00f6r m\u00e5ngsidighet och komfort i sin klass. Den h\u00e4r maskinen drivs av en robust 4-cylindrig Yanmar-motor och garanterar exceptionella prestanda i ett brett spektrum av till\u00e4mpningar och hanterar enkelt olika uppgifter med precision och kraft.<\/p>\n\n\n\n<p>H280 \u00e4r utformad med f\u00f6rarkomforten i \u00e5tanke och har en rymlig hytt utrustad med v\u00e4rme, s\u00e5 att f\u00f6rarna kan h\u00e5lla sig bekv\u00e4ma och produktiva \u00e4ven under utmanande v\u00e4derf\u00f6rh\u00e5llanden. Oavsett om det handlar om att lasta, lyfta eller transportera material erbjuder denna hjullastare o\u00f6vertr\u00e4ffad komfort och kontroll, vilket f\u00f6rb\u00e4ttrar effektiviteten p\u00e5 varje arbetsplats.<\/p>\n\n\n\n<p>Med sin kompakta men kraftfulla design \u00e4r H280 den perfekta l\u00f6sningen f\u00f6r olika till\u00e4mpningar inom bygg- och anl\u00e4ggningsbranschen, landskapsarkitektur, jordbruk och mycket mer. Upplev den s\u00f6ml\u00f6sa blandningen av m\u00e5ngsidighet och komfort med den kompakta hjullastaren H280 - din ultimata f\u00f6ljeslagare som enkelt tar sig an alla utmaningar p\u00e5 arbetsplatsen.<\/p>\n<\/div>","protected":false},"excerpt":{"rendered":"<p>H280: Kompakt hjullastare: O\u00f6vertr\u00e4ffad m\u00e5ngsidighet och komfort Den kompakta hjullastaren H280 s\u00e4tter nya standarder f\u00f6r m\u00e5ngsidighet och komfort i sin klass. Den h\u00e4r maskinen drivs av en robust 4-cylindrig Yanmar-motor och garanterar exceptionell prestanda i ett brett spektrum av applikationer, och hanterar enkelt olika uppgifter med precision och kraft. Utformad med f\u00f6rarens komfort i \u00e5tanke, [...]<\/p>","protected":false},"featured_media":8726,"comment_status":"closed","ping_status":"closed","template":"","meta":{"_acf_changed":true},"product_cat":[87],"product_tag":[],"class_list":{"0":"post-8677","1":"product","2":"type-product","3":"status-publish","4":"has-post-thumbnail","6":"product_cat-wheel-loaders","8":"first","9":"instock","10":"shipping-taxable","11":"product-type-simple"},"acf":[],"_links":{"self":[{"href":"https:\/\/heracles.eu\/sv\/wp-json\/wp\/v2\/product\/8677","targetHints":{"allow":["GET"]}}],"collection":[{"href":"https:\/\/heracles.eu\/sv\/wp-json\/wp\/v2\/product"}],"about":[{"href":"https:\/\/heracles.eu\/sv\/wp-json\/wp\/v2\/types\/product"}],"replies":[{"embeddable":true,"href":"https:\/\/heracles.eu\/sv\/wp-json\/wp\/v2\/comments?post=8677"}],"wp:featuredmedia":[{"embeddable":true,"href":"https:\/\/heracles.eu\/sv\/wp-json\/wp\/v2\/media\/8726"}],"wp:attachment":[{"href":"https:\/\/heracles.eu\/sv\/wp-json\/wp\/v2\/media?parent=8677"}],"wp:term":[{"taxonomy":"product_cat","embeddable":true,"href":"https:\/\/heracles.eu\/sv\/wp-json\/wp\/v2\/product_cat?post=8677"},{"taxonomy":"product_tag","embeddable":true,"href":"https:\/\/heracles.eu\/sv\/wp-json\/wp\/v2\/product_tag?post=8677"}],"curies":[{"name":"wp","href":"https:\/\/api.w.org\/{rel}","templated":true}]}}