{"id":8678,"date":"2024-01-28T16:47:25","date_gmt":"2024-01-28T16:47:25","guid":{"rendered":"https:\/\/heracles.se.185-133-206-116.bb.kringelstan.se\/?post_type=product&#038;p=8678"},"modified":"2024-07-07T08:14:21","modified_gmt":"2024-07-07T08:14:21","slug":"heracles-h280e","status":"publish","type":"product","link":"https:\/\/heracles.eu\/sv\/produkt\/heracles-h280e\/","title":{"rendered":"Heracles H280E"},"content":{"rendered":"<div class=\"inner-content-wrap\">\n<h5 class=\"wp-block-heading\">Elektriska maskiner \u00e4r b\u00e4ttre, renare och skonsammare mot milj\u00f6n \u00e4n sina dieseldrivna motsvarigheter.<\/h5>\n\n\n\n<p>Detta beror p\u00e5 att de vanligtvis drivs med ett litiumjonbatteri som laddas med el, snarare \u00e4n en f\u00f6rbr\u00e4nningsmotor som drivs med fossila br\u00e4nslen. Inga avgaser produceras, vilket inneb\u00e4r att mindre farliga v\u00e4xthusgaser som koldioxid sl\u00e4pps ut i atmosf\u00e4ren fr\u00e5n maskinen.<\/p>\n\n\n\n<p>Dieseldrivna maskiner \u00e4r mycket mer h\u00f6gljudda \u00e4n sina elektriska alternativ. Detta beror p\u00e5 f\u00f6rbr\u00e4nningsprocessen, som kraftigt reducerar ljudet fr\u00e5n maskinen.<\/p>\n\n\n\n<p>En annan f\u00f6rdel med elektriska maskiner \u00e4r att de \u00e4r mer effektiva n\u00e4r det g\u00e4ller att anv\u00e4nda sin kraft j\u00e4mf\u00f6rt med en maskin som drivs med dieselbr\u00e4nsle. Cirka 70% av den kraft som produceras av batteriet n\u00e5r fram till maskinens hjul, j\u00e4mf\u00f6rt med endast 20% av den kraft som produceras av en dieseldriven motor.<\/p>\n<\/div>","protected":false},"excerpt":{"rendered":"<p>Elektriska maskiner \u00e4r b\u00e4ttre, renare och skonsammare mot milj\u00f6n \u00e4n sina dieseldrivna motsvarigheter. Detta beror p\u00e5 att de vanligtvis drivs med ett litiumjonbatteri som laddas med el, snarare \u00e4n en f\u00f6rbr\u00e4nningsmotor som drivs med fossila br\u00e4nslen. Inga avgaser produceras, vilket inneb\u00e4r att det finns mindre farliga v\u00e4xthusgaser som koldioxid som [...]].<\/p>","protected":false},"featured_media":8727,"comment_status":"closed","ping_status":"closed","template":"","meta":{"_acf_changed":true},"product_cat":[88],"product_tag":[],"class_list":{"0":"post-8678","1":"product","2":"type-product","3":"status-publish","4":"has-post-thumbnail","6":"product_cat-electrical-wheel-loaders","8":"first","9":"instock","10":"shipping-taxable","11":"product-type-simple"},"acf":[],"_links":{"self":[{"href":"https:\/\/heracles.eu\/sv\/wp-json\/wp\/v2\/product\/8678","targetHints":{"allow":["GET"]}}],"collection":[{"href":"https:\/\/heracles.eu\/sv\/wp-json\/wp\/v2\/product"}],"about":[{"href":"https:\/\/heracles.eu\/sv\/wp-json\/wp\/v2\/types\/product"}],"replies":[{"embeddable":true,"href":"https:\/\/heracles.eu\/sv\/wp-json\/wp\/v2\/comments?post=8678"}],"wp:featuredmedia":[{"embeddable":true,"href":"https:\/\/heracles.eu\/sv\/wp-json\/wp\/v2\/media\/8727"}],"wp:attachment":[{"href":"https:\/\/heracles.eu\/sv\/wp-json\/wp\/v2\/media?parent=8678"}],"wp:term":[{"taxonomy":"product_cat","embeddable":true,"href":"https:\/\/heracles.eu\/sv\/wp-json\/wp\/v2\/product_cat?post=8678"},{"taxonomy":"product_tag","embeddable":true,"href":"https:\/\/heracles.eu\/sv\/wp-json\/wp\/v2\/product_tag?post=8678"}],"curies":[{"name":"wp","href":"https:\/\/api.w.org\/{rel}","templated":true}]}}