{"id":8681,"date":"2024-01-28T16:53:51","date_gmt":"2024-01-28T16:53:51","guid":{"rendered":"https:\/\/heracles.se.185-133-206-116.bb.kringelstan.se\/?post_type=product&#038;p=8681"},"modified":"2024-07-19T13:19:47","modified_gmt":"2024-07-19T13:19:47","slug":"heracles-h580t","status":"publish","type":"product","link":"https:\/\/heracles.eu\/sv\/produkt\/heracles-h580t\/","title":{"rendered":"Heracles H580T"},"content":{"rendered":"<div class=\"inner-content-wrap\">\n<p class=\"has-medium-font-size\"><strong>Vi presenterar den teleskopiska hjullastaren H580T: O\u00f6vertr\u00e4ffad r\u00e4ckvidd, kraft och h\u00e5llbarhet.<\/strong><\/p>\n\n\n\n<p>Med sin anm\u00e4rkningsv\u00e4rda teleskopiska r\u00e4ckvidd p\u00e5 4,7 meter omdefinierar den teleskopiska hjullastaren H580T gr\u00e4nserna f\u00f6r m\u00e5ngsidighet och prestanda i tunga maskiner. Med en lyftkraft p\u00e5 5800 kg och en maximal lastkapacitet p\u00e5 3000 kg st\u00e5r den h\u00e4r kraftfulla maskinen som en symbol f\u00f6r styrka och tillf\u00f6rlitlighet i branschen.<\/p>\n\n\n\n<p>H580T \u00e4r nu utrustad med ett toppmodernt hydrostatiskt system som garanterar ett h\u00e5llbart drivsystem som klarar de tuffaste utmaningarna och ger f\u00f6rarna o\u00f6vertr\u00e4ffad tillf\u00f6rlitlighet och sinnesfrid.<\/p>\n\n\n\n<p>H580T \u00e4r konstruerad f\u00f6r att utm\u00e4rka sig i en m\u00e4ngd olika till\u00e4mpningar och levererar exceptionell kraft och precision. Fr\u00e5n materialhantering till byggprojekt - teleskopfunktionen ger smidig r\u00e4ckvidd och \u00f6kad effektivitet, vilket g\u00f6r den till den ultimata l\u00f6sningen f\u00f6r komplexa arbetsplatser.<\/p>\n\n\n\n<p>H580T har avancerad hydraulteknik och ger exakt kontroll och smidig drift, vilket g\u00f6r att f\u00f6raren kan navigera med s\u00e4kerhet och precision. Den ergonomiska designen och de intuitiva reglagen prioriterar f\u00f6rarens komfort och minimerar tr\u00f6tthet under l\u00e5nga arbetsperioder.<\/p>\n\n\n\n<p>Den teleskopiska hjullastaren H580T \u00e4r byggd f\u00f6r att klara de mest kr\u00e4vande f\u00f6rh\u00e5llanden och \u00e4r konstruerad med h\u00e5llbarhet och l\u00e5ng livsl\u00e4ngd i \u00e5tanke. F\u00f6rst\u00e4rkta komponenter och robust konstruktion ger o\u00f6vertr\u00e4ffad tillf\u00f6rlitlighet, s\u00e5 att f\u00f6raren kan ta sig an alla uppgifter med tillf\u00f6rsikt.<\/p>\n\n\n\n<p>Upplev produktivitet och prestanda p\u00e5 toppniv\u00e5 med den teleskopiska hjullastaren H580T. Fr\u00e5n byggarbetsplatser till jordbruksmilj\u00f6er, denna m\u00e5ngsidiga maskin \u00e4r redo att lyfta din verksamhet till nya h\u00f6jder och omdefiniera vad som \u00e4r m\u00f6jligt i v\u00e4rlden av tunga maskiner.<\/p>\n<\/div>","protected":false},"excerpt":{"rendered":"<p>Vi presenterar den teleskopiska hjullastaren H580T: O\u00f6vertr\u00e4ffad r\u00e4ckvidd, kraft och h\u00e5llbarhet. Med sin anm\u00e4rkningsv\u00e4rda teleskopiska r\u00e4ckvidd p\u00e5 4,7 meter omdefinierar den teleskopiska hjullastaren H580T gr\u00e4nserna f\u00f6r m\u00e5ngsidighet och prestanda hos tunga maskiner. Med en lyftkraft p\u00e5 5800 kg och en maximal lastkapacitet p\u00e5 3000 kg st\u00e5r denna kraftfulla maskin som en symbol f\u00f6r styrka [...]<\/p>","protected":false},"featured_media":8714,"comment_status":"closed","ping_status":"closed","template":"","meta":{"_acf_changed":true},"product_cat":[89],"product_tag":[],"class_list":{"0":"post-8681","1":"product","2":"type-product","3":"status-publish","4":"has-post-thumbnail","6":"product_cat-telescopic-loaders","8":"first","9":"instock","10":"shipping-taxable","11":"product-type-simple"},"acf":[],"_links":{"self":[{"href":"https:\/\/heracles.eu\/sv\/wp-json\/wp\/v2\/product\/8681","targetHints":{"allow":["GET"]}}],"collection":[{"href":"https:\/\/heracles.eu\/sv\/wp-json\/wp\/v2\/product"}],"about":[{"href":"https:\/\/heracles.eu\/sv\/wp-json\/wp\/v2\/types\/product"}],"replies":[{"embeddable":true,"href":"https:\/\/heracles.eu\/sv\/wp-json\/wp\/v2\/comments?post=8681"}],"wp:featuredmedia":[{"embeddable":true,"href":"https:\/\/heracles.eu\/sv\/wp-json\/wp\/v2\/media\/8714"}],"wp:attachment":[{"href":"https:\/\/heracles.eu\/sv\/wp-json\/wp\/v2\/media?parent=8681"}],"wp:term":[{"taxonomy":"product_cat","embeddable":true,"href":"https:\/\/heracles.eu\/sv\/wp-json\/wp\/v2\/product_cat?post=8681"},{"taxonomy":"product_tag","embeddable":true,"href":"https:\/\/heracles.eu\/sv\/wp-json\/wp\/v2\/product_tag?post=8681"}],"curies":[{"name":"wp","href":"https:\/\/api.w.org\/{rel}","templated":true}]}}